{"id":6,"date":"2025-11-06T09:19:59","date_gmt":"2025-11-06T09:19:59","guid":{"rendered":"https:\/\/ebblo.musterpage.ch\/design\/index.php\/kontakt\/"},"modified":"2026-03-30T14:20:45","modified_gmt":"2026-03-30T12:20:45","slug":"kontakt","status":"publish","type":"page","link":"https:\/\/ebblo.com\/de\/kontakt\/","title":{"rendered":"Kontakt"},"content":{"rendered":"\n<section id=\"res-header-image-block_6a41201e9ee74d696142dff174912e15\" class=\"res-block res-header-image alignfull style-standard background: transparent mb-4\">\n  <div class=\"res-header-img-outside fadeIn duration1 \"  data-aos=\"res-fadeIn\">\n\t<div class=\"res-header-height \">\n\t\t\n\t\n\t  <style> \n\t\t  @media only screen and (min-width: 970px) {\n\t\t\t #res-header-image-block_6a41201e9ee74d696142dff174912e15.res-header-image .layout-1.header-img-height { height: 40vh;}  \n\t\t\t #res-header-image-block_6a41201e9ee74d696142dff174912e15.res-header-image .layout-1 .res-header-image-vertical-center { top: 66%;} \n\t\t\t  \t\t\t  \n\t\t\t\t\t\t  #res-header-image-block_6a41201e9ee74d696142dff174912e15.res-header-image .layout-1 .jarallax-img { object-position: 50% 45% !important;}\n\t\t\t \n          \t\t  }\n\n\n\t\t  @media only screen and (max-width: 970px) {\n\n                      #res-header-image-block_6a41201e9ee74d696142dff174912e15.res-header-image .layout-1.header-img-height { height: 45vh;}\n          \n                      #res-header-image-block_6a41201e9ee74d696142dff174912e15.res-header-image .layout-1.header-img-mobile { height: 45vh;}\n          \n\t\t\t\n            \n\t\t\t  #res-header-image-block_6a41201e9ee74d696142dff174912e15.res-header-image .layout-1 .res-header-image-vertical-center { top: 55%;}  \n\t\t\t  \t\t  }\n\t\t            \n                 #res-header-image-block_6a41201e9ee74d696142dff174912e15.res-header-image .layout-1 .header-img-bg-opacity {\n                     opacity: 1;\n                }\n           \n\t  <\/style>\n\n        <div class=\"layout-1 jarallax header-img-height header-img-desktop\"\n             data-speed=\"0.6\"\n             style=\"background-color: #000;\">\n\n\t\t\t        <div class=\"res-header-image-vertical-center\">\n            <div class=\"container-fluid\">\n\n\t\t\t\t                    <div class=\"sloganBox\">\n                        <div class=\"row\">\n                            <div class=\"col col-md-8 text-left\">\n                                <div class=\"slogan-txt \" data-aos=\"res-leftIncoming\">\n\n\t\t\t\t\t\t\t\t\t\n\t\t\t\t\t\t\t\t\t\n\t\t\t\t\t\t\t\t\t\n\t\t\t\t\t\t\t\t\t\n\t\t\t\t\t\t\t\t\t\n                                <\/div>\n                            <\/div>\n                        <\/div>\n                    <\/div>\n\t\t\t\t\n            <\/div>\n        <\/div>\n\t\t<img loading=\"lazy\" decoding=\"async\" width=\"1920\" height=\"1080\" src=\"https:\/\/ebblo.com\/wp-content\/uploads\/2025\/12\/header-13-1920x1080.jpg\" class=\"jarallax-img img-fluid header-img-bg-opacity\" alt=\"\" srcset=\"https:\/\/ebblo.com\/wp-content\/uploads\/2025\/12\/header-13-1920x1080.jpg 1920w, https:\/\/ebblo.com\/wp-content\/uploads\/2025\/12\/header-13-600x338.jpg 600w, https:\/\/ebblo.com\/wp-content\/uploads\/2025\/12\/header-13-1300x732.jpg 1300w, https:\/\/ebblo.com\/wp-content\/uploads\/2025\/12\/header-13-768x432.jpg 768w, https:\/\/ebblo.com\/wp-content\/uploads\/2025\/12\/header-13-1536x864.jpg 1536w, https:\/\/ebblo.com\/wp-content\/uploads\/2025\/12\/header-13-2048x1152.jpg 2048w\" sizes=\"auto, (max-width: 1920px) 100vw, 1920px\" \/>\n\t\t\t\n        <\/div>\n\n\t\t\n\n       \n\n\t\t<\/div>\n\t<\/div>\n<\/section>\n\n\n\n<div class=\"wp-block-columns alignwide is-layout-flex wp-container-core-columns-is-layout-9d6595d7 wp-block-columns-is-layout-flex\">\n<div class=\"wp-block-column is-layout-flow wp-block-column-is-layout-flow\" style=\"flex-basis:30%\">\n\n\n<section id=\"res-txt-block_fa43e2fb1ee3652312ddd89aa055357c\" class=\"res-block res-txt style-standard  p-no  Transparent\" style=\"background: transparent;\">\n  <div class=\"inner-container container-off \" data-aos=\"res-fadeIn\">\n \n\t\t  \n\t\t \t  \n      \n      <div class=\"layout-1 txt-section\">\n\t\t<div class=\"row\">\t\n\t\t\t\n\t\t\n\t\t\t<div class=\"col-md-10 var-1spalten \">\n\t\t\t\t\n\t\t\t\t<div class=\"txt-title-field\">\n\t\n\t\t\t\t\t\t\t\t   <h1 class=\"title-h1 \">Kontakt<\/h1>\n\t\t\t\t\t\n\t\t\n\t\t\t\t\n\t\t\t\t\t\n\t\t\t\t\t \n\t\t\t\t\t<\/div>\n\n\t\t\t\t\n                \n\t\t\t\t\t            <\/div>\n\t\t\t\t <\/div> \t\n\t\t<\/div>\n\t \n\t  \n \n \n\t<\/div>\n<\/section>\n\n<\/div>\n\n\n\n<div class=\"wp-block-column is-layout-flow wp-block-column-is-layout-flow\">\n\n\n<section id=\"res-txt-block_3b24133f1b39dde48cd5262335725f49\" class=\"res-block res-txt style-standard layout01 p-no  Transparent\" style=\"background: transparent;\">\n  <div class=\"inner-container container-off \" data-aos=\"res-fadeIn\">\n \n\t\t  \n\t\t \t  \n      \n      <div class=\"layout-1 txt-section\">\n\t\t<div class=\"row\">\t\n\t\t\t\n\t\t\n\t\t\t<div class=\"col-md-10 var-1spalten text-left\">\n\t\t\t\t\n\t\t\t\t<div class=\"txt-title-field\">\n\t\n\t\t\t\t\t\n\t\t\n\t\t\t\t\n\t\t\t\t\t\n\t\t\t\t\t \n\t\t\t\t\t<\/div>\n\n\t\t\t\t\t\t\t\t\t<div class=\"txt-textfield postContent pt-md-0 \">\n                        <p><strong>ebblo Switzerland GmbH<\/strong><br \/>\nRheinstrasse 36<br \/>\n8212 Neuhausen am Rheinfall<br \/>\nSchweiz<\/p>\n<p>Tel:\u00a0<a href=\"tel:+41589111111\">+41 58 911 11 11<\/a><br \/>\nFax: +41 58 911 11 12<br \/>\n<a href=\"mailto:info@ebblo.com\">info@ebblo.com<\/a><\/p>\n\t\t\t\t\t<\/div>\n                \n                \n\t\t\t\t\t            <\/div>\n\t\t\t\t <\/div> \t\n\t\t<\/div>\n\t \n\t  \n \n \n\t<\/div>\n<\/section>\n\n<\/div>\n\n\n\n<div class=\"wp-block-column is-layout-flow wp-block-column-is-layout-flow\">\n\n\n<section id=\"res-txt-block_f4cbe0a218c55d1242e6daad9386e9d2\" class=\"res-block res-txt style-standard layout01 p-no  Transparent\" style=\"background: transparent;\">\n  <div class=\"inner-container container-off \" data-aos=\"res-fadeIn\">\n \n\t\t  \n\t\t \t  \n      \n      <div class=\"layout-1 txt-section\">\n\t\t<div class=\"row\">\t\n\t\t\t\n\t\t\n\t\t\t<div class=\"col-md-10 var-1spalten text-left\">\n\t\t\t\t\n\t\t\t\t<div class=\"txt-title-field\">\n\t\n\t\t\t\t\t\n\t\t\n\t\t\t\t\n\t\t\t\t\t\n\t\t\t\t\t \n\t\t\t\t\t<\/div>\n\n\t\t\t\t\t\t\t\t\t<div class=\"txt-textfield postContent pt-md-0 \">\n                        <p><strong>ebblo Germany GmbH<br \/>\n<\/strong>Nonnendammallee 101<br \/>\n13629 Berlin<br \/>\nDeutschland<\/p>\n<p>Tel: <a href=\"tel:00493034060270\">+49 30 34 06 02 70<\/a><br \/>\n<a href=\"mailto:info@ebblo.com\">info@ebblo.com<\/a><\/p>\n\t\t\t\t\t<\/div>\n                \n                \n\t\t\t\t\t            <\/div>\n\t\t\t\t <\/div> \t\n\t\t<\/div>\n\t \n\t  \n \n \n\t<\/div>\n<\/section>\n\n<\/div>\n\n\n\n<div class=\"wp-block-column is-layout-flow wp-block-column-is-layout-flow\">\n\n\n<section id=\"res-txt-block_08612a69b73ae57eb9b0ea6b07d3c2a3\" class=\"res-block res-txt style-standard layout01 p-no  Transparent\" style=\"background: transparent;\">\n  <div class=\"inner-container container-off \" data-aos=\"res-fadeIn\">\n \n\t\t  \n\t\t \t  \n      \n      <div class=\"layout-1 txt-section\">\n\t\t<div class=\"row\">\t\n\t\t\t\n\t\t\n\t\t\t<div class=\"col-md-10 var-1spalten text-left\">\n\t\t\t\t\n\t\t\t\t<div class=\"txt-title-field\">\n\t\n\t\t\t\t\t\n\t\t\n\t\t\t\t\n\t\t\t\t\t\n\t\t\t\t\t \n\t\t\t\t\t<\/div>\n\n\t\t\t\t\t\t\t\t\t<div class=\"txt-textfield postContent pt-md-0 \">\n                        <p><strong>Weitere Links<\/strong><\/p>\n\t\t\t\t\t<\/div>\n                \n                \t\t\t\t\t <div class=\"txt-textfield-btns pt-2 text-left \">\n\t\t\t\t\t\t\t\t\t\t\t\t\t\t\t<a class=\"btn btn-sm btn-outline scrollerTo\" href=\"#formular\" target=\"_self\">Kontaktformular<\/a>\n                                \t\t\t\t\t\t\t\t\t\t\t\t\t\t\t<a class=\"btn btn-sm btn-outline scrollerTo\" href=\"#ansprechpartner\" target=\"_self\">Ansprechpersonen<\/a>\n                                \t\t\t\t\t\t\t\t\t\t\t\t\t\t\t<a class=\"btn btn-sm btn-outline \" href=\"https:\/\/ebblo.com\/de\/ueber-uns\/standorte\/\" target=\"_self\">Standorte<\/a>\n                                \t\t\t\t\t\t\t\t\t\t\t\t<\/div>\n                \n\t\t\t\t\t            <\/div>\n\t\t\t\t <\/div> \t\n\t\t<\/div>\n\t \n\t  \n \n \n\t<\/div>\n<\/section>\n\n<\/div>\n<\/div>\n\n\n\n \n\n\n\n\n<section id=\"res-link-anker-block_69a801468455f1ed55434aa70b8f7a02\" class=\"linkanker-section\">\n<div  id=\"formular\"  class=\"res-block res-link-anker style-standard pt-4  Transparent \" style=\"background: transparent;\">\n\n  <div class=\"inner-container container-off\" data-aos=\"res-fadeIn\">\n\t  \n\t  \t  \n\t\n\n      \n\n\n\n\n\n\n\t\t\n  \n\n\t<\/div>\n  <\/div>\n<\/section>\n\n\n<div class=\"wp-block-columns alignfull Grau py-3 is-layout-flex wp-container-core-columns-is-layout-9d6595d7 wp-block-columns-is-layout-flex\">\n<div class=\"wp-block-column container mx-auto is-layout-flow wp-block-column-is-layout-flow\">\n<div class=\"wp-block-columns is-layout-flex wp-container-core-columns-is-layout-9d6595d7 wp-block-columns-is-layout-flex\">\n<div class=\"wp-block-column is-layout-flow wp-block-column-is-layout-flow\" style=\"flex-basis:33.33%\">\n\n\n<section id=\"res-txt-block_c439a8df6b7436acb481486c34634a3b\" class=\"res-block res-txt style-standard layout01 p-no  Transparent\" style=\"background: transparent;\">\n  <div class=\"inner-container container-off \" data-aos=\"res-fadeIn\">\n \n\t\t  \n\t\t \t  \n      \n      <div class=\"layout-1 txt-section\">\n\t\t<div class=\"row\">\t\n\t\t\t\n\t\t\n\t\t\t<div class=\"col-md-10 var-1spalten text-left\">\n\t\t\t\t\n\t\t\t\t<div class=\"txt-title-field\">\n\t\n\t\t\t\t\t\n\t\t\n\t\t\t\t\n\t\t\t\t \n\t\t\t\t   <h3 class=\"title-h3 \">Kontaktformular<\/h3>\n\t\t\t\t\t\n\t\t\t\t\t \n\t\t\t\t\t<\/div>\n\n\t\t\t\t\t\t\t\t\t<div class=\"txt-textfield postContent pt-md-0 \">\n                        <p>Haben Sie Fragen zu unseren Produkten oder Interesse an einem Angebot? Wir freuen uns \u00fcber Ihre Nachricht \u00fcber das folgende Kontaktformular. Gerne setzen wir uns schnellstm\u00f6glich mit Ihnen in Verbindung.<\/p>\n\t\t\t\t\t<\/div>\n                \n                \n\t\t\t\t\t            <\/div>\n\t\t\t\t <\/div> \t\n\t\t<\/div>\n\t \n\t  \n \n \n\t<\/div>\n<\/section>\n\n<\/div>\n\n\n\n<div class=\"wp-block-column is-layout-flow wp-block-column-is-layout-flow\" style=\"flex-basis:66.66%\">\n\t<section id=\"res-marketo-block_50791f97789fac13de202e57aecae3e8\" class=\"res-block res-marketo style-standard p-no  Transparent \" style=\"background: transparent;\">\n\n\t\t\t\t<div class=\"alt-message\"><\/div>\n\t\t<div class=\"success-message d-none\">Vielen Dank f\u00fcr Ihre Nachricht, wir melden uns so schnell wie m\u00f6glich bei Ihnen!<\/div>\n\t\t\t\t<div class=\"marketo-wrapper  align wp-block-acf-res-marketo\">\n\t\t\t<div class=\"acf-innerblocks-container\"><\/div>\n\t\t<\/div>\n\t\t<div class=\"marketo-form\">\n\t\t\t<form id=\"mktoForm_9073\"><\/form>\n\t\t<\/div>\n\n\t<\/section>\n\n<\/div>\n<\/div>\n<\/div>\n<\/div>\n\n\n\n  \n\t<style>\n\t\t#res-link-anker-block_a90f629a4e166f0d3b8006ba98dd73d5 .link-anker-with-no-padding {padding: 0 !important;}\n  <\/style> \n\n\n\n\n\n<section id=\"res-link-anker-block_a90f629a4e166f0d3b8006ba98dd73d5\" class=\"linkanker-section\">\n<div  id=\"ansprechpartner\"  class=\"res-block res-link-anker style-standard py-4  Transparent link-anker-with-no-padding\" style=\"background: transparent;\">\n\n  <div class=\"inner-container container-off\" data-aos=\"res-fadeIn\">\n\t  \n\t  \t  \n\t\n\n      \n\n\n\n\n\n\n\t\t\n  \n\n\t<\/div>\n  <\/div>\n<\/section>\n\n\n\n\n<section id=\"res-txt-block_b307fa5aba374eeee1caf45eeeabb073\" class=\"res-block res-txt alignwide style-standard layout01 pt-4  Transparent\" style=\"background: transparent;\">\n  <div class=\"inner-container container-off \" data-aos=\"res-fadeIn\">\n \n\t\t  \n\t\t \t  \n      \n      <div class=\"layout-1 txt-section\">\n\t\t<div class=\"row\">\t\n\t\t\t\n\t\t\n\t\t\t<div class=\"col-md-10 var-1spalten text-left\">\n\t\t\t\t\n\t\t\t\t<div class=\"txt-title-field\">\n\t\n\t\t\t\t\t\n\t\t\n\t\t\t\t  \n\t\t\t\t   <h2 class=\"title-h2 \">Ihre Ansprechpartner<\/h2>\n\t\t\t\t\n\t\t\t\t\t\n\t\t\t\t\t \n\t\t\t\t\t<\/div>\n\n\t\t\t\t\n                \n\t\t\t\t\t            <\/div>\n\t\t\t\t <\/div> \t\n\t\t<\/div>\n\t \n\t  \n \n \n\t<\/div>\n<\/section>\n\n\n\n \n\t<section id=\"filter-everything-container\" class=\"res-block res-boxes alignwide style-standard py-2  Transparent\" style=\"background: transparent;\">\n        \n        \t\t\n        <div class=\"inner-container container-off \" data-aos=\"res-fadeIn\">\n\n\t\t\t<style>\n\t\t\t\t                \n                \n\t\t\t\t@media only screen and (min-width: 970px) {\n#res-boxes-block_e72093208e0964f044d5a76f191184ab .box-col, #res-boxes-block_e72093208e0964f044d5a76f191184ab .box-item {\n    padding-right: 10px;\n    padding-left: 10px;\n}\n\n#res-boxes-block_e72093208e0964f044d5a76f191184ab .row {\n    margin-right: -10px;\n    margin-left: -10px;\n}\n\n\n\t\t\t\t\t\n\t\t\t\t\t\t\t\t}\n\t\t\t<\/style>\n\n\t\t\t\n\t\t\t\n\t\t\t<div id=\"res-boxes-block_e72093208e0964f044d5a76f191184ab\" class=\"row row-cols-1 row-cols-md-4 no-gutters boxes-frame equal-boxheight \" >\n\n\t\t\t\t\n\t\t\t\t\n\t\t\t\t\t\t\t\t<div class=\"col-md team-col mb-2 mb-md-2 box-item team-item boxlayout03   \" >\n\n\t\t\t\t\t<div class=\"box-inner team-url-link  bg-light  h-100\">\n\n\t\t\t\t\t\t\t\t\t\t\t\t\t<div class=\"teamBox postBox text-left \">\n\n\t\t\t\t\t\t\t\t\t\t\t\t\t\t\t\t\t<div class=\"teamImg postImg mb-1 overflow-hidden \">\n                                    <img loading=\"lazy\" decoding=\"async\" width=\"1000\" height=\"750\" src=\"https:\/\/ebblo.com\/wp-content\/uploads\/2026\/01\/Andre-Bonnekamp-1000x750.jpg\" class=\"img-fluid w-100 post-img\" alt=\"Andre Bonnekamp\" \/>                                <\/div>\n\t\t\t\t\t\t\t\t\n\t\t\t\t\t\t\t\t<div class=\"teamContent postContent box-padding02 h-100\">\n\t\t\t\t\t\t\t\t<div class=\"texte-team\">\n\t\t\t\t\t\t\t\t\t<h3>Andre Bonnekamp<\/h3>\n\n\t\t\t\t\t\t\t\t\t\t\t\t\t\t\t\t\t<div class=\"vorschau-text pb-1\">\n\t\t\t\t\t\t\t\t\t\tVertrieb Deutschland West\t\t\t\t\t\t\t\t\t<\/div>\n\t\t\t\t\t\t\t\t\t\t\t\t\t\t\t\t<\/div>\n\n\t\t\t\t\t\t\t\t\t\t\t\t\t\t\t\t\t\t\t\t\t\t\t\t\t\t\t\t\t\t\t\t\t\t                                    \n\t<div class=\"team-infos pb-1\">\n\n\t\t\n\t\t\t\t\t<div class=\"team-kontakt pt-1\">\n\t\t\t\t\t\t\t\t<object>\n\t\t\t\t\t<a href=\"tel:+4930340602721\"\n\t\t\t\t\t   class=\"team-contact-icon-link \"\n\t\t\t\t\t   title=\"Tel +49 303 406 027 21\">\n\t\t\t\t\t\t<i class=\"fa-light fa-phone\"><\/i>\t\t\t\t\t\t<span class=\"contact-text\">Tel +49 303 406 027 21<\/span>\n\t\t\t\t\t<\/a><\/object>\n\t\t\t\t\t\t\t\t<object>\n\t\t\t\t\t<a href=\"mailto:andre.bonnekamp@ebblo.com\"\n\t\t\t\t\t   class=\"team-contact-icon-link \"\n\t\t\t\t\t   title=\"andre.bonnekamp@ebblo.com\">\n\t\t\t\t\t\t<i class=\"fa-solid fa-envelope\"><\/i>\t\t\t\t\t\t<span class=\"contact-text\">andre.bonnekamp@ebblo.com<\/span>\n\t\t\t\t\t<\/a><\/object>\n\t\t\t\t\t\t\t<\/div>\n\t\t\n\t\t\t\t\t<div class=\"team-social pt-1\">\n\t\t\t\t\t\t\t\t<object>\n\t\t\t\t\t<a href=\"https:\/\/www.linkedin.com\/in\/andr%C3%A9-bonnekamp-81b763b2\/\"\n\t\t\t\t\t   class=\"team-social-icon-link\"\n\t\t\t\t\t   target=\"_blank\"\n\t\t\t\t\t   title=\"LinkedIn\">\n\t\t\t\t\t\t<i class=\"fa-brands fa-linkedin-in\"><\/i>\t\t\t\t\t<\/a><\/object>\n\t\t\t\t\t\t\t<\/div>\n\t\t\n\t<\/div>\n\n                                    \n\n\n\n\n\n\t\t\t\t\t\t\t<\/div>\n\t\t\t\t\t<\/div>\n\t\t\t\t\t\n\t\t\t\t\t\t\t\t\t<\/div>\n\n\t\t\t\t<\/div>\n\n\t\t\t\t\n\t\t\t\t\t\t\t\t<div class=\"col-md team-col mb-2 mb-md-2 box-item team-item boxlayout03   \" >\n\n\t\t\t\t\t<div class=\"box-inner team-url-link  bg-light  h-100\">\n\n\t\t\t\t\t\t\t\t\t\t\t\t\t<div class=\"teamBox postBox text-left \">\n\n\t\t\t\t\t\t\t\t\t\t\t\t\t\t\t\t\t<div class=\"teamImg postImg mb-1 overflow-hidden \">\n                                    <img loading=\"lazy\" decoding=\"async\" width=\"1000\" height=\"750\" src=\"https:\/\/ebblo.com\/wp-content\/uploads\/2026\/01\/Volker-Greitzke-1000x750.jpg\" class=\"img-fluid w-100 post-img\" alt=\"\" \/>                                <\/div>\n\t\t\t\t\t\t\t\t\n\t\t\t\t\t\t\t\t<div class=\"teamContent postContent box-padding02 h-100\">\n\t\t\t\t\t\t\t\t<div class=\"texte-team\">\n\t\t\t\t\t\t\t\t\t<h3>Volker Greitzke<\/h3>\n\n\t\t\t\t\t\t\t\t\t\t\t\t\t\t\t\t\t<div class=\"vorschau-text pb-1\">\n\t\t\t\t\t\t\t\t\t\tVertrieb Deutschland S\u00fcd &#038; Schweiz\t\t\t\t\t\t\t\t\t<\/div>\n\t\t\t\t\t\t\t\t\t\t\t\t\t\t\t\t<\/div>\n\n\t\t\t\t\t\t\t\t\t\t\t\t\t\t\t\t\t\t\t\t\t\t\t\t\t\t\t\t\t\t\t\t\t\t                                    \n\t<div class=\"team-infos pb-1\">\n\n\t\t\n\t\t\t\t\t<div class=\"team-kontakt pt-1\">\n\t\t\t\t\t\t\t\t<object>\n\t\t\t\t\t<a href=\"tel:+41589111131\"\n\t\t\t\t\t   class=\"team-contact-icon-link \"\n\t\t\t\t\t   title=\"Tel +41 58 911 11 31\">\n\t\t\t\t\t\t<i class=\"fa-light fa-phone\"><\/i>\t\t\t\t\t\t<span class=\"contact-text\">Tel +41 58 911 11 31<\/span>\n\t\t\t\t\t<\/a><\/object>\n\t\t\t\t\t\t\t\t<object>\n\t\t\t\t\t<a href=\"mailto:volker.greitzke@ebblo.com\"\n\t\t\t\t\t   class=\"team-contact-icon-link \"\n\t\t\t\t\t   title=\"volker.greitzke@ebblo.com\">\n\t\t\t\t\t\t<i class=\"fa-solid fa-envelope\"><\/i>\t\t\t\t\t\t<span class=\"contact-text\">volker.greitzke@ebblo.com<\/span>\n\t\t\t\t\t<\/a><\/object>\n\t\t\t\t\t\t\t<\/div>\n\t\t\n\t\t\t\t\t<div class=\"team-social pt-1\">\n\t\t\t\t\t\t\t\t<object>\n\t\t\t\t\t<a href=\"https:\/\/www.linkedin.com\/in\/volker-greitzke-a506134b\/\"\n\t\t\t\t\t   class=\"team-social-icon-link\"\n\t\t\t\t\t   target=\"_blank\"\n\t\t\t\t\t   title=\"LinkedIn\">\n\t\t\t\t\t\t<i class=\"fa-brands fa-linkedin-in\"><\/i>\t\t\t\t\t<\/a><\/object>\n\t\t\t\t\t\t\t<\/div>\n\t\t\n\t<\/div>\n\n                                    \n\n\n\n\n\n\t\t\t\t\t\t\t<\/div>\n\t\t\t\t\t<\/div>\n\t\t\t\t\t\n\t\t\t\t\t\t\t\t\t<\/div>\n\n\t\t\t\t<\/div>\n\n\t\t\t\t\n\t\t\t\t\t\t\t\t<div class=\"col-md team-col mb-2 mb-md-2 box-item team-item boxlayout03   \" >\n\n\t\t\t\t\t<div class=\"box-inner team-url-link  bg-light  h-100\">\n\n\t\t\t\t\t\t\t\t\t\t\t\t\t<div class=\"teamBox postBox text-left \">\n\n\t\t\t\t\t\t\t\t\t\t\t\t\t\t\t\t\t<div class=\"teamImg postImg mb-1 overflow-hidden \">\n                                    <img loading=\"lazy\" decoding=\"async\" width=\"1000\" height=\"750\" src=\"https:\/\/ebblo.com\/wp-content\/uploads\/2026\/01\/Zvonimir-Vujnovic-1000x750.jpg\" class=\"img-fluid w-100 post-img\" alt=\"\" \/>                                <\/div>\n\t\t\t\t\t\t\t\t\n\t\t\t\t\t\t\t\t<div class=\"teamContent postContent box-padding02 h-100\">\n\t\t\t\t\t\t\t\t<div class=\"texte-team\">\n\t\t\t\t\t\t\t\t\t<h3>Zvonimir Vujnovic<\/h3>\n\n\t\t\t\t\t\t\t\t\t\t\t\t\t\t\t\t\t<div class=\"vorschau-text pb-1\">\n\t\t\t\t\t\t\t\t\t\tVertrieb Schweiz &#038; \u00d6sterreich\t\t\t\t\t\t\t\t\t<\/div>\n\t\t\t\t\t\t\t\t\t\t\t\t\t\t\t\t<\/div>\n\n\t\t\t\t\t\t\t\t\t\t\t\t\t\t\t\t\t\t\t\t\t\t\t\t\t\t\t\t\t\t\t\t\t\t                                    \n\t<div class=\"team-infos pb-1\">\n\n\t\t\n\t\t\t\t\t<div class=\"team-kontakt pt-1\">\n\t\t\t\t\t\t\t\t<object>\n\t\t\t\t\t<a href=\"tel:+41589111561\"\n\t\t\t\t\t   class=\"team-contact-icon-link \"\n\t\t\t\t\t   title=\"Tel +41 58 911 15 61\">\n\t\t\t\t\t\t<i class=\"fa-light fa-phone\"><\/i>\t\t\t\t\t\t<span class=\"contact-text\">Tel +41 58 911 15 61<\/span>\n\t\t\t\t\t<\/a><\/object>\n\t\t\t\t\t\t\t\t<object>\n\t\t\t\t\t<a href=\"mailto:zvonimir.vujnovic@ebblo.com\"\n\t\t\t\t\t   class=\"team-contact-icon-link \"\n\t\t\t\t\t   title=\"zvonimir.vujnovic@ebblo.com\">\n\t\t\t\t\t\t<i class=\"fa-solid fa-envelope\"><\/i>\t\t\t\t\t\t<span class=\"contact-text\">zvonimir.vujnovic@ebblo.com<\/span>\n\t\t\t\t\t<\/a><\/object>\n\t\t\t\t\t\t\t<\/div>\n\t\t\n\t\t\t\t\t<div class=\"team-social pt-1\">\n\t\t\t\t\t\t\t\t<object>\n\t\t\t\t\t<a href=\"https:\/\/www.linkedin.com\/in\/zvonimir-vujnovic-060973137\/\"\n\t\t\t\t\t   class=\"team-social-icon-link\"\n\t\t\t\t\t   target=\"_blank\"\n\t\t\t\t\t   title=\"LinkedIn\">\n\t\t\t\t\t\t<i class=\"fa-brands fa-linkedin-in\"><\/i>\t\t\t\t\t<\/a><\/object>\n\t\t\t\t\t\t\t<\/div>\n\t\t\n\t<\/div>\n\n                                    \n\n\n\n\n\n\t\t\t\t\t\t\t<\/div>\n\t\t\t\t\t<\/div>\n\t\t\t\t\t\n\t\t\t\t\t\t\t\t\t<\/div>\n\n\t\t\t\t<\/div>\n\n\t\t\t\t\n\t\t\t\t\t\t\t\t<div class=\"col-md team-col mb-2 mb-md-2 box-item team-item boxlayout03   \" >\n\n\t\t\t\t\t<div class=\"box-inner team-url-link  bg-light  h-100\">\n\n\t\t\t\t\t\t\t\t\t\t\t\t\t<div class=\"teamBox postBox text-left \">\n\n\t\t\t\t\t\t\t\t\t\t\t\t\t\t\t\t\t<div class=\"teamImg postImg mb-1 overflow-hidden \">\n                                    <img loading=\"lazy\" decoding=\"async\" width=\"1000\" height=\"750\" src=\"https:\/\/ebblo.com\/wp-content\/uploads\/2026\/01\/Stefan-Weber-1000x750.jpg\" class=\"img-fluid w-100 post-img\" alt=\"\" \/>                                <\/div>\n\t\t\t\t\t\t\t\t\n\t\t\t\t\t\t\t\t<div class=\"teamContent postContent box-padding02 h-100\">\n\t\t\t\t\t\t\t\t<div class=\"texte-team\">\n\t\t\t\t\t\t\t\t\t<h3>Stefan Weber<\/h3>\n\n\t\t\t\t\t\t\t\t\t\t\t\t\t\t\t\t\t<div class=\"vorschau-text pb-1\">\n\t\t\t\t\t\t\t\t\t\tVertrieb Deutschland Nord &#038; Ost\t\t\t\t\t\t\t\t\t<\/div>\n\t\t\t\t\t\t\t\t\t\t\t\t\t\t\t\t<\/div>\n\n\t\t\t\t\t\t\t\t\t\t\t\t\t\t\t\t\t\t\t\t\t\t\t\t\t\t\t\t\t\t\t\t\t\t                                    \n\t<div class=\"team-infos pb-1\">\n\n\t\t\n\t\t\t\t\t<div class=\"team-kontakt pt-1\">\n\t\t\t\t\t\t\t\t<object>\n\t\t\t\t\t<a href=\"tel:+4930340602715\"\n\t\t\t\t\t   class=\"team-contact-icon-link \"\n\t\t\t\t\t   title=\"Tel +49 30 340 60 27 15\">\n\t\t\t\t\t\t<i class=\"fa-light fa-phone\"><\/i>\t\t\t\t\t\t<span class=\"contact-text\">Tel +49 30 340 60 27 15<\/span>\n\t\t\t\t\t<\/a><\/object>\n\t\t\t\t\t\t\t\t<object>\n\t\t\t\t\t<a href=\"mailto:stefan.weber@ebblo.com\"\n\t\t\t\t\t   class=\"team-contact-icon-link \"\n\t\t\t\t\t   title=\"stefan.weber@ebblo.com\">\n\t\t\t\t\t\t<i class=\"fa-solid fa-envelope\"><\/i>\t\t\t\t\t\t<span class=\"contact-text\">stefan.weber@ebblo.com<\/span>\n\t\t\t\t\t<\/a><\/object>\n\t\t\t\t\t\t\t<\/div>\n\t\t\n\t\t\t\t\t<div class=\"team-social pt-1\">\n\t\t\t\t\t\t\t\t<object>\n\t\t\t\t\t<a href=\"https:\/\/www.linkedin.com\/in\/stefan-weber-110ba9a8\/\"\n\t\t\t\t\t   class=\"team-social-icon-link\"\n\t\t\t\t\t   target=\"_blank\"\n\t\t\t\t\t   title=\"LinkedIn\">\n\t\t\t\t\t\t<i class=\"fa-brands fa-linkedin-in\"><\/i>\t\t\t\t\t<\/a><\/object>\n\t\t\t\t\t\t\t<\/div>\n\t\t\n\t<\/div>\n\n                                    \n\n\n\n\n\n\t\t\t\t\t\t\t<\/div>\n\t\t\t\t\t<\/div>\n\t\t\t\t\t\n\t\t\t\t\t\t\t\t\t<\/div>\n\n\t\t\t\t<\/div>\n\n\t\t\t\t\t\t\t\t\t\t<\/div>\n\t\t\t\t<\/div>\n\n\t\t\t<\/section>\n\n","protected":false},"excerpt":{"rendered":"","protected":false},"author":1,"featured_media":4001,"parent":0,"menu_order":0,"comment_status":"closed","ping_status":"closed","template":"","meta":{"_acf_changed":false,"footnotes":""},"class_list":["post-6","page","type-page","status-publish","has-post-thumbnail","hentry"],"acf":[],"_links":{"self":[{"href":"https:\/\/ebblo.com\/de\/wp-json\/wp\/v2\/pages\/6","targetHints":{"allow":["GET"]}}],"collection":[{"href":"https:\/\/ebblo.com\/de\/wp-json\/wp\/v2\/pages"}],"about":[{"href":"https:\/\/ebblo.com\/de\/wp-json\/wp\/v2\/types\/page"}],"author":[{"embeddable":true,"href":"https:\/\/ebblo.com\/de\/wp-json\/wp\/v2\/users\/1"}],"replies":[{"embeddable":true,"href":"https:\/\/ebblo.com\/de\/wp-json\/wp\/v2\/comments?post=6"}],"version-history":[{"count":50,"href":"https:\/\/ebblo.com\/de\/wp-json\/wp\/v2\/pages\/6\/revisions"}],"predecessor-version":[{"id":10418,"href":"https:\/\/ebblo.com\/de\/wp-json\/wp\/v2\/pages\/6\/revisions\/10418"}],"wp:featuredmedia":[{"embeddable":true,"href":"https:\/\/ebblo.com\/de\/wp-json\/wp\/v2\/media\/4001"}],"wp:attachment":[{"href":"https:\/\/ebblo.com\/de\/wp-json\/wp\/v2\/media?parent=6"}],"curies":[{"name":"wp","href":"https:\/\/api.w.org\/{rel}","templated":true}]}}