{"id":4870,"date":"2026-01-22T11:03:35","date_gmt":"2026-01-22T10:03:35","guid":{"rendered":"https:\/\/ebblo.musterpage.ch\/dev\/?page_id=4870"},"modified":"2026-03-31T08:26:41","modified_gmt":"2026-03-31T06:26:41","slug":"lichtsignalbeeinflussung-mit-v2x","status":"publish","type":"page","link":"https:\/\/ebblo.com\/de\/loesungen\/bordsysteme\/lichtsignalbeeinflussung-mit-v2x\/","title":{"rendered":"Lichtsignalbeeinflussung mit V2X"},"content":{"rendered":"\n<section id=\"res-header-image-block_bbb48cd5fcf376549b985825fa8ed67e\" class=\"res-block res-header-image alignfull style-standard background: transparent m-no\">\n  <div class=\"res-header-img-outside fadeIn duration1 \"  data-aos=\"res-fadeIn\">\n\t<div class=\"res-header-height \">\n\t\t\n\t\n\t  <style> \n\t\t  @media only screen and (min-width: 970px) {\n\t\t\t #res-header-image-block_bbb48cd5fcf376549b985825fa8ed67e.res-header-image .layout-1.header-img-height { height: 40vh;}  \n\t\t\t #res-header-image-block_bbb48cd5fcf376549b985825fa8ed67e.res-header-image .layout-1 .res-header-image-vertical-center { top: 66%;} \n\t\t\t  \t\t\t  \n\t\t\t\t\t\t  #res-header-image-block_bbb48cd5fcf376549b985825fa8ed67e.res-header-image .layout-1 .jarallax-img { object-position: 50% 75% !important;}\n\t\t\t \n          \t\t  }\n\n\n\t\t  @media only screen and (max-width: 970px) {\n\n                      #res-header-image-block_bbb48cd5fcf376549b985825fa8ed67e.res-header-image .layout-1.header-img-height { height: 45vh;}\n          \n                      #res-header-image-block_bbb48cd5fcf376549b985825fa8ed67e.res-header-image .layout-1.header-img-mobile { height: 45vh;}\n          \n\t\t\t\n            \n\t\t\t  #res-header-image-block_bbb48cd5fcf376549b985825fa8ed67e.res-header-image .layout-1 .res-header-image-vertical-center { top: 55%;}  \n\t\t\t  \t\t  }\n\t\t            \n                 #res-header-image-block_bbb48cd5fcf376549b985825fa8ed67e.res-header-image .layout-1 .header-img-bg-opacity {\n                     opacity: 1;\n                }\n           \n\t  <\/style>\n\n        <div class=\"layout-1 jarallax header-img-height header-img-desktop\"\n             data-speed=\"0.6\"\n             style=\"background-color: #000;\">\n\n\t\t\t        <div class=\"res-header-image-vertical-center\">\n            <div class=\"container-fluid\">\n\n\t\t\t\t                    <div class=\"sloganBox\">\n                        <div class=\"row\">\n                            <div class=\"col col-md-8 text-left\">\n                                <div class=\"slogan-txt \" data-aos=\"res-leftIncoming\">\n\n\t\t\t\t\t\t\t\t\t\n\t\t\t\t\t\t\t\t\t\n\t\t\t\t\t\t\t\t\t\n\t\t\t\t\t\t\t\t\t\n\t\t\t\t\t\t\t\t\t\n                                <\/div>\n                            <\/div>\n                        <\/div>\n                    <\/div>\n\t\t\t\t\n            <\/div>\n        <\/div>\n\t\t<img loading=\"lazy\" decoding=\"async\" width=\"1920\" height=\"1080\" src=\"https:\/\/ebblo.com\/wp-content\/uploads\/2026\/01\/ebblo-header-street-crossing-1920x1080.jpg\" class=\"jarallax-img img-fluid header-img-bg-opacity\" alt=\"\" \/>\n\t\t\t\n        <\/div>\n\n\t\t\n\n       \n\n\t\t<\/div>\n\t<\/div>\n<\/section>\n\n\n\n \n\n\n\n\n<section id=\"res-link-anker-block_db7b6341026d91787f6436c3056fd1e3\" class=\"linkanker-section\">\n<div  class=\"res-block res-link-anker alignfull style-standard py-2  Brand-Color \" style=\"\">\n\n  <div class=\"inner-container container-wide\" data-aos=\"res-fadeIn\">\n\t  \n\t  \t\t<div class=\"breadcrumbs\"><nav class=\"breadcrumb\" data-aos=\"res-fadeIn\"><span class=\"breadcrumb-item\">Home<\/span> <i class=\"fa-solid fa-angle-right mx-1 font-weight-normal\"><\/i> <\/nav><\/div>\n\t\t  \n\t\n\n      \n\n\n\n\n\n\n\t\t\n  \n\n\t<\/div>\n  <\/div>\n<\/section>\n\n\n\n\n<section id=\"res-txt-block_88d29409bc1f8f69441dc3eb7dd77a1e\" class=\"res-block res-txt alignwide style-03 layout01 py-4  Transparent\" style=\"background: transparent;\">\n  <div class=\"inner-container container-off \" data-aos=\"res-fadeIn\">\n \n\t\t  \n\t\t \t  \n      \n      <div class=\"layout-1 txt-section\">\n\t\t<div class=\"row\">\t\n\t\t\t\n\t\t\n\t\t\t<div class=\"col-md-8 var-1spalten text-left\">\n\t\t\t\t\n\t\t\t\t<div class=\"txt-title-field\">\n\t\n\t\t\t\t\t\t\t\t   <h1 class=\"title-h1 \">Wir erm\u00f6glichen den Einsatz von V2X<\/h1>\n\t\t\t\t\t\n\t\t\n\t\t\t\t  \n\t\t\t\t   <h2 class=\"title-h2 \">Lichtsignalbeeinflussung mit V2X<\/h2>\n\t\t\t\t\n\t\t\t\t\t\n\t\t\t\t\t \n\t\t\t\t\t<\/div>\n\n\t\t\t\t\t\t\t\t\t<div class=\"txt-textfield postContent pt-md-2 \">\n                        <p class=\"ewa-rteLine\">Die Vehicle-to-Everything-Kommunikation (V2X) revolutioniert die Interaktion zwischen Fahrzeugen untereinander sowie zwischen Fahrzeugen und Infrastruktur. Ein zentrales Anwendungsgebiet ist die Lichtsignalbeeinflussung.<\/p>\n<div class=\"ewa-rteLine\"><\/div>\n<p class=\"ewa-rteLine\">Die konventionelle Lichtsignalbeeinflussung beschleunigt den \u00d6PNV und macht ihn damit p\u00fcnktlicher und attraktiver. Dies erlaubt eine h\u00f6here Kilometerleistung pro Fahrzeug und spart Kosten. V2X f\u00fchrt dar\u00fcber hinaus zu signifikanten Energieeinsparungen und verringert die St\u00f6rhalte.<\/p>\n<div class=\"ewa-rteLine\"><\/div>\n<p class=\"ewa-rteLine\">ebblo sieht gro\u00dfes Potenzial in der Nutzung von V2X im \u00d6PNV und strebt die Umsetzung weiterer Projekte an. Die V2X-Fahrzeugeinrichtungen (OBUs) von Drittanbietern werden \u00fcber eine MQTT-basierte Schnittstelle (PTX) an unseren Bordrechner angebunden, um die hohe Komplexit\u00e4t der V2X-Luftschnittstelle vor der \u00d6PNV-Welt zu verbergen.<\/p>\n<div class=\"ewa-rteLine\"><\/div>\n<p class=\"ewa-rteLine\">Wir sind \u00fcberzeugt, dass die Integration von V2X einen bedeutenden Beitrag zur Effizienz, Sicherheit und Nachhaltigkeit des \u00f6ffentlichen Verkehrs leisten wird. Gemeinsam mit unseren Kunden und Partnern gestalten wir die Zukunft des \u00d6PNV.<\/p>\n\t\t\t\t\t<\/div>\n                \n                \n\t\t\t\t\t            <\/div>\n\t\t\t\t <\/div> \t\n\t\t<\/div>\n\t \n\t  \n \n \n\t<\/div>\n<\/section>\n\n\n\n\n\n<section id=\"res-text-bild-block_7595c5ddd8f5e73ba1ce8e8797396c91\" class=\"res-block res-text-bild alignfull style-standard layout01 py-4  Grau\" style=\"background-color: #f4f4f4;\">\n  <div class=\"inner-container container-wide \" data-aos=\"res-downIncomingMore\">\n\n\t\t\t  <style>\n\t\t\t @media only screen and (min-width: 970px) {\n\t\t\t  #res-text-bild-block_7595c5ddd8f5e73ba1ce8e8797396c91.res-text-bild .layout-1 .txt-imagebox.offset-md-1 {margin-left: 8%;}\n\t\t\t  #res-text-bild-block_7595c5ddd8f5e73ba1ce8e8797396c91.res-text-bild .layout-1 .txt-teaser-2spalten01.spalten-abstand {padding-right: %;}\n\t\t\t  #res-text-bild-block_7595c5ddd8f5e73ba1ce8e8797396c91.res-text-bild .layout-1 .txt-box.offset-md-1 {margin-left: 8%;}\n\t\t\t\t\t\t\t}\n\t\t\t \n\t\t  <\/style>\n\n\n        <div class=\"layout-1 row  \">\n\t\t\t<div class=\"col-md-6 txt-box teaser-img-center-height \">\n\t\t\t\t<div class=\"txt-title-field\">\n\t\t\t\t\t\n\t\t\t\t\t\t\t\t\t\t   <h2 class=\"title-h2 \">Vorteile der Lichtsignalbeeinflussung mit V2X<\/h2>\n\t\t\t\t\t\n\t\t\t\t\t\t\t\t\t<\/div>\n\t\t\t <div class=\"txt-text postContent pt-2 pt-md-2 \">\n\n\t\t\t\t\t\t\t\t\t\t \t\t\t\t\t\t  <ol>\n<li>Bidirektionale Kommunikation: Herk\u00f6mmliche Systeme beruhen auf vorversorgten Meldepunktketten. Bei Erreichen eines Meldepunktes sendet das Fahrzeug eine unidirektionale Priorisierungsanforderung zum Ampelsteuerungsrechner. V2X dagegen erm\u00f6glicht eine bidirektionale Kommunikation zwischen Fahrzeugen und Ampelanlagen. Unter anderem erhalten die Fahrzeuge Informationen \u00fcber Ampelphasen.<\/li>\n<li class=\"ewa-rteLine\">Energieoptimierte Ann\u00e4herung: Fahrzeuge werden fr\u00fchzeitig \u00fcber die n\u00e4chste Gr\u00fcnphase informiert. Das Fahrpersonal kann die Geschwindigkeit anpassen, um die Kreuzung passend zur Gr\u00fcnphase zu erreichen und ohne Anhalten weiterzufahren.<\/li>\n<li class=\"ewa-rteLine\">Zeitoptimiertes Abfahren: Dank der rechtzeitigen Information \u00fcber den Beginn der n\u00e4chsten Gr\u00fcnphase kann das Fahrpersonal die T\u00fcrfreigabe im richtigen Moment deaktivieren. Das Fahrzeug kann sp\u00e4ter losfahren und die T\u00fcren k\u00f6nnen l\u00e4nger offen bleiben, um Fahrg\u00e4ste zusteigen zu lassen.<\/li>\n<li class=\"ewa-rteLine\">Flexible Fahrwegdisposition: Die V2X-Technologie erlaubt eine flexible Disposition der Fahrwege, da diese nicht mehr statisch im Kreuzungsrechner hinterlegt sind. Dies erh\u00f6ht die Effizienz und Flexibilit\u00e4t im Betriebsablauf.<\/li>\n<\/ol>\n\t\t\t\t\t\t\t\t\t\t\t\n\t\t\t\t\n\t\t\t\t\t \t\t\t\t\t\t\t\t\t\t\t\t\t<a class=\"btn  btn-primary  \" href=\"https:\/\/ebblo.com\/wp-content\/uploads\/2026\/02\/ebblo_bro_v2x_low-1.pdf\" target=\"_self\">Themenbrosch\u00fcre V2X<\/a>\n\t\t\t\t\t\t\t\t\t\t\t\n\t\t\t\t\t\n\t\t\t\t<\/div>\n\n\n\t\t\t<\/div>\n\n\t\t\t<div class=\"col-md mb-2 mt-md-1 txt-imagebox teaser-img-center-height offset-md-1 \">\n\n\t\t\t\t\t\t\t\t\t\t<img loading=\"lazy\" decoding=\"async\" width=\"800\" height=\"800\" src=\"https:\/\/ebblo.com\/wp-content\/uploads\/2026\/01\/Trapeze-V2X-Schnittstellen-1-800x800.jpg\" class=\"img-fluid w-100 txt-img\" alt=\"\" srcset=\"https:\/\/ebblo.com\/wp-content\/uploads\/2026\/01\/Trapeze-V2X-Schnittstellen-1-800x800.jpg 800w, https:\/\/ebblo.com\/wp-content\/uploads\/2026\/01\/Trapeze-V2X-Schnittstellen-1-480x480.jpg 480w\" sizes=\"auto, (max-width: 800px) 100vw, 800px\" \/>\t\t\t\t\t\t\t<\/div>\n\n\t\n\t<\/div>\n<\/section>\n\n\n\n\n\n<section id=\"res-text-bild-block_2a3afc4c750d4ac93517be109e87dd86\" class=\"res-block res-text-bild alignfull style-standard layout01 py-4  Transparent\" style=\"background: transparent;\">\n  <div class=\"inner-container container-wide \" data-aos=\"res-downIncomingMore\">\n\n\t\t\t  <style>\n\t\t\t @media only screen and (min-width: 970px) {\n\t\t\t  #res-text-bild-block_2a3afc4c750d4ac93517be109e87dd86.res-text-bild .layout-1 .txt-imagebox.offset-md-1 {margin-left: 8%;}\n\t\t\t  #res-text-bild-block_2a3afc4c750d4ac93517be109e87dd86.res-text-bild .layout-1 .txt-teaser-2spalten01.spalten-abstand {padding-right: %;}\n\t\t\t  #res-text-bild-block_2a3afc4c750d4ac93517be109e87dd86.res-text-bild .layout-1 .txt-box.offset-md-1 {margin-left: 8%;}\n\t\t\t\t\t\t\t}\n\t\t\t \n\t\t  <\/style>\n\n\n        <div class=\"layout-1 row flex-row-reverse \">\n\t\t\t<div class=\"col-md-6 txt-box teaser-img-center-height offset-md-1\">\n\t\t\t\t<div class=\"txt-title-field\">\n\t\t\t\t\t\n\t\t\t\t\t\t\t\t\t\t   <h2 class=\"title-h2 \">PTX: Offener Industriestandard f\u00fcr V2X<\/h2>\n\t\t\t\t\t\n\t\t\t\t\t\t\t\t\t<\/div>\n\t\t\t <div class=\"txt-text postContent pt-2 pt-md-2 \">\n\n\t\t\t\t\t\t\t\t\t\t \t\t\t\t\t\t  <p class=\"ewa-rteLine\">Mit der PTX-Spezifikation Version 2.0 steht erstmals eine offene, herstellerneutrale Schnittstelle f\u00fcr die Kommunikation zwischen Bordcomputern und V2X-OBUs im \u00f6ffentlichen Verkehr zur Verf\u00fcgung. Sie erm\u00f6glicht Verkehrsunternehmen eine zukunftssichere, flexible und kosteneffiziente Integration von V2X-Funktionen wie Lichtsignalbeeinflussung, gr\u00fcne Wellen und Sicherheitswarnungen. Die PTX-Spezifikation f\u00f6rdert Innovation und Wettbewerb, reduziert den Integrationsaufwand und schafft echte Wahlfreiheit bei der OBU-Auswahl.<\/p>\n<div class=\"ewa-rteLine\"><\/div>\n<p>Die Spezifikation ist offen zug\u00e4nglich und kann direkt in Projekten eingesetzt werden. Alle relevanten Dokumente und Schemas finden Sie auf der offiziellen GitHub-Seite:<\/p>\n<div class=\"ewa-rteLine\"><\/div>\n<p class=\"ewa-rteLine\">GitHub &#8211; PTX-Interface-Specification\/ptx-specification: Interface between C-ITS On-Board Units (OBU) and ITCS On-Board Computers (IBIS) &#8211; released specification versions including Protobuf and JSON schemas<\/p>\n\t\t\t\t\t\t\t\t\t\t\t\n\t\t\t\t\n\t\t\t\t\t \t\t\t\t\t\t\t\t\t\t\t\t\t<a class=\"btn  btn-primary  \" href=\"https:\/\/github.com\/PTX-Interface-Specification\/ptx-specification\" target=\"_blank\">Link zu GitHub<\/a>\n\t\t\t\t\t\t\t\t\t\t\t\t\t<a class=\"btn  btn-primary  \" href=\"https:\/\/ebblo.com\/de\/ptx-spezifikation-version-2-0-neuer-industriestandard-fuer-den-einsatz-von-v2x-im-oeffentlichen-verkehr\/\" target=\"_self\">News-Meldung PTX Industriestandard<\/a>\n\t\t\t\t\t\t\t\t\t\t\t\n\t\t\t\t\t\n\t\t\t\t<\/div>\n\n\n\t\t\t<\/div>\n\n\t\t\t<div class=\"col-md mb-2 mt-md-1 txt-imagebox teaser-img-center-height  \">\n\n\t\t\t\t\t\t\t\t\t\t<img loading=\"lazy\" decoding=\"async\" width=\"800\" height=\"800\" src=\"https:\/\/ebblo.com\/wp-content\/uploads\/2026\/01\/Bild-News-PTX-Schnittstelle-800x800.png\" class=\"img-fluid w-100 txt-img\" alt=\"\" srcset=\"https:\/\/ebblo.com\/wp-content\/uploads\/2026\/01\/Bild-News-PTX-Schnittstelle-800x800.png 800w, https:\/\/ebblo.com\/wp-content\/uploads\/2026\/01\/Bild-News-PTX-Schnittstelle-480x480.png 480w\" sizes=\"auto, (max-width: 800px) 100vw, 800px\" \/>\t\t\t\t\t\t\t<\/div>\n\n\t\n\t<\/div>\n<\/section>\n\n\n\n\n\n\n<section id=\"res-txt-block_93603ca449cb71d4498d90f3f36d4a6b\" class=\"res-block res-txt alignfull style-standard layout01 pt-4  Grau\" style=\"background-color: #f4f4f4;\">\n  <div class=\"inner-container container-off \" data-aos=\"res-fadeIn\">\n \n\t\t  \n\t\t \t  \n      \n      <div class=\"layout-1 txt-section\">\n\t\t<div class=\"row\">\t\n\t\t\t\n\t\t\n\t\t\t<div class=\"col-md-10 var-1spalten text-left\">\n\t\t\t\t\n\t\t\t\t<div class=\"txt-title-field\">\n\t\n\t\t\t\t\t\n\t\t\n\t\t\t\t  \n\t\t\t\t   <h2 class=\"title-h2 \">Lichtsignalbeeinflussung mit V2X einfach erkl\u00e4rt<\/h2>\n\t\t\t\t\n\t\t\t\t\t\n\t\t\t\t\t \n\t\t\t\t\t<\/div>\n\n\t\t\t\t\n                \n\t\t\t\t\t            <\/div>\n\t\t\t\t <\/div> \t\n\t\t<\/div>\n\t \n\t  \n \n \n\t<\/div>\n<\/section>\n\n\n\n\n<section id=\"res-video-play-html-block_543fbd04c8815b3936f079f221180bcd\" data-platform=\"vimeo\" data-onready=\"onYTPlayerReady\" data-onstatechange=\"onYTPlayerStateChange\" class=\"res-video-block res-video-play-html alignfull style-standard py-4  Grau video-play\" style=\"background-color: #f4f4f4;\">\n\n  <div class=\"inner-container container\" data-aos=\"res-fadeIn\">\n\n      \n\t\n      \n      \t<div class=\"html-video text-center\" data-aos=\"res-fadeIn\">\n\n\t\t<style>\n\t\t\t\t\t\t            #res-video-play-html-block_543fbd04c8815b3936f079f221180bcd.res-video-play-html .res-vid-progressbar-container {display: none !important;}\n\t\t\t\t\t\t            #res-video-play-html-block_543fbd04c8815b3936f079f221180bcd.res-video-play-html .res-vid-time {display: none !important;}\n\t\t\t\t\t\t            #res-video-play-html-block_543fbd04c8815b3936f079f221180bcd.res-video-play-html .res-vid-mute-btn,\n            #res-video-play-html-block_543fbd04c8815b3936f079f221180bcd.res-video-play-html .res-vid-playback-btn {display: none !important;}\n\t\t\t\t}\n\t\t\t\t\t<\/style>\n\n\t\t<div class=\"res-vid-frame videobox-clean\">\n\t\t\t<div id=\"video_block_543fbd04c8815b3936f079f221180bcd\" class=\"res-vid-container mr-auto\">\n\n\t\t\t\t<!-- VIDEO PLAY BUTTON -->\n\t\t\t\t<div class=\"no--res-vid-play-btn\"><\/div>\n\n\t\t\t\t<div class=\"res-vid-overlay\"\n\t\t\t\t\t\n\t\t\t\t\t>\n\n\t\t\t\t\t\n\t\t\t\t\t<!-- VIDEO MAIN -->\n\t\t\t\t\t\t\t\t\t\t\t<div class=\"videoplayer-container vimeo-video \">\n\t\t\t\t\t\t\t<iframe\n\t\t\t\t\t\t\t\t\tclass=\"externalVideo\"\n\t\t\t\t\t\t\t\t\tdata-video-id = \"\/1158341489\"\n\t\t\t\t\t\t\t\t\tdata-platform=\"vimeo\"\n\t\t\t\t\t\t\t\t\tsrc=\"https:\/\/player.vimeo.com\/video\/1158341489?controls=1&#038;autopause=0\"\n\t\t\t\t\t\t\t\t\tallow=\"accelerometer; autoplay; clipboard-write; encrypted-media; gyroscope; picture-in-picture\"\n\t\t\t\t\t\t\t\t\tallowfullscreen frameborder=\"0\"><\/iframe>\n\t\t\t\t\t\t<\/div>\n\t\t\t\t\t\n\t\t\t\t\t<!-- VIDEO Poster \/ Video -->\n\t\t\t\t\t<!--\t\t\t\t\t-->\t\t\t\t\t\t\t\t\t<\/div>\n\n\t\t\t\t\n\t\t\t<\/div>\n\t\t<\/div>\n\n\t<\/div>\n      \t\n\t<\/div>\n<\/section>\n\n\n\n\n\n<section id=\"res-txt-block_2af6c9f49d0a4d8b0779974b34eb80ff\" class=\"res-block res-txt style-standard layout01 pt-2  Transparent\" style=\"background: transparent;\">\n  <div class=\"inner-container container-off \" data-aos=\"res-fadeIn\">\n \n\t\t  \n\t\t \t  \n      \n      <div class=\"layout-1 txt-section\">\n\t\t<div class=\"row\">\t\n\t\t\t\n\t\t\n\t\t\t<div class=\"col-md-12 var-1spalten text-left\">\n\t\t\t\t\n\t\t\t\t<div class=\"txt-title-field\">\n\t\n\t\t\t\t\t\n\t\t\n\t\t\t\t\n\t\t\t\t \n\t\t\t\t   <h3 class=\"title-h3 \">Verwandte Inhalte<\/h3>\n\t\t\t\t\t\n\t\t\t\t\t \n\t\t\t\t\t<\/div>\n\n\t\t\t\t\n                \n\t\t\t\t\t            <\/div>\n\t\t\t\t <\/div> \t\n\t\t<\/div>\n\t \n\t  \n \n \n\t<\/div>\n<\/section>\n\n\n\n<section id=\"res-slider-content-block_2dcded09ebeda2e0854d3776f1bdea23\" class=\"res-block res-slider-content alignfull style-standard py-2  Transparent\" style=\"background: transparent;\">\n\n\t<div class=\"inner-container container \" data-aos=\"res-fadeIn\">\n\n\t\t\n\t\t\n\t\t\n\t\t<div class=\"slider-outside-frame\n\t\t\tno-center-mode-desktop\t\t\t\">\n\n\t\t\t<style>\n\t\t\t\t#res-slider-content-block_2dcded09ebeda2e0854d3776f1bdea23 .box-item {margin-right: 20px;}\n\t\t\t\t\n\t\t\t\t@media only screen and (min-width: 970px) {\n\t\t\t\t\t\n\t\t\t\t\t\n\t\t\t\t\t\t\t\t\t}\n\t\t\t<\/style>\n\n\t\t\t\n\t\t\t\t\n\t\t\t\t\n\t\t\t\t\n\t\t\t\t<div id=\"res_slider_content_ix00HHjNuv\"\n\t\t\t\t\t class=\"slider d-md-block d-block equal-boxheight\">\n\n\t\t\t\t\t\n\t\t\t\t\t\t\t\t\t\t\t\t\t\t<div class=\"box-item my-1 boxlayout01  \t\t\t\t\t\t\t\t\t mit-kategorie\" data-aos=\"res-rightIncoming\">\n \n\t\t\t\t\t\t\t\t\t<div class=\"box-inner bg-light scale-sliderbox h-100\">\n\n\t\t\t\t\t\t\t\t\t\t\t\t\t\t\t\t\t\t\t\t\t<a href=\"https:\/\/ebblo.com\/de\/download\/von-der-herkoemmlichen-lichtsignalbeeinflussung-zum-v2x-basierten-ampelphasenassistenten\/\" target=\"_parent\">\n\t\t\t\t\t\t\t\t\t\t\n\t\t\t\t\t\t\t\t\t\t<div class=\"postBox text-left\">\n\n\t\t\t\t\t\t\t\t\t\t\t\t\t\t\t\t\t\t\t\t\t\t\t<div class=\"postImg mb-1 overflow-hidden \">\n\t\t\t\t\t\t\t\t\t\t\t\t\t<img loading=\"lazy\" decoding=\"async\" width=\"1000\" height=\"750\" src=\"https:\/\/ebblo.com\/wp-content\/uploads\/2026\/02\/ebblo-v2x-brochure-1000x750.jpg\" class=\"img-fluid w-100 \" alt=\"\" \/>\t\t\t\t\t\t\t\t\t\t\t\t<\/div>\n\t\t\t\t\t\t\t\t\t\t\t\n\t\t\t\t\t\t\t\t\t\t\t<div class=\"postContent box-padding03 h-100\">\n\n\t\t\t\t\t\t\t\t\t\t\t\t\n\t\t\t\t\t\t\t\t\t\t\t\t\t\t\t\t\t\t\t\t\t\t\t\t\t\t<p class=\"small mb-1\">Februar 2026<\/p>\n\t\t\t\t\t\t\t\t\t\t\t\t\t\n\t\t\t\t\t\t\t\t\t\t\t\t<h4 >Von der herk\u00f6mmlichen Lichtsignalbeeinflussung zum V2X-basierten Ampelphasenassistenten &#8211; V2X \u2013 Vehicle-to-Everything-Kommunikation<\/h4>\n\n\t\t\t\t\t\t\t\t\t\t\t\t\n\t\t\t\t\t\t\t\t\t\t\t\t\t\t\t\t\t\t\t\t\t\t\t\t\t\t\t\t\t\t\t\t\t\t\t\t\t\t\t<i class=\"fa-light fa-arrow-right-long mt-2 d-block\"><\/i>\n\t\t\t\t\t\t\t\t\t\t\t\t\t\t\t\t\t\t\t\t\t\t\t\t\t\n\t\t\t\t\t\t\t\t\t\t\t<\/div>\n\t\t\t\t\t\t\t\t\t\t<\/div>\n\n\t\t\t\t\t\t\t\t\t\t\t\t\t\t\t\t\t\t\t\t\t<\/a>\n\t\t\t\t\t\t\t\t\t\t\n\t\t\t\t\t\t\t\t\t\t\n\t\t\t\t\t\t\t\t\t<\/div>\n\t\t\t\t\t\t\t\t<\/div>\n\t\t\t\t\t\t\t\t\n\t\t\t\t\t\n\t\t\t\t<\/div>\n\n\t\t\t\t\n\t\t\t\n\t\t<\/div>\n\n\t\t\t\t\n\t<\/div>\n\n\t\n<\/section>\n\n\n\n\n\n\n<section id=\"res-txt-block_0a92f715354783d035e2290dc178dd90\" class=\"res-block res-txt alignfull style-02 layout01 py-4  Gruen\" style=\"background-color: #099F81;\">\n  <div class=\"inner-container container-wide \" data-aos=\"res-downIncomingMore\">\n \n\t\t  \n\t\t \t  \n      \n      <div class=\"layout-1 txt-section\">\n\t\t<div class=\"row\">\t\n\t\t\t\n\t\t\n\t\t\t<div class=\"col-md-7 var-1spalten text-left\">\n\t\t\t\t\n\t\t\t\t<div class=\"txt-title-field\">\n\t\n\t\t\t\t\t\n\t\t\n\t\t\t\t  \n\t\t\t\t   <h2 class=\"title-h2 \">Bereit f\u00fcr den n\u00e4chsten Schritt?<\/h2>\n\t\t\t\t\n\t\t\t\t\t\n\t\t\t\t\t \n\t\t\t\t\t<\/div>\n\n\t\t\t\t\t\t\t\t\t<div class=\"txt-textfield postContent pt-md-0 \">\n                        <p>Optimieren Sie Ihren \u00f6ffentlichen Nahverkehr \u2013 mit flexiblen L\u00f6sungen f\u00fcr eine Zukunft im Wandel.<\/p>\n\t\t\t\t\t<\/div>\n                \n                \t\t\t\t\t <div class=\"txt-textfield-btns pt-2 text-left \">\n\t\t\t\t\t\t\t\t\t\t\t\t\t\t\t<a class=\"btn  btn-primary \" href=\"https:\/\/ebblo.com\/de\/kontakt\/\" target=\"_self\">Kontaktieren Sie uns<\/a>\n                                \t\t\t\t\t\t\t\t\t\t\t\t<\/div>\n                \n\t\t\t\t\t            <\/div>\n\t\t\t\t <\/div> \t\n\t\t<\/div>\n\t \n\t  \n \n \n\t<\/div>\n<\/section>\n\n","protected":false},"excerpt":{"rendered":"","protected":false},"author":4,"featured_media":4828,"parent":4850,"menu_order":0,"comment_status":"closed","ping_status":"closed","template":"","meta":{"_acf_changed":false,"footnotes":""},"class_list":["post-4870","page","type-page","status-publish","has-post-thumbnail","hentry"],"acf":[],"_links":{"self":[{"href":"https:\/\/ebblo.com\/de\/wp-json\/wp\/v2\/pages\/4870","targetHints":{"allow":["GET"]}}],"collection":[{"href":"https:\/\/ebblo.com\/de\/wp-json\/wp\/v2\/pages"}],"about":[{"href":"https:\/\/ebblo.com\/de\/wp-json\/wp\/v2\/types\/page"}],"author":[{"embeddable":true,"href":"https:\/\/ebblo.com\/de\/wp-json\/wp\/v2\/users\/4"}],"replies":[{"embeddable":true,"href":"https:\/\/ebblo.com\/de\/wp-json\/wp\/v2\/comments?post=4870"}],"version-history":[{"count":23,"href":"https:\/\/ebblo.com\/de\/wp-json\/wp\/v2\/pages\/4870\/revisions"}],"predecessor-version":[{"id":11317,"href":"https:\/\/ebblo.com\/de\/wp-json\/wp\/v2\/pages\/4870\/revisions\/11317"}],"up":[{"embeddable":true,"href":"https:\/\/ebblo.com\/de\/wp-json\/wp\/v2\/pages\/4850"}],"wp:featuredmedia":[{"embeddable":true,"href":"https:\/\/ebblo.com\/de\/wp-json\/wp\/v2\/media\/4828"}],"wp:attachment":[{"href":"https:\/\/ebblo.com\/de\/wp-json\/wp\/v2\/media?parent=4870"}],"curies":[{"name":"wp","href":"https:\/\/api.w.org\/{rel}","templated":true}]}}