{"id":4448,"date":"2026-01-12T10:02:33","date_gmt":"2026-01-12T09:02:33","guid":{"rendered":"https:\/\/ebblo.musterpage.ch\/dev\/?page_id=4448"},"modified":"2026-03-30T14:21:17","modified_gmt":"2026-03-30T12:21:17","slug":"duales-studium","status":"publish","type":"page","link":"https:\/\/ebblo.com\/de\/ueber-uns\/karriere\/duales-studium\/","title":{"rendered":"Duales Studium"},"content":{"rendered":"\n<section id=\"res-header-image-block_db616b41e6ae67be2958d4ff218004df\" class=\"res-block res-header-image alignfull style-standard background: transparent m-no\">\n  <div class=\"res-header-img-outside fadeIn duration1 \"  data-aos=\"res-fadeIn\">\n\t<div class=\"res-header-height \">\n\t\t\n\t\n\t  <style> \n\t\t  @media only screen and (min-width: 970px) {\n\t\t\t #res-header-image-block_db616b41e6ae67be2958d4ff218004df.res-header-image .layout-1.header-img-height { height: 40vh;}  \n\t\t\t #res-header-image-block_db616b41e6ae67be2958d4ff218004df.res-header-image .layout-1 .res-header-image-vertical-center { top: 66%;} \n\t\t\t  \t\t\t  \n\t\t\t\t\t\t  #res-header-image-block_db616b41e6ae67be2958d4ff218004df.res-header-image .layout-1 .jarallax-img { object-position: 50% 70% !important;}\n\t\t\t \n          \t\t  }\n\n\n\t\t  @media only screen and (max-width: 970px) {\n\n                      #res-header-image-block_db616b41e6ae67be2958d4ff218004df.res-header-image .layout-1.header-img-height { height: 45vh;}\n          \n                      #res-header-image-block_db616b41e6ae67be2958d4ff218004df.res-header-image .layout-1.header-img-mobile { height: 45vh;}\n          \n\t\t\t\n            \n\t\t\t  #res-header-image-block_db616b41e6ae67be2958d4ff218004df.res-header-image .layout-1 .res-header-image-vertical-center { top: 55%;}  \n\t\t\t  \t\t  }\n\t\t            \n                 #res-header-image-block_db616b41e6ae67be2958d4ff218004df.res-header-image .layout-1 .header-img-bg-opacity {\n                     opacity: 1;\n                }\n           \n\t  <\/style>\n\n        <div class=\"layout-1 jarallax header-img-height header-img-desktop\"\n             data-speed=\"0.6\"\n             style=\"background-color: #000;\">\n\n\t\t\t        <div class=\"res-header-image-vertical-center\">\n            <div class=\"container-fluid\">\n\n\t\t\t\t                    <div class=\"sloganBox\">\n                        <div class=\"row\">\n                            <div class=\"col col-md-8 text-left\">\n                                <div class=\"slogan-txt \" data-aos=\"res-leftIncoming\">\n\n\t\t\t\t\t\t\t\t\t\n\t\t\t\t\t\t\t\t\t\n\t\t\t\t\t\t\t\t\t\n\t\t\t\t\t\t\t\t\t\n\t\t\t\t\t\t\t\t\t\n                                <\/div>\n                            <\/div>\n                        <\/div>\n                    <\/div>\n\t\t\t\t\n            <\/div>\n        <\/div>\n\t\t<img loading=\"lazy\" decoding=\"async\" width=\"1920\" height=\"1080\" src=\"https:\/\/ebblo.com\/wp-content\/uploads\/2026\/01\/ebblo-career-duales-studium-1-1920x1080.jpg\" class=\"jarallax-img img-fluid header-img-bg-opacity\" alt=\"\" \/>\n\t\t\t\n        <\/div>\n\n\t\t\n\n       \n\n\t\t<\/div>\n\t<\/div>\n<\/section>\n\n\n\n \n\n\n\n\n<section id=\"res-link-anker-block_d584ab706c39d2372a4325502bb71140\" class=\"linkanker-section\">\n<div  class=\"res-block res-link-anker alignfull style-standard py-2  Brand-Color \" style=\"\">\n\n  <div class=\"inner-container container-wide\" data-aos=\"res-fadeIn\">\n\t  \n\t  \t\t<div class=\"breadcrumbs\"><nav class=\"breadcrumb\" data-aos=\"res-fadeIn\"><span class=\"breadcrumb-item\">Home<\/span> <i class=\"fa-solid fa-angle-right mx-1 font-weight-normal\"><\/i> <\/nav><\/div>\n\t\t  \n\t\n\n      \n\n\n\n\n\n\n\t\t\n  \n\n\t<\/div>\n  <\/div>\n<\/section>\n\n\t<section id=\"res-nav-tab-block_3be73410233f0027215b69cff6d0a3fd\" class=\"res-block res-navtab alignfull style-standard layout01 py-1  Grau  \" style=\"background-color: #f4f4f4;\">\n\t\t<div class=\"inner-container container-wide\" data-aos=\"res-fadeIn\">\n\n\t\t\t\n\t\t\t\t\t\t\t\t\t\t\t <div class=\"subnavonepagerScrollerto \">\n\n\t\t\t\t\t\t\t\t\t\t\t\t\t<ul class=\"mobilenav-container\">\n\t\t\t\t\t\t\t\t<li class=\"mobile-dropdown-menu-opener current-page active\">\n\t\t\t\t\t\t\t\t\t<div class=\"nav-item-wrap\">Duales Studium<i class=\"fa-light fa-chevron-down nav-arrow\"><\/i><\/div>\n\t\t\t\t\t\t\t\t<\/li>\n\t\t\t\t\t\t\t<\/ul>\n\t\t\t\t\t\t\t<div class=\"res-block-navigation dration2 fadeIn\">\n\t\t\t\t\t\t\t\t<div class=\"res-mobile-subnav navbar-collapse\"><ul id=\"menu-subnav-karriere\" class=\"nav nav-pills nav-fill nav-quer\"><li itemscope=\"itemscope\" itemtype=\"https:\/\/www.schema.org\/SiteNavigationElement\" id=\"menu-item-10964\" class=\"menu-item menu-item-type-post_type menu-item-object-page menu-item-10964 nav-item\"><a title=\"Karriere\" href=\"https:\/\/ebblo.com\/de\/ueber-uns\/karriere\/\" class=\"nav-link\">Karriere<\/a><\/li>\n<li itemscope=\"itemscope\" itemtype=\"https:\/\/www.schema.org\/SiteNavigationElement\" id=\"menu-item-10965\" class=\"menu-item menu-item-type-post_type menu-item-object-page menu-item-10965 nav-item\"><a title=\"Duales Studium\" href=\"https:\/\/ebblo.com\/de\/ueber-uns\/karriere\/duales-studium\/\" class=\"nav-link\">Duales Studium<\/a><\/li>\n<li itemscope=\"itemscope\" itemtype=\"https:\/\/www.schema.org\/SiteNavigationElement\" id=\"menu-item-10966\" class=\"menu-item menu-item-type-post_type menu-item-object-page menu-item-10966 nav-item\"><a title=\"Lehrstellen\" href=\"https:\/\/ebblo.com\/de\/ueber-uns\/karriere\/lehrstellen\/\" class=\"nav-link\">Lehrstellen<\/a><\/li>\n<\/ul><\/div>\t\t\t\t\t\t\t<\/div>\n\t\t\t\t\t\t\t\t\t\t\t<\/div>\n\t\t\t\t\t\n\t\t<\/div>\n\t<\/section>\n\n\n\n\n\n<section id=\"res-text-bild-block_b8d5d33659861fa5ec40b9c68cdcd9e5\" class=\"res-block res-text-bild alignwide style-03 layout01 py-4  Transparent\" style=\"background: transparent;\">\n  <div class=\"inner-container container-off \" data-aos=\"res-fadeIn\">\n\n\t\t\t  <style>\n\t\t\t @media only screen and (min-width: 970px) {\n\t\t\t  #res-text-bild-block_b8d5d33659861fa5ec40b9c68cdcd9e5.res-text-bild .layout-1 .txt-imagebox.offset-md-1 {margin-left: 15%;}\n\t\t\t  #res-text-bild-block_b8d5d33659861fa5ec40b9c68cdcd9e5.res-text-bild .layout-1 .txt-teaser-2spalten01.spalten-abstand {padding-right: %;}\n\t\t\t  #res-text-bild-block_b8d5d33659861fa5ec40b9c68cdcd9e5.res-text-bild .layout-1 .txt-box.offset-md-1 {margin-left: 15%;}\n\t\t\t\t\t\t\t}\n\t\t\t \n\t\t  <\/style>\n\n\n        <div class=\"layout-1 row  \">\n\t\t\t<div class=\"col-md-8 txt-box  \">\n\t\t\t\t<div class=\"txt-title-field\">\n\t\t\t\t\t\t\t\t\t\t   <h1 class=\"title-h1 \">Duales Studium bei ebblo<\/h1>\n\t\t\t\t\t\n\t\t\t\t\t\t\t\t\t\t   <h2 class=\"title-h2 \">Karriere<\/h2>\n\t\t\t\t\t\n\t\t\t\t\t\t\t\t\t<\/div>\n\t\t\t <div class=\"txt-text postContent pt-2 pt-md-2 \">\n\n\t\t\t\t\t\t\t\t\t\t \t\t\t\t\t\t  <p>Der \u00f6ffentliche Personennahverkehr ist eine Branche mit Zukunft. ebblo beliefert diesen interessanten Markt mit innovativen Produkten und L\u00f6sungen. Hier bist Du richtig, wenn Dein duales Studium m\u00f6glichst vielseitig, anspruchsvoll, eigenverantwortlich und international ausgerichtet sein soll! Wir bieten Dir in verschiedenen Abteilungen die M\u00f6glichkeit, das Studium an der DHBW in Ravensburg, Villingen-Schwenningen oder Stuttgart zu absolvieren.<\/p>\n\t\t\t\t\t\t\t\t\t\t\t\n\t\t\t\t\n\t\t\t\t\t \n\t\t\t\t\t\n\t\t\t\t<\/div>\n\n\n\t\t\t<\/div>\n\n\t\t\t<div class=\"col-md mb-2 mt-md-1 txt-imagebox  offset-md-1 \">\n\n\t\t\t\t\t\t\t\t\t\t<img loading=\"lazy\" decoding=\"async\" width=\"540\" height=\"624\" src=\"https:\/\/ebblo.com\/wp-content\/uploads\/2026\/01\/DHBW-Logo_mit_Partner_-_28de80_-_1523056284490984232181961d6e7ddb0eb7a176.webp\" class=\"img-fluid w-100 txt-img\" alt=\"\" srcset=\"https:\/\/ebblo.com\/wp-content\/uploads\/2026\/01\/DHBW-Logo_mit_Partner_-_28de80_-_1523056284490984232181961d6e7ddb0eb7a176.webp 540w, https:\/\/ebblo.com\/wp-content\/uploads\/2026\/01\/DHBW-Logo_mit_Partner_-_28de80_-_1523056284490984232181961d6e7ddb0eb7a176-519x600.webp 519w\" sizes=\"auto, (max-width: 540px) 100vw, 540px\" \/>\t\t\t\t\t\t\t<\/div>\n\n\t\n\t<\/div>\n<\/section>\n\n\n\n\n\n<section id=\"res-text-bild-block_210497e27afe902bc55a879b3061ebb3\" class=\"res-block res-text-bild alignfull style-standard layout01 py-4  Grau\" style=\"background-color: #f4f4f4;\">\n  <div class=\"inner-container container-wide \" data-aos=\"res-downIncomingMore\">\n\n\t\t\t  <style>\n\t\t\t @media only screen and (min-width: 970px) {\n\t\t\t  #res-text-bild-block_210497e27afe902bc55a879b3061ebb3.res-text-bild .layout-1 .txt-imagebox.offset-md-1 {margin-left: 8%;}\n\t\t\t  #res-text-bild-block_210497e27afe902bc55a879b3061ebb3.res-text-bild .layout-1 .txt-teaser-2spalten01.spalten-abstand {padding-right: %;}\n\t\t\t  #res-text-bild-block_210497e27afe902bc55a879b3061ebb3.res-text-bild .layout-1 .txt-box.offset-md-1 {margin-left: 8%;}\n\t\t\t\t\t\t\t}\n\t\t\t \n\t\t  <\/style>\n\n\n        <div class=\"layout-1 row  \">\n\t\t\t<div class=\"col-md-6 txt-box  \">\n\t\t\t\t<div class=\"txt-title-field\">\n\t\t\t\t\t\n\t\t\t\t\t\t\t\t\t\t   <h2 class=\"title-h2 \">Technical Sales &amp; System Engineering<\/h2>\n\t\t\t\t\t\n\t\t\t\t\t\t\t\t\t<\/div>\n\t\t\t <div class=\"txt-text postContent pt-2 pt-md-2 \">\n\n\t\t\t\t\t\t\t\t\t\t \t\t\t\t\t\t  <p class=\"ewa-rteLine\">Innerhalb der Praxisphasen Deines dualen Studiums lernst Du vor allem zwei Abteilungen kennen: einerseits das System Engineering (mit den Themengebieten Data &amp; Statistics, Control Centre &amp; IT sowie Mobile Components) und andererseits den Bereich \u00abTechnical Sales\u00bb.<\/p>\n<div class=\"ewa-rteLine\"><\/div>\n<p class=\"ewa-rteLine\">Im Bereich System Engineering erlebst Du die verschiedenen Phasen der Projektabwicklung aus der Sicht aller beteiligten Gewerke. Du erlangst in dieser Zeit das Hintergrundwissen \u00fcber die Funktionalit\u00e4ten und Zusammenh\u00e4nge unserer Systeme sowie die zugrunde liegenden Technologien. Auch bekommst Du Einblicke in andere Bereiche eines typischen Industrie- und IT-Unternehmens, z.B. unser Projektmanagement oder unsere Software- und Hardware-Entwicklung.<\/p>\n<div class=\"ewa-rteLine\"><\/div>\n<p class=\"ewa-rteLine\">Die Abteilung Technical Sales k\u00fcmmert sich innerhalb der Vertriebsorganisation von ebblo um alle angebots- und ausschreibungsrelevanten Arbeiten. Basierend auf dem Wissen, das Du Dir im System Engineering angeeignet hast, lernst Du hier alle kommerziellen Aspekte kennen. Du erstellst Angebote inklusive der zugeh\u00f6rigen Kalkulation und erarbeitest zusammen mit weiteren internen Beteiligten passende Kundenangebote. Dar\u00fcber hinaus wirkst Du auch an der Bearbeitung von europaweiten Ausschreibungen mit.<\/p>\n<div class=\"ewa-rteLine\"><\/div>\n<p class=\"ewa-rteLine\">Nach und nach \u00fcbernimmst Du immer mehr Aufgaben und erledigst diese eigenst\u00e4ndig. Du bist am Ende des Studiums in der Lage, die verschiedenen T\u00e4tigkeiten im Technical Sales und in der Projektabwicklung selbstst\u00e4ndig durchzuf\u00fchren \u2013 entweder als Spezialist in einem der Bereiche oder auch als Allrounder f\u00fcr alle Bereiche. W\u00e4hrend der Praxisphasen hast Du stets Kundenkontakt und bist auch bei Vor-Ort-Eins\u00e4tzen dabei, beispielsweise bei Erstgespr\u00e4chen mit Kunden, Angebotspr\u00e4sentationen, Angebotsverhandlungen, Kick-offs, Installationen, Inbetriebnahmen und Abnahmen.<\/p>\n<div class=\"ewa-rteLine\"><\/div>\n<p class=\"ewa-rteLine\">Unser Erfolg liegt im langfristigen Engagement f\u00e4higer und motivierter Mitarbeiter. Deshalb ist es unser Ziel, Dich ideal auszubilden und nach dem erfolgreichen Abschluss Deines Studiums entweder als System Engineer oder als Bid Manager im Vertrieb zu \u00fcbernehmen.<\/p>\n<div class=\"ewa-rteLine\"><\/div>\n<p class=\"ewa-rteLine\">Studiengang:<\/p>\n<ul>\n<li class=\"ewa-rteLine\">Wirtschaftsinformatik<\/li>\n<\/ul>\n\t\t\t\t\t\t\t\t\t\t\t\n\t\t\t\t\n\t\t\t\t\t \n\t\t\t\t\t\n\t\t\t\t<\/div>\n\n\n\t\t\t<\/div>\n\n\t\t\t<div class=\"col-md mb-2 mt-md-1 txt-imagebox  offset-md-1 \">\n\n\t\t\t\t\t\t\t\t\t\t<img loading=\"lazy\" decoding=\"async\" width=\"1000\" height=\"750\" src=\"https:\/\/ebblo.com\/wp-content\/uploads\/2026\/01\/ChatGPT-Image-29.-Apr.-2025-13_49_06-1-1000x750.png\" class=\"img-fluid w-100 txt-img\" alt=\"\" \/>\t\t\t\t\t\t\t<\/div>\n\n\t\n\t<\/div>\n<\/section>\n\n\n\n\n\n<section id=\"res-text-bild-block_1381d9e2ac7fccbf64da2cb1eb1340c4\" class=\"res-block res-text-bild alignfull style-standard layout01 py-4  Transparent\" style=\"background: transparent;\">\n  <div class=\"inner-container container-wide \" data-aos=\"res-downIncomingMore\">\n\n\t\t\t  <style>\n\t\t\t @media only screen and (min-width: 970px) {\n\t\t\t  #res-text-bild-block_1381d9e2ac7fccbf64da2cb1eb1340c4.res-text-bild .layout-1 .txt-imagebox.offset-md-1 {margin-left: 8%;}\n\t\t\t  #res-text-bild-block_1381d9e2ac7fccbf64da2cb1eb1340c4.res-text-bild .layout-1 .txt-teaser-2spalten01.spalten-abstand {padding-right: %;}\n\t\t\t  #res-text-bild-block_1381d9e2ac7fccbf64da2cb1eb1340c4.res-text-bild .layout-1 .txt-box.offset-md-1 {margin-left: 8%;}\n\t\t\t\t\t\t\t}\n\t\t\t \n\t\t  <\/style>\n\n\n        <div class=\"layout-1 row flex-row-reverse \">\n\t\t\t<div class=\"col-md-6 txt-box  offset-md-1\">\n\t\t\t\t<div class=\"txt-title-field\">\n\t\t\t\t\t\n\t\t\t\t\t\t\t\t\t\t   <h2 class=\"title-h2 \">Service Management<\/h2>\n\t\t\t\t\t\n\t\t\t\t\t\t\t\t\t<\/div>\n\t\t\t <div class=\"txt-text postContent pt-2 pt-md-2 \">\n\n\t\t\t\t\t\t\t\t\t\t \t\t\t\t\t\t  <p>Innerhalb der Praxisphasen Deines dualen Studiums erh\u00e4ltst Du im Bereich Service Management einen umfassenden Einblick in unsere technischen L\u00f6sungen und Kundenbeziehungen. Nachdem Du unsere Abl\u00e4ufe und Prozesse kennengelernt hast und mit unseren Systemen vertraut bist, \u00fcbertragen wir Dir die Verantwortung f\u00fcr eigene kleinere Projekte \u2013 beispielsweise Prozessverbesserungen oder Digitalisierungsinitiativen.<\/p>\n<p>Du \u00fcbernimmst die kommerzielle Verantwortung f\u00fcr Servicevertr\u00e4ge \u2013 dabei lernst Du, Vertr\u00e4ge zu erstellen und richtig zu verhandeln. Du begleitest diesen Prozess bis zum erfolgreichen Vertragsabschluss mit unseren Kundinnen und Kunden. Bei uns bist Du an der Entwicklung innovativer Gesch\u00e4ftsmodelle und der Gestaltung neuer Services direkt und aktiv beteiligt.<\/p>\n<p>Wir arbeiten international und vernetzt \u2013 dies erm\u00f6glicht Dir spannende Dienstreisen und eine Kooperation mit Kolleginnen und Kollegen aus aller Welt. Ein Teil Deiner Aufgaben wird darin bestehen, Management Reports direkt an den Konzern zu erstellen. Dar\u00fcber hinaus wirst Du vielseitige Erfahrungen sammeln durch die Schnittstellen zwischen Service Management und weiteren Unternehmensbereichen wie Marketing, Software-Entwicklung, Hardware-Entwicklung oder Projektmanagement.<\/p>\n<p>Unser Erfolg liegt im langfristigen Engagement f\u00e4higer und motivierter Mitarbeiter. Deshalb ist es unser Ziel, Dich ideal auszubilden und nach dem erfolgreichen Abschluss Deines Studiums zu \u00fcbernehmen.<\/p>\n<p>Studiengang:<\/p>\n<ul>\n<li>BWL \u2013 Industrie<\/li>\n<li>International Business<\/li>\n<\/ul>\n\t\t\t\t\t\t\t\t\t\t\t\n\t\t\t\t\n\t\t\t\t\t \n\t\t\t\t\t\n\t\t\t\t<\/div>\n\n\n\t\t\t<\/div>\n\n\t\t\t<div class=\"col-md mb-2 mt-md-1 txt-imagebox   \">\n\n\t\t\t\t\t\t\t\t\t\t<img loading=\"lazy\" decoding=\"async\" width=\"1000\" height=\"750\" src=\"https:\/\/ebblo.com\/wp-content\/uploads\/2026\/01\/ChatGPT-Image-29.-Apr.-2025-14_08_07-1000x750.png\" class=\"img-fluid w-100 txt-img\" alt=\"\" \/>\t\t\t\t\t\t\t<\/div>\n\n\t\n\t<\/div>\n<\/section>\n\n\n\n\n\n\n<section id=\"res-txt-block_ea18b7da97ceda6976cf2e8d9de458bc\" class=\"res-block res-txt alignfull style-standard layout02 py-4  Grau\" style=\"background-color: #f4f4f4;\">\n  <div class=\"inner-container container \" data-aos=\"res-downIncomingMore\">\n \n\t\t  \n\t\t  <style>\n\t\t @media only screen and (min-width: 970px) {\n\t\t  #res-txt-block_ea18b7da97ceda6976cf2e8d9de458bc.res-txt .layout-2 .spalten-abstand-1 { margin-right: calc(10% \/ 2);}\n\t\t  #res-txt-block_ea18b7da97ceda6976cf2e8d9de458bc.res-txt .layout-2 .spalten-abstand-2 { margin-left: calc(10% \/ 2);}\n\t  <\/style>\n\t      \n    <div class=\"layout-2 txt-editor-spalten\">\n     <div class=\"row row-cols-1 row-cols-md- no-gutters\">\n\t \n\t\t \n        <!--   Spaltentext Loop Row  -->\n                                   <div class=\"col\">\n                     <div class=\"postContent\">\n\n                    <!--  Spalten Repeater  -->\n                                           \n                      <div class=\"row text-spalten-Box no-gutters \"> \n\n                            <div class=\"col-md-6 text-spalten-spalte01 \">\n                                <div class=\"spalten-abstand-1\">\n                                <h3><strong>Das bringst Du mit:<\/strong><\/h3>\n<ul>\n<li>Eine gute allgemeine Hochschulreife bzw. notwendige Zulassungsvoraussetzungen f\u00fcr ein duales Studium<\/li>\n<li>Verhandlungssicheres Deutsch in Wort und Schrift<\/li>\n<li>Gute Englischkenntnisse<\/li>\n<li>Gute PC-Kenntnisse (MS Office)<\/li>\n<li>Teamf\u00e4higkeit, einen selbstst\u00e4ndigen und verantwortungsbewussten Arbeitsstil sowie eine ausgepr\u00e4gte Technikaffinit\u00e4t<\/li>\n<\/ul>\n                                <\/div>     \n                            <\/div>\n\n                            <div class=\"col-md text-spalten-spalte02 \">\n                                <div class=\"spalten-abstand-2\">\n                              <h3><strong>Das bieten wir Dir<\/strong><\/h3>\n<ul>\n<li>Verschiedene Studieng\u00e4nge<\/li>\n<li>Nach erfolgreichem Bachelorabschluss ist eine \u00dcbernahme grunds\u00e4tzlich m\u00f6glich, au\u00dferdem bieten wir diverse Weiterbildungsm\u00f6glichkeiten an (z.B. berufsbegleitendes Masterstudium)<\/li>\n<li>Attraktives Gehalt<\/li>\n<li>Dynamisches und modernes Arbeitsumfeld<\/li>\n<li>Mitarbeiter-Events<\/li>\n<li>\u00dcbernahme von Semester-\/Skriptgeb\u00fchren<\/li>\n<\/ul>\n                            \t<\/div>\n                            <\/div>\n\n                      <\/div>\t\t\t\n\n                                           \n                    <\/div>\n                 <\/div>\n\n                                    <\/div> \n        <\/div>  \n\t \n\t  \n \n \n\t<\/div>\n<\/section>\n\n\n\n\n\n\n<section id=\"res-txt-block_5147848ff1408ff7aef7deb09197afda\" class=\"res-block res-txt style-standard layout01 py-4  Transparent\" style=\"background: transparent;\">\n  <div class=\"inner-container container-off \" data-aos=\"res-downIncomingMore\">\n \n\t\t  \n\t\t \t  \n      \n      <div class=\"layout-1 txt-section\">\n\t\t<div class=\"row\">\t\n\t\t\t\n\t\t\n\t\t\t<div class=\"col-md-10 var-1spalten text-left\">\n\t\t\t\t\n\t\t\t\t<div class=\"txt-title-field\">\n\t\n\t\t\t\t\t\n\t\t\n\t\t\t\t  \n\t\t\t\t   <h2 class=\"title-h2 \">Bewerbung und weitere Informationen<\/h2>\n\t\t\t\t\n\t\t\t\t\t\n\t\t\t\t\t \n\t\t\t\t\t<\/div>\n\n\t\t\t\t\t\t\t\t\t<div class=\"txt-textfield postContent pt-md-1 \">\n                        <p>Wir freuen uns auf Deine kompletten Bewerbungsunterlagen per E-Mail mit Lebenslauf, Schulzeugnis und Anschreiben oder direkt \u00fcber unsere\u00a0<a href=\"https:\/\/wd3.myworkdaysite.com\/de-DE\/recruiting\/modaxo\/ebbloWesternEurope\" target=\"_blank\" rel=\"noopener\">offenen Stellen<\/a>. Weitere Informationen zu den einzelnen Studieng\u00e4ngen findest Du bei der\u00a0<a href=\"https:\/\/www.ravensburg.dhbw.de\/studienangebot\/bachelor-studiengaenge#cat-0\" target=\"_blank\" rel=\"noopener\">DHBW-Ravensburg<\/a>, der\u00a0<a href=\"https:\/\/www.dhbw-vs.de\/studieninteressierte\/bachelor-wirtschaft.html\" target=\"_blank\" rel=\"noopener\">DHBW-Villingen-Schwenningen<\/a>\u00a0und der\u00a0<a href=\"https:\/\/www.dhbw-stuttgart.de\/studium\/bachelor-studienangebot\/wirtschaft\/\" target=\"_blank\" rel=\"noopener\">DHBW-Stuttgart<\/a>.<\/p>\n\t\t\t\t\t<\/div>\n                \n                \n\t\t\t\t\t            <\/div>\n\t\t\t\t <\/div> \t\n\t\t<\/div>\n\t \n\t  \n \n \n\t<\/div>\n<\/section>\n\n\n\n\n\n\n<section id=\"res-txt-block_1c68ba650aa80859dae784094bb0de87\" class=\"res-block res-txt alignfull style-02 layout01 py-4  Gruen\" style=\"background-color: #099F81;\">\n  <div class=\"inner-container container-wide \" data-aos=\"res-downIncomingMore\">\n \n\t\t  \n\t\t \t  \n      \n      <div class=\"layout-1 txt-section\">\n\t\t<div class=\"row\">\t\n\t\t\t\n\t\t\n\t\t\t<div class=\"col-md-7 var-1spalten text-left\">\n\t\t\t\t\n\t\t\t\t<div class=\"txt-title-field\">\n\t\n\t\t\t\t\t\n\t\t\n\t\t\t\t  \n\t\t\t\t   <h2 class=\"title-h2 \">Interessiert? Unsere offenen Stellen f\u00fcrs duale Studium<\/h2>\n\t\t\t\t\n\t\t\t\t\t\n\t\t\t\t\t \n\t\t\t\t\t<\/div>\n\n\t\t\t\t\n                \t\t\t\t\t <div class=\"txt-textfield-btns pt-2 text-left \">\n\t\t\t\t\t\t\t\t\t\t\t\t\t\t\t<a class=\"btn  btn-primary \" href=\"https:\/\/wd3.myworkdaysite.com\/de-DE\/recruiting\/modaxo\/ebbloWesternEurope\" target=\"_blank\">Offenen Stellen f\u00fcrs duale Studium<\/a>\n                                \t\t\t\t\t\t\t\t\t\t\t\t<\/div>\n                \n\t\t\t\t\t            <\/div>\n\t\t\t\t <\/div> \t\n\t\t<\/div>\n\t \n\t  \n \n \n\t<\/div>\n<\/section>\n\n\n\n\n\n\n<section id=\"res-txt-block_a371e17e3866421d1e0589afbd29ba01\" class=\"res-block res-txt alignwide style-standard layout01 pt-4  Transparent\" style=\"background: transparent;\">\n  <div class=\"inner-container container-off \" data-aos=\"res-fadeIn\">\n \n\t\t  \n\t\t \t  \n      \n      <div class=\"layout-1 txt-section\">\n\t\t<div class=\"row\">\t\n\t\t\t\n\t\t\n\t\t\t<div class=\"col-md-12 var-1spalten text-left\">\n\t\t\t\t\n\t\t\t\t<div class=\"txt-title-field\">\n\t\n\t\t\t\t\t\n\t\t\n\t\t\t\t  \n\t\t\t\t   <h2 class=\"title-h2 \">Dein Kontakt<\/h2>\n\t\t\t\t\n\t\t\t\t\t\n\t\t\t\t\t \n\t\t\t\t\t<\/div>\n\n\t\t\t\t\n                \n\t\t\t\t\t            <\/div>\n\t\t\t\t <\/div> \t\n\t\t<\/div>\n\t \n\t  \n \n \n\t<\/div>\n<\/section>\n\n\n\n \n\t<section id=\"filter-everything-container\" class=\"res-block res-boxes alignwide style-02 pt-3  Transparent\" style=\"background: transparent;\">\n        \n        \t\t\n        <div class=\"inner-container container-off \" data-aos=\"res-fadeIn\">\n\n\t\t\t<style>\n\t\t\t\t                \n                \n\t\t\t\t@media only screen and (min-width: 970px) {\n#res-boxes-block_d8a6a19031f94c3cb9c618c6fbc090f0 .box-col, #res-boxes-block_d8a6a19031f94c3cb9c618c6fbc090f0 .box-item {\n    padding-right: 0px;\n    padding-left: 0px;\n}\n\n#res-boxes-block_d8a6a19031f94c3cb9c618c6fbc090f0 .row {\n    margin-right: -0px;\n    margin-left: -0px;\n}\n\n\n\t\t\t\t\t\n\t\t\t\t\t\t\t\t}\n\t\t\t<\/style>\n\n\t\t\t\n\t\t\t\n\t\t\t<div id=\"res-boxes-block_d8a6a19031f94c3cb9c618c6fbc090f0\" class=\"row row-cols-1 row-cols-md-2 no-gutters boxes-frame equal-boxheight \" >\n\n\t\t\t\t\n\t\t\t\t\n\t\t\t\t\t\t\t\t<div class=\"col-md team-col mb-3 mb-md-3 box-item team-item boxlayout03   \" >\n\n\t\t\t\t\t<div class=\"box-inner team-url-link  bg-light  h-100\">\n\n\t\t\t\t\t\t\t\t\t\t\t\t\t<div class=\"teamBox postBox text-left \">\n\n\t\t\t\t\t\t\t\t\t\t\t\t\t\t\t\t\t<div class=\"teamImg postImg mb-1 overflow-hidden \">\n                                    <img loading=\"lazy\" decoding=\"async\" width=\"1000\" height=\"750\" src=\"https:\/\/ebblo.com\/wp-content\/uploads\/2026\/01\/Rialda-Ademi-1000x750.jpg\" class=\"img-fluid w-100 post-img\" alt=\"\" \/>                                <\/div>\n\t\t\t\t\t\t\t\t\n\t\t\t\t\t\t\t\t<div class=\"teamContent postContent box-padding03 h-100\">\n\t\t\t\t\t\t\t\t<div class=\"texte-team\">\n\t\t\t\t\t\t\t\t\t<h2>Rialda Ademi<\/h2>\n\n\t\t\t\t\t\t\t\t\t\t\t\t\t\t\t\t\t<div class=\"vorschau-text pb-1\">\n\t\t\t\t\t\t\t\t\t\tHR Business Partner\t\t\t\t\t\t\t\t\t<\/div>\n\t\t\t\t\t\t\t\t\t\t\t\t\t\t\t\t<\/div>\n\n\t\t\t\t\t\t\t\t\t\t\t\t\t\t\t\t\t\t\t\t\t\t\t\t\t\t\t\t\t\t\t\t\t\t                                    \n\t<div class=\"team-infos pb-1\">\n\n\t\t\n\t\t\t\t\t<div class=\"team-kontakt pt-1\">\n\t\t\t\t\t\t\t\t<object>\n\t\t\t\t\t<a href=\"mailto:rialda.ademi@ebblo.com\"\n\t\t\t\t\t   class=\"team-contact-icon-link \"\n\t\t\t\t\t   title=\"rialda.ademi@ebblo.com\">\n\t\t\t\t\t\t<i class=\"fa-solid fa-envelope\"><\/i>\t\t\t\t\t\t<span class=\"contact-text\">rialda.ademi@ebblo.com<\/span>\n\t\t\t\t\t<\/a><\/object>\n\t\t\t\t\t\t\t<\/div>\n\t\t\n\t\t\t\t\t<div class=\"team-social pt-1\">\n\t\t\t\t\t\t\t\t<object>\n\t\t\t\t\t<a href=\"https:\/\/www.linkedin.com\/in\/rialda-ademi-241131226\/\"\n\t\t\t\t\t   class=\"team-social-icon-link\"\n\t\t\t\t\t   target=\"_blank\"\n\t\t\t\t\t   title=\"LinkedIn\">\n\t\t\t\t\t\t<i class=\"fa-brands fa-linkedin-in\"><\/i>\t\t\t\t\t<\/a><\/object>\n\t\t\t\t\t\t\t<\/div>\n\t\t\n\t<\/div>\n\n                                    \n\n\n\n\n\n\t\t\t\t\t\t\t<\/div>\n\t\t\t\t\t<\/div>\n\t\t\t\t\t\n\t\t\t\t\t\t\t\t\t<\/div>\n\n\t\t\t\t<\/div>\n\n\t\t\t\t\t\t\t\t\t\t<\/div>\n\t\t\t\t<\/div>\n\n\t\t\t<\/section>\n\n","protected":false},"excerpt":{"rendered":"","protected":false},"author":1,"featured_media":5846,"parent":3770,"menu_order":0,"comment_status":"closed","ping_status":"closed","template":"","meta":{"_acf_changed":false,"footnotes":""},"class_list":["post-4448","page","type-page","status-publish","has-post-thumbnail","hentry"],"acf":[],"_links":{"self":[{"href":"https:\/\/ebblo.com\/de\/wp-json\/wp\/v2\/pages\/4448","targetHints":{"allow":["GET"]}}],"collection":[{"href":"https:\/\/ebblo.com\/de\/wp-json\/wp\/v2\/pages"}],"about":[{"href":"https:\/\/ebblo.com\/de\/wp-json\/wp\/v2\/types\/page"}],"author":[{"embeddable":true,"href":"https:\/\/ebblo.com\/de\/wp-json\/wp\/v2\/users\/1"}],"replies":[{"embeddable":true,"href":"https:\/\/ebblo.com\/de\/wp-json\/wp\/v2\/comments?post=4448"}],"version-history":[{"count":17,"href":"https:\/\/ebblo.com\/de\/wp-json\/wp\/v2\/pages\/4448\/revisions"}],"predecessor-version":[{"id":10968,"href":"https:\/\/ebblo.com\/de\/wp-json\/wp\/v2\/pages\/4448\/revisions\/10968"}],"up":[{"embeddable":true,"href":"https:\/\/ebblo.com\/de\/wp-json\/wp\/v2\/pages\/3770"}],"wp:featuredmedia":[{"embeddable":true,"href":"https:\/\/ebblo.com\/de\/wp-json\/wp\/v2\/media\/5846"}],"wp:attachment":[{"href":"https:\/\/ebblo.com\/de\/wp-json\/wp\/v2\/media?parent=4448"}],"curies":[{"name":"wp","href":"https:\/\/api.w.org\/{rel}","templated":true}]}}