{"id":4433,"date":"2026-01-12T09:36:17","date_gmt":"2026-01-12T08:36:17","guid":{"rendered":"https:\/\/ebblo.musterpage.ch\/dev\/?page_id=4433"},"modified":"2026-03-30T14:14:46","modified_gmt":"2026-03-30T12:14:46","slug":"teilnahmebedingungen","status":"publish","type":"page","link":"https:\/\/ebblo.com\/de\/dienstleistungen\/e-learning-schulungen\/kurskalender\/teilnahmebedingungen\/","title":{"rendered":"Teilnahmebedingungen"},"content":{"rendered":"\n\n\n<section id=\"res-txt-block_f20d7ea6e3e0bcf8cde07383ab684221\" class=\"res-block res-txt style-standard layout01 py-3  Transparent\" style=\"background: transparent;\">\n  <div class=\"inner-container container-off \" data-aos=\"res-fadeIn\">\n \n\t\t  \n\t\t \t  \n      \n      <div class=\"layout-1 txt-section\">\n\t\t<div class=\"row\">\t\n\t\t\t\n\t\t\n\t\t\t<div class=\"col-md-12 var-1spalten text-left\">\n\t\t\t\t\n\t\t\t\t<div class=\"txt-title-field\">\n\t\n\t\t\t\t\t\n\t\t\n\t\t\t\t  \n\t\t\t\t   <h2 class=\"title-h2 \">Anmeldungsprozess<\/h2>\n\t\t\t\t\n\t\t\t\t\t\n\t\t\t\t\t \n\t\t\t\t\t<\/div>\n\n\t\t\t\t\t\t\t\t\t<div class=\"txt-textfield postContent pt-md-2 \">\n                        <p>F\u00fcr Sammelschulungen werden\u00a0<strong>Online-Anmeldungen<\/strong>\u00a0\u00fcber die jeweilige Kursseite bevorzugt.<br \/>\nFalls dies f\u00fcr Ihren Bestellprozess nicht m\u00f6glich ist, k\u00f6nnen Sie sich auch per E-Mail\u00a0(<a href=\"mailto:info@ebblo.com\">info@ebblo.com<\/a>) bei uns melden.<\/p>\n<p>Die Anmeldung zu einer Sammelschulung ist\u00a0<strong>verbindlich<\/strong>, da sie f\u00fcr die Durchf\u00fchrungsentscheidung und unsere Ressourcenplanung massgebend ist.<\/p>\n<p>Nach Eingang der Anmeldung werden Sie per E-Mail von uns kontaktiert und \u00fcber den aktuellen Stand informiert. Sobald die Durchf\u00fchrung garantiert ist (= Mindestteilnehmerzahl erreicht), wird die offizielle\u00a0<strong>Auftragsbest\u00e4tigung<\/strong>\u00a0ausgel\u00f6st.<\/p>\n\t\t\t\t\t<\/div>\n                \n                \n\t\t\t\t\t            <\/div>\n\t\t\t\t <\/div> \t\n\t\t<\/div>\n\t \n\t  \n \n \n\t<\/div>\n<\/section>\n\n\n\n\n\n\n<section id=\"res-txt-block_5deafdac11c962d67254f6c8faf9aff4\" class=\"res-block res-txt style-standard layout01 pb-3  Transparent\" style=\"background: transparent;\">\n  <div class=\"inner-container container-off \" data-aos=\"res-fadeIn\">\n \n\t\t  \n\t\t \t  \n      \n      <div class=\"layout-1 txt-section\">\n\t\t<div class=\"row\">\t\n\t\t\t\n\t\t\n\t\t\t<div class=\"col-md-12 var-1spalten text-left\">\n\t\t\t\t\n\t\t\t\t<div class=\"txt-title-field\">\n\t\n\t\t\t\t\t\n\t\t\n\t\t\t\t  \n\t\t\t\t   <h2 class=\"title-h2 \">Kursgeb\u00fchr<\/h2>\n\t\t\t\t\n\t\t\t\t\t\n\t\t\t\t\t \n\t\t\t\t\t<\/div>\n\n\t\t\t\t\t\t\t\t\t<div class=\"txt-textfield postContent pt-md-2 \">\n                        <p>Der vorgenannte Kurspreis gilt sowohl in Euro als auch in Schweizer Franken (1:1).<\/p>\n<p>Mit der Anmeldung wird best\u00e4tigt, dass Teilnahme und Kosten intern mit den n\u00f6tigen Stellen abgesprochen sind. Im Feld \u00ab<strong>Angabe f\u00fcr Rechnungsstellung<\/strong>\u00bb k\u00f6nnen von Ihrem Betrieb geforderte Bestellnummern, Kostenstellangaben oder \u00c4hnliches erfasst werden.<\/p>\n<p>Der Kurspreis wird nach versandter Auftragsbest\u00e4tigung f\u00e4llig und ist netto ohne Abz\u00fcge innerhalb von 30 Tagen nach Rechnungsdatum zahlbar.<\/p>\n<p>Bei\u00a0<strong>NRH-Kursen<\/strong> (Kurse an einem ebblo-Firmensitz) sind folgende Leistungen in der Geb\u00fchr enthalten:<\/p>\n<p>Kurs f\u00fcr die genannte Dauer, elektronische Kursunterlagen (nicht betriebsspezifisch), Pausen- und Mittagsverpflegung, Bereitstellung von Schulungshardware wie z.B. Schulungsnotebooks oder Fahrzeug-Nachbildungen (je nach Kurs).<br \/>\nNicht enthalten sind: Hotelkosten, weitere Verpflegung und die gesetzliche Mehrwertsteuer.<\/p>\n<p>Bei\u00a0<strong>KVO-Kursen<\/strong>\u00a0(Kurse bei Ihnen vor Ort) sind folgende Leistungen in der Geb\u00fchr enthalten:<\/p>\n<p>Vor-Ort-Einsatz des Kursleiters inkl. Reise und Unterbringung, Termin- und Inhaltsabstimmung, Vorbereitungsaufwand des Trainers, elektronische Kursunterlagen.<br \/>\nNicht enthalten ist die gesetzliche Mehrwertsteuer.<\/p>\n\t\t\t\t\t<\/div>\n                \n                \n\t\t\t\t\t            <\/div>\n\t\t\t\t <\/div> \t\n\t\t<\/div>\n\t \n\t  \n \n \n\t<\/div>\n<\/section>\n\n\n\n\n\n\n<section id=\"res-txt-block_ed3474c169f90fce099a1b9be0027aa0\" class=\"res-block res-txt style-standard layout01 pb-3  Transparent\" style=\"background: transparent;\">\n  <div class=\"inner-container container-off \" data-aos=\"res-fadeIn\">\n \n\t\t  \n\t\t \t  \n      \n      <div class=\"layout-1 txt-section\">\n\t\t<div class=\"row\">\t\n\t\t\t\n\t\t\n\t\t\t<div class=\"col-md-12 var-1spalten text-left\">\n\t\t\t\t\n\t\t\t\t<div class=\"txt-title-field\">\n\t\n\t\t\t\t\t\n\t\t\n\t\t\t\t  \n\t\t\t\t   <h2 class=\"title-h2 \">Annullationsbedingungen<\/h2>\n\t\t\t\t\n\t\t\t\t\t\n\t\t\t\t\t \n\t\t\t\t\t<\/div>\n\n\t\t\t\t\t\t\t\t\t<div class=\"txt-textfield postContent pt-md-2 \">\n                        <p>Solange die Kursdurchf\u00fchrung von ebblo noch nicht garantiert wurde (fehlende Auftragsbest\u00e4tigung), kann die Anmeldung grunds\u00e4tzlich kostenlos zur\u00fcckgezogen werden.<\/p>\n<p>Eine Stornierung der Teilnahme bis sechs Wochen vor Kursbeginn ist schriftlich m\u00f6glich, wobei eine Bearbeitungsgeb\u00fchr von EUR\/CHF 100.- erhoben wird. Wird die Kursteilnahme zu einem sp\u00e4teren Zeitpunkt storniert, werden 80% des Kurspreises f\u00e4llig. Bei Fernbleiben des Teilnehmenden am Kurstag wird die volle Kursgeb\u00fchr verrechnet.<\/p>\n<p>Selbstverst\u00e4ndlich k\u00f6nnen Sie jederzeit \u2013 auch kurzfristig \u2013 einen Ersatzteilnehmer bestimmen. Es liegt in der Verantwortung des Kunden, das Hotel \u00fcber Stornierungen oder Stellvertretungen zu informieren.<\/p>\n\t\t\t\t\t<\/div>\n                \n                \n\t\t\t\t\t            <\/div>\n\t\t\t\t <\/div> \t\n\t\t<\/div>\n\t \n\t  \n \n \n\t<\/div>\n<\/section>\n\n\n\n\n\n\n<section id=\"res-txt-block_1be0ecb99f924427a6bd176a4a5d1fe6\" class=\"res-block res-txt style-standard layout01 pb-3  Transparent\" style=\"background: transparent;\">\n  <div class=\"inner-container container-off \" data-aos=\"res-fadeIn\">\n \n\t\t  \n\t\t \t  \n      \n      <div class=\"layout-1 txt-section\">\n\t\t<div class=\"row\">\t\n\t\t\t\n\t\t\n\t\t\t<div class=\"col-md-12 var-1spalten text-left\">\n\t\t\t\t\n\t\t\t\t<div class=\"txt-title-field\">\n\t\n\t\t\t\t\t\n\t\t\n\t\t\t\t  \n\t\t\t\t   <h2 class=\"title-h2 \">Termin\u00e4nderungen\/Kursabsagen<\/h2>\n\t\t\t\t\n\t\t\t\t\t\n\t\t\t\t\t \n\t\t\t\t\t<\/div>\n\n\t\t\t\t\t\t\t\t\t<div class=\"txt-textfield postContent pt-md-2 \">\n                        <p>ebblo beh\u00e4lt sich das Recht vor, Kurse infolge unzureichender Nachfrage oder bei zwingender Notwendigkeit (z.B. Ausfall des Trainers) ohne die Angabe weiterer Gr\u00fcnde abzusagen bzw. zu verschieben. In einem solchen Fall werden die Teilnehmenden umgehend informiert und es wird ein neuer Termin gesucht.<\/p>\n<p>ebblo \u00fcbernimmt bei Termin\u00e4nderungen oder Kursabsagen gem\u00e4ss diesem Paragraph keinerlei beim Kunden angefallene Kosten (z.B. Fahrkosten, Stornierungskosten f\u00fcr \u00dcbernachtungen).<\/p>\n<p>&nbsp;<\/p>\n\t\t\t\t\t<\/div>\n                \n                \n\t\t\t\t\t            <\/div>\n\t\t\t\t <\/div> \t\n\t\t<\/div>\n\t \n\t  \n \n \n\t<\/div>\n<\/section>\n\n\n\n\n\n\n<section id=\"res-txt-block_8e28604fde12184b4723c2b9dce5fc4c\" class=\"res-block res-txt style-standard layout01 pb-3  Transparent\" style=\"background: transparent;\">\n  <div class=\"inner-container container-off \" data-aos=\"res-fadeIn\">\n \n\t\t  \n\t\t \t  \n      \n      <div class=\"layout-1 txt-section\">\n\t\t<div class=\"row\">\t\n\t\t\t\n\t\t\n\t\t\t<div class=\"col-md-12 var-1spalten text-left\">\n\t\t\t\t\n\t\t\t\t<div class=\"txt-title-field\">\n\t\n\t\t\t\t\t\n\t\t\n\t\t\t\t  \n\t\t\t\t   <h2 class=\"title-h2 \">\u00dcbernachtungsm\u00f6glichkeiten<\/h2>\n\t\t\t\t\n\t\t\t\t\t\n\t\t\t\t\t \n\t\t\t\t\t<\/div>\n\n\t\t\t\t\t\t\t\t\t<div class=\"txt-textfield postContent pt-md-2 \">\n                        <p>In Schaffhausen stehen Ihnen diverse sch\u00f6ne Hotels zur Verf\u00fcgung. Schaffhausen liegt unmittelbar neben Neuhausen am Rheinfall und ist mit S-Bahn, Bus oder Auto innerhalb von wenigen Minuten erreichbar. Die Reservation erfolgt in jedem Fall direkt durch den Kunden.<\/p>\n<p><a href=\"https:\/\/web.archive.org\/web\/20251017172942\/https:\/\/www.wyndhamhotels.com\/de-de\/vienna-house\/schaffhausen-switzerland\/vienna-house-zur-bleiche-schaffhausen\/overview\" target=\"_blank\" rel=\"noopener\">www.viennahouse.com<\/a><\/p>\n<p><a href=\"https:\/\/web.archive.org\/web\/20251017172942\/https:\/\/sorellhotels.com\/de\/hotels\/rueden-schaffhausen\" target=\"_blank\" rel=\"noopener\">www.sorellhotels.com\/de\/hotels\/rueden-schaffhausen<\/a><\/p>\n<p><a href=\"https:\/\/web.archive.org\/web\/20251017172942\/http:\/\/www.kronenhof.ch\/\" target=\"_blank\" rel=\"noopener\">www.kronenhof.ch<\/a><\/p>\n<p><a href=\"https:\/\/web.archive.org\/web\/20251017172942\/http:\/\/www.parkvilla.ch\/\" target=\"_blank\" rel=\"noopener\">www.parkvilla.ch<\/a><\/p>\n<p><a href=\"https:\/\/web.archive.org\/web\/20251017172942\/http:\/\/www.promenade-schaffhausen.ch\/\" target=\"_blank\" rel=\"noopener\">www.promenade-schaffhausen.ch<\/a><\/p>\n<p><a href=\"https:\/\/web.archive.org\/web\/20251017172942\/https:\/\/www.hotel2b.ch\/\" target=\"_blank\" rel=\"noopener\">www.hotel2b.ch<\/a><\/p>\n\t\t\t\t\t<\/div>\n                \n                \n\t\t\t\t\t            <\/div>\n\t\t\t\t <\/div> \t\n\t\t<\/div>\n\t \n\t  \n \n \n\t<\/div>\n<\/section>\n\n\n\n\n\n\n<section id=\"res-txt-block_c04f828e40f4cc649d7cae09c979ee67\" class=\"res-block res-txt style-standard layout01 pb-3  Transparent\" style=\"background: transparent;\">\n  <div class=\"inner-container container-off \" data-aos=\"res-fadeIn\">\n \n\t\t  \n\t\t \t  \n      \n      <div class=\"layout-1 txt-section\">\n\t\t<div class=\"row\">\t\n\t\t\t\n\t\t\n\t\t\t<div class=\"col-md-12 var-1spalten text-left\">\n\t\t\t\t\n\t\t\t\t<div class=\"txt-title-field\">\n\t\n\t\t\t\t\t\n\t\t\n\t\t\t\t  \n\t\t\t\t   <h2 class=\"title-h2 \">Nutzungsrecht\/Copyright\/Geheimhaltung<\/h2>\n\t\t\t\t\n\t\t\t\t\t\n\t\t\t\t\t \n\t\t\t\t\t<\/div>\n\n\t\t\t\t\t\t\t\t\t<div class=\"txt-textfield postContent pt-md-2 \">\n                        <p>ebblo beh\u00e4lt sich das Urheberrecht und die Nutzung an s\u00e4mtlichen von ihr erstellten Programmen und \u00fcbergebenen Unterlagen vor. Die Schulungs-Dokumentation geht mit dem Abschluss des Kurses in den Besitz des Auftraggebers \u00fcber. Damit erh\u00e4lt er das nicht ausschliessliche, nicht \u00fcbertragbare Recht f\u00fcr die betriebsinterne Nutzung der Unterlagen f\u00fcr den eigenen Gebrauch. Das geistige Eigentum der gelieferten Software\/Informationen verbleibt beim Auftragnehmer. Insbesondere ist es ohne anderslautende Zustimmung des Auftragnehmers untersagt, Software\/Schulungsunterlagen und Dokumentationen zu kopieren, zu \u00e4ndern oder an Dritte weiterzugeben. F\u00fcr Unterlagen ist eine Vervielf\u00e4ltigung nur insoweit gestattet, als es f\u00fcr den eigenen Gebrauch, die Instandhaltung oder Instandsetzung erforderlich ist. Von uns erlangte Informationen d\u00fcrfen \u2013 soweit sie nicht allgemein oder Ihnen auf andere Art und Weise rechtm\u00e4ssig bekannt sind \u2013 Dritten nicht zug\u00e4nglich gemacht werden.<\/p>\n\t\t\t\t\t<\/div>\n                \n                \n\t\t\t\t\t            <\/div>\n\t\t\t\t <\/div> \t\n\t\t<\/div>\n\t \n\t  \n \n \n\t<\/div>\n<\/section>\n\n\n\n\n\n\n<section id=\"res-txt-block_7d327c0991166516797b346a095a34ff\" class=\"res-block res-txt style-standard layout01 pb-3  Transparent\" style=\"background: transparent;\">\n  <div class=\"inner-container container-off \" data-aos=\"res-fadeIn\">\n \n\t\t  \n\t\t \t  \n      \n      <div class=\"layout-1 txt-section\">\n\t\t<div class=\"row\">\t\n\t\t\t\n\t\t\n\t\t\t<div class=\"col-md-12 var-1spalten text-left\">\n\t\t\t\t\n\t\t\t\t<div class=\"txt-title-field\">\n\t\n\t\t\t\t\t\n\t\t\n\t\t\t\t  \n\t\t\t\t   <h2 class=\"title-h2 \">Haftung<\/h2>\n\t\t\t\t\n\t\t\t\t\t\n\t\t\t\t\t \n\t\t\t\t\t<\/div>\n\n\t\t\t\t\t\t\t\t\t<div class=\"txt-textfield postContent pt-md-2 \">\n                        <p>ebblo haftet nicht f\u00fcr Sch\u00e4den aus Unf\u00e4llen, Besch\u00e4digungen, Verlust oder Diebstahl, insbesondere auch nicht f\u00fcr Folgesch\u00e4den, die sich aus dieser Bildungsmassnahme ergeben, ausser wenn diese auf vors\u00e4tzlichem oder grob fahrl\u00e4ssigem Verhalten von ebblo beruhen.<\/p>\n\t\t\t\t\t<\/div>\n                \n                \n\t\t\t\t\t            <\/div>\n\t\t\t\t <\/div> \t\n\t\t<\/div>\n\t \n\t  \n \n \n\t<\/div>\n<\/section>\n\n\n\n\n\n\n<section id=\"res-txt-block_d5cc0d16ce1d9ae36bc6c799c1edc77d\" class=\"res-block res-txt style-standard layout01 pb-3  Transparent\" style=\"background: transparent;\">\n  <div class=\"inner-container container-off \" data-aos=\"res-fadeIn\">\n \n\t\t  \n\t\t \t  \n      \n      <div class=\"layout-1 txt-section\">\n\t\t<div class=\"row\">\t\n\t\t\t\n\t\t\n\t\t\t<div class=\"col-md-12 var-1spalten text-left\">\n\t\t\t\t\n\t\t\t\t<div class=\"txt-title-field\">\n\t\n\t\t\t\t\t\n\t\t\n\t\t\t\t  \n\t\t\t\t   <h2 class=\"title-h2 \">Rechtswahl<\/h2>\n\t\t\t\t\n\t\t\t\t\t\n\t\t\t\t\t \n\t\t\t\t\t<\/div>\n\n\t\t\t\t\t\t\t\t\t<div class=\"txt-textfield postContent pt-md-2 \">\n                        <p>Unsere Schulungsangebote unterliegen Schweizer Recht. Gerichtsstand ist 8200 Schaffhausen, Schweiz.<\/p>\n\t\t\t\t\t<\/div>\n                \n                \n\t\t\t\t\t            <\/div>\n\t\t\t\t <\/div> \t\n\t\t<\/div>\n\t \n\t  \n \n \n\t<\/div>\n<\/section>\n\n","protected":false},"excerpt":{"rendered":"","protected":false},"author":1,"featured_media":6127,"parent":4395,"menu_order":0,"comment_status":"closed","ping_status":"closed","template":"","meta":{"_acf_changed":false,"footnotes":""},"class_list":["post-4433","page","type-page","status-publish","has-post-thumbnail","hentry"],"acf":[],"_links":{"self":[{"href":"https:\/\/ebblo.com\/de\/wp-json\/wp\/v2\/pages\/4433","targetHints":{"allow":["GET"]}}],"collection":[{"href":"https:\/\/ebblo.com\/de\/wp-json\/wp\/v2\/pages"}],"about":[{"href":"https:\/\/ebblo.com\/de\/wp-json\/wp\/v2\/types\/page"}],"author":[{"embeddable":true,"href":"https:\/\/ebblo.com\/de\/wp-json\/wp\/v2\/users\/1"}],"replies":[{"embeddable":true,"href":"https:\/\/ebblo.com\/de\/wp-json\/wp\/v2\/comments?post=4433"}],"version-history":[{"count":7,"href":"https:\/\/ebblo.com\/de\/wp-json\/wp\/v2\/pages\/4433\/revisions"}],"predecessor-version":[{"id":10117,"href":"https:\/\/ebblo.com\/de\/wp-json\/wp\/v2\/pages\/4433\/revisions\/10117"}],"up":[{"embeddable":true,"href":"https:\/\/ebblo.com\/de\/wp-json\/wp\/v2\/pages\/4395"}],"wp:featuredmedia":[{"embeddable":true,"href":"https:\/\/ebblo.com\/de\/wp-json\/wp\/v2\/media\/6127"}],"wp:attachment":[{"href":"https:\/\/ebblo.com\/de\/wp-json\/wp\/v2\/media?parent=4433"}],"curies":[{"name":"wp","href":"https:\/\/api.w.org\/{rel}","templated":true}]}}