{"id":4032,"date":"2025-12-10T08:33:27","date_gmt":"2025-12-10T07:33:27","guid":{"rendered":"https:\/\/ebblo.musterpage.ch\/dev\/?page_id=4032"},"modified":"2026-03-31T12:16:58","modified_gmt":"2026-03-31T10:16:58","slug":"dienstleistungen","status":"publish","type":"page","link":"https:\/\/ebblo.com\/de\/dienstleistungen\/","title":{"rendered":"Dienstleistungen"},"content":{"rendered":"\n<section id=\"res-header-image-block_2692877c67407d10a6c374d1eb4a3cce\" class=\"res-block res-header-image alignfull style-standard background: transparent m-no\">\n  <div class=\"res-header-img-outside fadeIn duration1 \"  data-aos=\"res-fadeIn\">\n\t<div class=\"res-header-height \">\n\t\t\n\t\n\t  <style> \n\t\t  @media only screen and (min-width: 970px) {\n\t\t\t #res-header-image-block_2692877c67407d10a6c374d1eb4a3cce.res-header-image .layout-1.header-img-height { height: 40vh;}  \n\t\t\t #res-header-image-block_2692877c67407d10a6c374d1eb4a3cce.res-header-image .layout-1 .res-header-image-vertical-center { top: 66%;} \n\t\t\t  \t\t\t  \n\t\t\t\t\t\t  #res-header-image-block_2692877c67407d10a6c374d1eb4a3cce.res-header-image .layout-1 .jarallax-img { object-position: 50% 65% !important;}\n\t\t\t \n          \t\t  }\n\n\n\t\t  @media only screen and (max-width: 970px) {\n\n                      #res-header-image-block_2692877c67407d10a6c374d1eb4a3cce.res-header-image .layout-1.header-img-height { height: 45vh;}\n          \n                      #res-header-image-block_2692877c67407d10a6c374d1eb4a3cce.res-header-image .layout-1.header-img-mobile { height: 45vh;}\n          \n\t\t\t\n            \n\t\t\t  #res-header-image-block_2692877c67407d10a6c374d1eb4a3cce.res-header-image .layout-1 .res-header-image-vertical-center { top: 55%;}  \n\t\t\t  \t\t  }\n\t\t            \n                 #res-header-image-block_2692877c67407d10a6c374d1eb4a3cce.res-header-image .layout-1 .header-img-bg-opacity {\n                     opacity: 1;\n                }\n           \n\t  <\/style>\n\n        <div class=\"layout-1 jarallax header-img-height header-img-desktop\"\n             data-speed=\"0.6\"\n             style=\"background-color: #000;\">\n\n\t\t\t        <div class=\"res-header-image-vertical-center\">\n            <div class=\"container-fluid\">\n\n\t\t\t\t                    <div class=\"sloganBox\">\n                        <div class=\"row\">\n                            <div class=\"col col-md-8 text-left\">\n                                <div class=\"slogan-txt \" data-aos=\"res-leftIncoming\">\n\n\t\t\t\t\t\t\t\t\t\n\t\t\t\t\t\t\t\t\t\n\t\t\t\t\t\t\t\t\t\n\t\t\t\t\t\t\t\t\t\n\t\t\t\t\t\t\t\t\t\n                                <\/div>\n                            <\/div>\n                        <\/div>\n                    <\/div>\n\t\t\t\t\n            <\/div>\n        <\/div>\n\t\t<img loading=\"lazy\" decoding=\"async\" width=\"1920\" height=\"1080\" src=\"https:\/\/ebblo.com\/wp-content\/uploads\/2026\/01\/header-service-01-1920x1080.jpg\" class=\"jarallax-img img-fluid header-img-bg-opacity\" alt=\"\" \/>\n\t\t\t\n        <\/div>\n\n\t\t\n\n       \n\n\t\t<\/div>\n\t<\/div>\n<\/section>\n\n\n\n \n\n\n\n\n<section id=\"res-link-anker-block_5a19e5ab1c0801b02d3a291dff4da829\" class=\"linkanker-section\">\n<div  class=\"res-block res-link-anker alignfull style-standard py-2  Brand-Color \" style=\"\">\n\n  <div class=\"inner-container container-wide\" data-aos=\"res-fadeIn\">\n\t  \n\t  \t\t<div class=\"breadcrumbs\"><nav class=\"breadcrumb\" data-aos=\"res-fadeIn\"><span class=\"breadcrumb-item\">Home<\/span> <i class=\"fa-solid fa-angle-right mx-1 font-weight-normal\"><\/i> <\/nav><\/div>\n\t\t  \n\t\n\n      \n\n\n\n\n\n\n\t\t\n  \n\n\t<\/div>\n  <\/div>\n<\/section>\n\n\n\n\n<section id=\"res-txt-block_ba7e9afe71abfb4dfb869b5e9bab3454\" class=\"res-block res-txt alignwide style-03 layout01 py-4  Transparent\" style=\"background: transparent;\">\n  <div class=\"inner-container container-off \" data-aos=\"res-fadeIn\">\n \n\t\t  \n\t\t \t  \n      \n      <div class=\"layout-1 txt-section\">\n\t\t<div class=\"row\">\t\n\t\t\t\n\t\t\n\t\t\t<div class=\"col-md-8 var-1spalten text-left\">\n\t\t\t\t\n\t\t\t\t<div class=\"txt-title-field\">\n\t\n\t\t\t\t\t\t\t\t   <h1 class=\"title-h1 \">Unsere Service-Leistungen<\/h1>\n\t\t\t\t\t\n\t\t\n\t\t\t\t  \n\t\t\t\t   <h2 class=\"title-h2 \">Dienstleistungen<\/h2>\n\t\t\t\t\n\t\t\t\t\t\n\t\t\t\t\t \n\t\t\t\t\t<\/div>\n\n\t\t\t\t\t\t\t\t\t<div class=\"txt-textfield postContent pt-md-2 \">\n                        <p class=\"ewa-rteLine\">Unabh\u00e4ngig davon, welche unserer Systeme Sie einsetzen: Auf unsere Unterst\u00fctzung k\u00f6nnen Sie z\u00e4hlen. Unsere breitgef\u00e4cherten Serviceleistungen sichern ein reibungsloses Funktionieren der Systeme \u00fcber deren gesamte Lebensdauer.<\/p>\n<div class=\"ewa-rteLine\"><\/div>\n<p class=\"ewa-rteLine\">Wir unterst\u00fctzen Sie bei der Spezifikation und Konfiguration, bei der Schulung Ihrer Mitarbeiter, bei der Implementierung, Inbetriebnahme, Optimierung und vielem mehr. Wir halten Ihre Systeme mit Updates immer auf dem neuesten Stand. Wir bieten Ihnen massgeschneiderten Service genau nach Ihren Bed\u00fcrfnissen, unser kompetentes Serviceteam steht Ihnen gerne zur Verf\u00fcgung.<\/p>\n\t\t\t\t\t<\/div>\n                \n                \n\t\t\t\t\t            <\/div>\n\t\t\t\t <\/div> \t\n\t\t<\/div>\n\t \n\t  \n \n \n\t<\/div>\n<\/section>\n\n\n\n\n\n\n\n<section id=\"res-text-bild-block_5478abb49cfd4efc65be6f2ff218a100\" class=\"res-block res-text-bild alignfull style-standard layout01 py-4  Grau\" style=\"background-color: #f4f4f4;\">\n  <div class=\"inner-container container-wide \" data-aos=\"res-downIncomingMore\">\n\n\t\t\t  <style>\n\t\t\t @media only screen and (min-width: 970px) {\n\t\t\t  #res-text-bild-block_5478abb49cfd4efc65be6f2ff218a100.res-text-bild .layout-1 .txt-imagebox.offset-md-1 {margin-left: 8%;}\n\t\t\t  #res-text-bild-block_5478abb49cfd4efc65be6f2ff218a100.res-text-bild .layout-1 .txt-teaser-2spalten01.spalten-abstand {padding-right: %;}\n\t\t\t  #res-text-bild-block_5478abb49cfd4efc65be6f2ff218a100.res-text-bild .layout-1 .txt-box.offset-md-1 {margin-left: 8%;}\n\t\t\t\t\t\t\t}\n\t\t\t \n\t\t  <\/style>\n\n\n        <div class=\"layout-1 row  \">\n\t\t\t<div class=\"col-md-6 txt-box teaser-img-center-height \">\n\t\t\t\t<div class=\"txt-title-field\">\n\t\t\t\t\t\n\t\t\t\t\t\t\t\t\t\t   <h2 class=\"title-h2 \">Service-Desk \/ Incident Management<\/h2>\n\t\t\t\t\t\n\t\t\t\t\t\t\t\t\t<\/div>\n\t\t\t <div class=\"txt-text postContent pt-2 pt-md-2 \">\n\n\t\t\t\t\t\t\t\t\t\t \t\t\t\t\t\t  <p>Unser Service-Desk ist Ihr zentraler Ansprechpartner f\u00fcr technischen Support und schnelles Incident Management \u2013 mit erfahrenen Technikern, die Probleme oft direkt l\u00f6sen. Durch strukturierte Analyse, enge Zusammenarbeit mit weiteren Supportstufen und konsequente SLA-Einhaltung sichern wir einen zuverl\u00e4ssigen und effizienten Betrieb Ihrer Systeme.<\/p>\n\t\t\t\t\t\t\t\t\t\t\t\n\t\t\t\t\n\t\t\t\t\t \t\t\t\t\t\t\t\t\t\t\t\t\t<a class=\"btn  btn-primary  \" href=\"https:\/\/ebblo.com\/de\/kundenservice\/\" target=\"_self\">Kundenservice<\/a>\n\t\t\t\t\t\t\t\t\t\t\t\n\t\t\t\t\t\n\t\t\t\t<\/div>\n\n\n\t\t\t<\/div>\n\n\t\t\t<div class=\"col-md mb-2 mt-md-1 txt-imagebox teaser-img-center-height offset-md-1 \">\n\n\t\t\t\t\t\t\t\t\t\t<img loading=\"lazy\" decoding=\"async\" width=\"1920\" height=\"1080\" src=\"https:\/\/ebblo.com\/wp-content\/uploads\/2025\/12\/artikel-05-1920x1080.jpg\" class=\"img-fluid w-100 txt-img\" alt=\"\" \/>\t\t\t\t\t\t\t<\/div>\n\n\t\n\t<\/div>\n<\/section>\n\n\n\n\n\n<section id=\"res-text-bild-block_1b08803dbfa703262faa5a551d659c2d\" class=\"res-block res-text-bild alignfull style-standard layout01 py-4  Transparent\" style=\"background: transparent;\">\n  <div class=\"inner-container container-wide \" data-aos=\"res-downIncomingMore\">\n\n\t\t\t  <style>\n\t\t\t @media only screen and (min-width: 970px) {\n\t\t\t  #res-text-bild-block_1b08803dbfa703262faa5a551d659c2d.res-text-bild .layout-1 .txt-imagebox.offset-md-1 {margin-left: 8%;}\n\t\t\t  #res-text-bild-block_1b08803dbfa703262faa5a551d659c2d.res-text-bild .layout-1 .txt-teaser-2spalten01.spalten-abstand {padding-right: %;}\n\t\t\t  #res-text-bild-block_1b08803dbfa703262faa5a551d659c2d.res-text-bild .layout-1 .txt-box.offset-md-1 {margin-left: 8%;}\n\t\t\t\t\t\t\t}\n\t\t\t \n\t\t  <\/style>\n\n\n        <div class=\"layout-1 row flex-row-reverse \">\n\t\t\t<div class=\"col-md-6 txt-box teaser-img-center-height offset-md-1\">\n\t\t\t\t<div class=\"txt-title-field\">\n\t\t\t\t\t\n\t\t\t\t\t\t\t\t\t\t   <h2 class=\"title-h2 \">Serviceportal f\u00fcr registrierte Kunden<\/h2>\n\t\t\t\t\t\n\t\t\t\t\t\t\t\t\t<\/div>\n\t\t\t <div class=\"txt-text postContent pt-2 pt-md-2 \">\n\n\t\t\t\t\t\t\t\t\t\t \t\t\t\t\t\t  <p>Registrierte ebblo-Kundinnen und -Kunden erhalten Zugriff auf unser passwortgesch\u00fctztes Serviceportal mit aktuellen Informationen, Incident-\u00dcbersichten, Self\u2011Service\u2011Funktionen, Zugriff auf Wartungs-Tools und wichtigen Dokumenten.<\/p>\n\t\t\t\t\t\t\t\t\t\t\t\n\t\t\t\t\n\t\t\t\t\t \t\t\t\t\t\t\t\t\t\t\t\t\t<a class=\"btn  btn-primary  \" href=\"https:\/\/itsm.trapezeservices.ch\/ITSMSelfService\/index.html#login\" target=\"_blank\">Zum Serviceportal mit bestehendem Login<\/a>\n\t\t\t\t\t\t\t\t\t\t\t\n\t\t\t\t\t\n\t\t\t\t<\/div>\n\n\n\t\t\t<\/div>\n\n\t\t\t<div class=\"col-md mb-2 mt-md-1 txt-imagebox teaser-img-center-height  \">\n\n\t\t\t\t\t\t\t\t\t\t<img loading=\"lazy\" decoding=\"async\" width=\"1920\" height=\"1080\" src=\"https:\/\/ebblo.com\/wp-content\/uploads\/2025\/12\/header-03-1920x1080.jpg\" class=\"img-fluid w-100 txt-img\" alt=\"\" srcset=\"https:\/\/ebblo.com\/wp-content\/uploads\/2025\/12\/header-03-1920x1080.jpg 1920w, https:\/\/ebblo.com\/wp-content\/uploads\/2025\/12\/header-03-600x338.jpg 600w, https:\/\/ebblo.com\/wp-content\/uploads\/2025\/12\/header-03-1300x732.jpg 1300w, https:\/\/ebblo.com\/wp-content\/uploads\/2025\/12\/header-03-768x432.jpg 768w, https:\/\/ebblo.com\/wp-content\/uploads\/2025\/12\/header-03-1536x864.jpg 1536w, https:\/\/ebblo.com\/wp-content\/uploads\/2025\/12\/header-03-2048x1152.jpg 2048w\" sizes=\"auto, (max-width: 1920px) 100vw, 1920px\" \/>\t\t\t\t\t\t\t<\/div>\n\n\t\n\t<\/div>\n<\/section>\n\n\n\n\n\n<section id=\"res-text-bild-block_90783b847fab8e2e150a9cb0c365bcf8\" class=\"res-block res-text-bild alignfull style-standard layout01 py-4  Grau\" style=\"background-color: #f4f4f4;\">\n  <div class=\"inner-container container-wide \" data-aos=\"res-downIncomingMore\">\n\n\t\t\t  <style>\n\t\t\t @media only screen and (min-width: 970px) {\n\t\t\t  #res-text-bild-block_90783b847fab8e2e150a9cb0c365bcf8.res-text-bild .layout-1 .txt-imagebox.offset-md-1 {margin-left: 8%;}\n\t\t\t  #res-text-bild-block_90783b847fab8e2e150a9cb0c365bcf8.res-text-bild .layout-1 .txt-teaser-2spalten01.spalten-abstand {padding-right: %;}\n\t\t\t  #res-text-bild-block_90783b847fab8e2e150a9cb0c365bcf8.res-text-bild .layout-1 .txt-box.offset-md-1 {margin-left: 8%;}\n\t\t\t\t\t\t\t}\n\t\t\t \n\t\t  <\/style>\n\n\n        <div class=\"layout-1 row  \">\n\t\t\t<div class=\"col-md-6 txt-box teaser-img-center-height \">\n\t\t\t\t<div class=\"txt-title-field\">\n\t\t\t\t\t\n\t\t\t\t\t\t\t\t\t\t   <h2 class=\"title-h2 \">E-Learning \/ Schulungen<\/h2>\n\t\t\t\t\t\n\t\t\t\t\t\t\t\t\t<\/div>\n\t\t\t <div class=\"txt-text postContent pt-2 pt-md-2 \">\n\n\t\t\t\t\t\t\t\t\t\t \t\t\t\t\t\t  <p>Im Hintergrund eines funktionierenden \u00f6ffentlichen Verkehrs sorgen hochkomplexe Abl\u00e4ufe f\u00fcr einen reibungslosen Betrieb. Mit unseren Aus- und Weiterbildungen stellen Sie sicher, dass Sie und Ihre Mitarbeitenden unsere ITCS-Systeme optimal nutzen und deren Zusammenh\u00e4nge verstehen.<\/p>\n\t\t\t\t\t\t\t\t\t\t\t\n\t\t\t\t\n\t\t\t\t\t \t\t\t\t\t\t\t\t\t\t\t\t\t<a class=\"btn  btn-primary  \" href=\"https:\/\/ebblo.com\/de\/dienstleistungen\/e-learning-schulungen\/\" target=\"_self\">E-Learning \/ Schulungen<\/a>\n\t\t\t\t\t\t\t\t\t\t\t\n\t\t\t\t\t\n\t\t\t\t<\/div>\n\n\n\t\t\t<\/div>\n\n\t\t\t<div class=\"col-md mb-2 mt-md-1 txt-imagebox teaser-img-center-height offset-md-1 \">\n\n\t\t\t\t\t\t\t\t\t\t<img loading=\"lazy\" decoding=\"async\" width=\"1920\" height=\"1080\" src=\"https:\/\/ebblo.com\/wp-content\/uploads\/2026\/01\/trapeze-college-praesenzschulungen-2023-1920x1080.jpg\" class=\"img-fluid w-100 txt-img\" alt=\"Pr\u00e4senzschulungen von ebblo\" \/>\t\t\t\t\t\t\t<\/div>\n\n\t\n\t<\/div>\n<\/section>\n\n\n\n\n\n\n\n\n\n\n\n\n\n\n\n\n\n\n\n\n\n\n<section id=\"res-txt-block_5410b8b76ebfed624050b8557c925c86\" class=\"res-block res-txt style-standard layout01 pt-4  Transparent\" style=\"background: transparent;\">\n  <div class=\"inner-container container-off \" data-aos=\"res-fadeIn\">\n \n\t\t  \n\t\t \t  \n      \n      <div class=\"layout-1 txt-section\">\n\t\t<div class=\"row\">\t\n\t\t\t\n\t\t\n\t\t\t<div class=\"col-md-10 var-1spalten text-left\">\n\t\t\t\t\n\t\t\t\t<div class=\"txt-title-field\">\n\t\n\t\t\t\t\t\n\t\t\n\t\t\t\t  \n\t\t\t\t   <h2 class=\"title-h2 \">Ausgezeichnete Servicequalit\u00e4t<\/h2>\n\t\t\t\t\n\t\t\t\t\t\n\t\t\t\t\t \n\t\t\t\t\t<\/div>\n\n\t\t\t\t\t\t\t\t\t<div class=\"txt-textfield postContent pt-md-2 \">\n                        <p class=\"ewa-rteLine\">Wir wollten wissen, wie zufrieden unsere Kunden mit unseren Serviceleistungen sind \u2013 und das Ergebnis \u00fcberzeugt: ebblo wurde mit den Qualit\u00e4tssiegeln \u201eTop Service (DIQP)\u201d und \u201eServicequalit\u00e4t (DIQP)\u201d, jeweils mit der Bestnote \u201eSehr gut\u201c, ausgezeichnet.<\/p>\n<div class=\"ewa-rteLine\"><\/div>\n<p class=\"ewa-rteLine\">Wir freuen uns sehr \u00fcber diese Auszeichnung und bedanken uns herzlich bei unseren Kunden f\u00fcr ihre Teilnahme und das wertvolle Feedback \u2013 sowie bei unseren Mitarbeitenden, deren Einsatz diese Bestleistung m\u00f6glich gemacht hat.<\/p>\n\t\t\t\t\t<\/div>\n                \n                \n\t\t\t\t\t            <\/div>\n\t\t\t\t <\/div> \t\n\t\t<\/div>\n\t \n\t  \n \n \n\t<\/div>\n<\/section>\n\n\n\n\n\n\n<section id=\"res-icons-text-block_24d812a9b95a934e6d270c38cb0d592a\" class=\"res-block res-icons-text style-standard py-4  Transparent\" style=\"background: transparent;\">\n  <div class=\"inner-container container-wide\" data-aos=\"res-fadeIn\">\n\n\t  <style>\n          \t\t  #res-icons-text-block_24d812a9b95a934e6d270c38cb0d592a.res-icons-text .iconbox-bottom { margin-bottom:2%;}\n                    \t\t  #res-icons-text-block_24d812a9b95a934e6d270c38cb0d592a.res-icons-text .iconbox-side { margin-right:calc(4% \/ 2);}\n\t\t  #res-icons-text-block_24d812a9b95a934e6d270c38cb0d592a.res-icons-text .iconbox-side { margin-left:calc(4% \/ 2);}\n                    \t\t  #res-icons-text-block_24d812a9b95a934e6d270c38cb0d592a.res-icons-text .iconbox { font-size:100%;}\n                    @media (min-width: 970px) {\n                    }\n          @media (max-width: 970px) {\n                    }\n\t  <\/style>\n\n <div class=\"icons-text-layout row row-cols-1 row-cols-md-2 no-gutters\">\n\n     \n      <div class=\"col-md iconbox-bottom\">\n\t\t<div class=\"iconbox iconbox-side h-100 bg-light box-icon-padding03 \">\n\n          <div class=\"row row-cols-2\">\n\n\t\t\t   \t\t\t\t<div class=\"col-4 icons-txt-img pb-2 col-md-3\">\n\t\t\t\t\t\t\t\t\t\t<img decoding=\"async\" src=\"https:\/\/ebblo.com\/wp-content\/uploads\/2026\/01\/services.png\" class=\"img-fluid w-100\" alt=\"\" \/>\n\t\t\t\t\t\t\t\t\t<\/div>\n\t\t\t   \n\t\t\t\t<div class=\"col-12 icons-txt-content postContent col-md-12\">\n\t\t\t\t\t<p><strong><span class=\"LineBreakBlob BlobObject DragDrop SCXW221079904 BCX0\">Vor-Ort-Services<\/span><\/strong><br \/>\nebblo bietet ma\u00dfgeschneiderte Serviceleistungen f\u00fcr ITCS\u2011Kunden an, die bei Bedarf zus\u00e4tzliche Vor\u2011Ort\u2011Services beauftragen k\u00f6nnen. Dazu z\u00e4hlen unter anderem Hard\u2011 und Softwareinstallationen, Softwareinspektionen, Parametrierung, pr\u00e4ventive Wartung sowie Surveys wie Fahrzeuganalysen oder Streckenvermessungen.<\/p>\n\t\t\t\t<\/div>\n\n\t\t\t<\/div>\n\n          <\/div>\n      <\/div>\n\n\n      \n      <div class=\"col-md iconbox-bottom\">\n\t\t<div class=\"iconbox iconbox-side h-100 bg-light box-icon-padding03 \">\n\n          <div class=\"row row-cols-2\">\n\n\t\t\t   \t\t\t\t<div class=\"col-4 icons-txt-img pb-2 col-md-3\">\n\t\t\t\t\t\t\t\t\t\t<img decoding=\"async\" src=\"https:\/\/ebblo.com\/wp-content\/uploads\/2026\/01\/system.png\" class=\"img-fluid w-100\" alt=\"\" \/>\n\t\t\t\t\t\t\t\t\t<\/div>\n\t\t\t   \n\t\t\t\t<div class=\"col-12 icons-txt-content postContent col-md-12\">\n\t\t\t\t\t<p><strong>System-Anwendungsanalyse<\/strong><br \/>\nDie technologische Entwicklung schreitet rasch voran und ITCS\u2011Systeme sind komplex, weshalb Unterst\u00fctzung dabei hilfreich sein kann, das Beste aus der bestehenden Infrastruktur herauszuholen. ebblo hilft Ihnen dabei, alle Module optimal zu kombinieren, identifiziert L\u00fccken, Prozess- und Sicherheitsrisiken und gibt klare Empfehlungen f\u00fcr Verbesserungen und konzeptionelle Anpassungen.<\/p>\n\t\t\t\t<\/div>\n\n\t\t\t<\/div>\n\n          <\/div>\n      <\/div>\n\n\n      \n      <div class=\"col-md iconbox-bottom\">\n\t\t<div class=\"iconbox iconbox-side h-100 bg-light box-icon-padding03 \">\n\n          <div class=\"row row-cols-2\">\n\n\t\t\t   \t\t\t\t<div class=\"col-4 icons-txt-img pb-2 col-md-3\">\n\t\t\t\t\t\t\t\t\t\t<img decoding=\"async\" src=\"https:\/\/ebblo.com\/wp-content\/uploads\/2026\/01\/infrastructure.png\" class=\"img-fluid w-100\" alt=\"\" \/>\n\t\t\t\t\t\t\t\t\t<\/div>\n\t\t\t   \n\t\t\t\t<div class=\"col-12 icons-txt-content postContent col-md-12\">\n\t\t\t\t\t<p><strong>Infrastruktur-Analyse<\/strong><br \/>\nDie technologische Entwicklung schreitet rasch voran und ITCS\u2011Systeme sind komplex, weshalb Unterst\u00fctzung dabei hilfreich sein kann, das Beste aus der bestehenden Infrastruktur herauszuholen. ebblo hilft Ihnen dabei, alle Module optimal zu kombinieren, identifiziert L\u00fccken, Prozess- und Sicherheitsrisiken und gibt klare Empfehlungen f\u00fcr Verbesserungen und konzeptionelle Anpassungen.<\/p>\n\t\t\t\t<\/div>\n\n\t\t\t<\/div>\n\n          <\/div>\n      <\/div>\n\n\n      \n      <div class=\"col-md iconbox-bottom\">\n\t\t<div class=\"iconbox iconbox-side h-100 bg-light box-icon-padding03 \">\n\n          <div class=\"row row-cols-2\">\n\n\t\t\t   \t\t\t\t<div class=\"col-4 icons-txt-img pb-2 col-md-3\">\n\t\t\t\t\t\t\t\t\t\t<img decoding=\"async\" src=\"https:\/\/ebblo.com\/wp-content\/uploads\/2026\/01\/handshake-1.png\" class=\"img-fluid w-100\" alt=\"\" \/>\n\t\t\t\t\t\t\t\t\t<\/div>\n\t\t\t   \n\t\t\t\t<div class=\"col-12 icons-txt-content postContent col-md-12\">\n\t\t\t\t\t<p><strong>IT-Services<\/strong><br \/>\nebblo bietet seinen ITCS\u2011Kunden vielf\u00e4ltige IT\u2011Infrastrukturdienstleistungen wie die Virtualisierung von Servern, den Aufbau redundanter Systeme, Empfehlungen zur Systemdimensionierung sowie klassisches IT\u2011Maintenance (Monitoring, Backup, Antivirus). Alle Services werden selbstverst\u00e4ndlich unter Ber\u00fccksichtigung h\u00f6chster IT\u2011Sicherheitsanforderungen \u2013 etwa durch den Einsatz von Firewalls \u2013 durchgef\u00fchrt.<\/p>\n\t\t\t\t<\/div>\n\n\t\t\t<\/div>\n\n          <\/div>\n      <\/div>\n\n\n      \n      <div class=\"col-md iconbox-bottom\">\n\t\t<div class=\"iconbox iconbox-side h-100 bg-light box-icon-padding03 \">\n\n          <div class=\"row row-cols-2\">\n\n\t\t\t   \t\t\t\t<div class=\"col-4 icons-txt-img pb-2 col-md-3\">\n\t\t\t\t\t\t\t\t\t\t<img decoding=\"async\" src=\"https:\/\/ebblo.com\/wp-content\/uploads\/2026\/01\/technical-support.png\" class=\"img-fluid w-100\" alt=\"\" \/>\n\t\t\t\t\t\t\t\t\t<\/div>\n\t\t\t   \n\t\t\t\t<div class=\"col-12 icons-txt-content postContent col-md-12\">\n\t\t\t\t\t<p><strong>Fernwartung<\/strong><br \/>\nBei komplexeren Fragestellungen ist in der Regel ein direkter Zugriff auf das Kundensystem erforderlich, den wir \u00fcber moderne Fernwartungstechnologien mit vielf\u00e4ltigen Verbindungsoptionen zu Servern und Endanwender-Arbeitspl\u00e4tzen erm\u00f6glichen. Die Fernzugriffssteuerung basiert auf umfangreichen Sicherheitsfunktionen, einschlie\u00dflich Datenverschl\u00fcsselung.<\/p>\n\t\t\t\t<\/div>\n\n\t\t\t<\/div>\n\n          <\/div>\n      <\/div>\n\n\n      \n      <div class=\"col-md iconbox-bottom\">\n\t\t<div class=\"iconbox iconbox-side h-100 bg-light box-icon-padding03 \">\n\n          <div class=\"row row-cols-2\">\n\n\t\t\t   \t\t\t\t<div class=\"col-4 icons-txt-img pb-2 col-md-3\">\n\t\t\t\t\t\t\t\t\t\t<img decoding=\"async\" src=\"https:\/\/ebblo.com\/wp-content\/uploads\/2026\/01\/operating-system.png\" class=\"img-fluid w-100\" alt=\"\" \/>\n\t\t\t\t\t\t\t\t\t<\/div>\n\t\t\t   \n\t\t\t\t<div class=\"col-12 icons-txt-content postContent col-md-12\">\n\t\t\t\t\t<p><strong>System Monitoring<\/strong><br \/>\nAls weiteren Service bieten wir unseren Kunden ein System Monitoring an, das eine fr\u00fchzeitige Erkennung von System\u2011 und Netzwerkfehlern erm\u00f6glicht. So k\u00f6nnen wir proaktiv gegensteuern, bevor Engp\u00e4sse oder knappe Ressourcen zu schwerwiegenden oder kritischen St\u00f6rungen f\u00fchren.<\/p>\n\t\t\t\t<\/div>\n\n\t\t\t<\/div>\n\n          <\/div>\n      <\/div>\n\n\n      \n      <div class=\"col-md iconbox-bottom\">\n\t\t<div class=\"iconbox iconbox-side h-100 bg-light box-icon-padding03 \">\n\n          <div class=\"row row-cols-2\">\n\n\t\t\t   \t\t\t\t<div class=\"col-4 icons-txt-img pb-2 col-md-3\">\n\t\t\t\t\t\t\t\t\t\t<img decoding=\"async\" src=\"https:\/\/ebblo.com\/wp-content\/uploads\/2026\/01\/presentation-1.png\" class=\"img-fluid w-100\" alt=\"\" \/>\n\t\t\t\t\t\t\t\t\t<\/div>\n\t\t\t   \n\t\t\t\t<div class=\"col-12 icons-txt-content postContent col-md-12\">\n\t\t\t\t\t<p><strong>Workshops und Anwenderforen<\/strong><br \/>\nIn Workshops und auf unseren j\u00e4hrlichen Anwenderforen erhalten Sie fr\u00fchzeitig Einblicke in neue Produkte, k\u00f6nnen Fachvortr\u00e4ge besuchen und sich mit anderen Branchenvertretern austauschen. Zudem bieten spezialisierte Arbeitskreise die M\u00f6glichkeit, aktiv Einfluss auf die Entwicklung neuer Features zu nehmen und betriebliche Anforderungen direkt einzubringen.<\/p>\n\t\t\t\t<\/div>\n\n\t\t\t<\/div>\n\n          <\/div>\n      <\/div>\n\n\n               <\/div>\n\n\n\t<\/div>\n<\/section>\n\n\n\n\n\n\n<p><\/p>\n","protected":false},"excerpt":{"rendered":"","protected":false},"author":1,"featured_media":4748,"parent":0,"menu_order":0,"comment_status":"closed","ping_status":"closed","template":"","meta":{"_acf_changed":false,"footnotes":""},"class_list":["post-4032","page","type-page","status-publish","has-post-thumbnail","hentry"],"acf":[],"_links":{"self":[{"href":"https:\/\/ebblo.com\/de\/wp-json\/wp\/v2\/pages\/4032","targetHints":{"allow":["GET"]}}],"collection":[{"href":"https:\/\/ebblo.com\/de\/wp-json\/wp\/v2\/pages"}],"about":[{"href":"https:\/\/ebblo.com\/de\/wp-json\/wp\/v2\/types\/page"}],"author":[{"embeddable":true,"href":"https:\/\/ebblo.com\/de\/wp-json\/wp\/v2\/users\/1"}],"replies":[{"embeddable":true,"href":"https:\/\/ebblo.com\/de\/wp-json\/wp\/v2\/comments?post=4032"}],"version-history":[{"count":48,"href":"https:\/\/ebblo.com\/de\/wp-json\/wp\/v2\/pages\/4032\/revisions"}],"predecessor-version":[{"id":11343,"href":"https:\/\/ebblo.com\/de\/wp-json\/wp\/v2\/pages\/4032\/revisions\/11343"}],"wp:featuredmedia":[{"embeddable":true,"href":"https:\/\/ebblo.com\/de\/wp-json\/wp\/v2\/media\/4748"}],"wp:attachment":[{"href":"https:\/\/ebblo.com\/de\/wp-json\/wp\/v2\/media?parent=4032"}],"curies":[{"name":"wp","href":"https:\/\/api.w.org\/{rel}","templated":true}]}}