{"id":3618,"date":"2025-12-04T16:16:06","date_gmt":"2025-12-04T15:16:06","guid":{"rendered":"https:\/\/ebblo.musterpage.ch\/design\/?page_id=3618"},"modified":"2026-03-30T14:18:24","modified_gmt":"2026-03-30T12:18:24","slug":"zertifizierungen","status":"publish","type":"page","link":"https:\/\/ebblo.com\/de\/ueber-uns\/zertifizierungen\/","title":{"rendered":"Zertifizierungen"},"content":{"rendered":"\n<section id=\"res-header-image-block_9adb5b695ac5c10d24a1153c526d3fd3\" class=\"res-block res-header-image alignfull style-standard background: transparent m-no\">\n  <div class=\"res-header-img-outside fadeIn duration1 \"  data-aos=\"res-fadeIn\">\n\t<div class=\"res-header-height \">\n\t\t\n\t\n\t  <style> \n\t\t  @media only screen and (min-width: 970px) {\n\t\t\t #res-header-image-block_9adb5b695ac5c10d24a1153c526d3fd3.res-header-image .layout-1.header-img-height { height: 40vh;}  \n\t\t\t #res-header-image-block_9adb5b695ac5c10d24a1153c526d3fd3.res-header-image .layout-1 .res-header-image-vertical-center { top: 66%;} \n\t\t\t  \t\t\t  \n\t\t\t\t\t\t  #res-header-image-block_9adb5b695ac5c10d24a1153c526d3fd3.res-header-image .layout-1 .jarallax-img { object-position: 50% 65% !important;}\n\t\t\t \n          \t\t  }\n\n\n\t\t  @media only screen and (max-width: 970px) {\n\n                      #res-header-image-block_9adb5b695ac5c10d24a1153c526d3fd3.res-header-image .layout-1.header-img-height { height: 45vh;}\n          \n                      #res-header-image-block_9adb5b695ac5c10d24a1153c526d3fd3.res-header-image .layout-1.header-img-mobile { height: 45vh;}\n          \n\t\t\t\n            \n\t\t\t  #res-header-image-block_9adb5b695ac5c10d24a1153c526d3fd3.res-header-image .layout-1 .res-header-image-vertical-center { top: 55%;}  \n\t\t\t  \t\t  }\n\t\t            \n                 #res-header-image-block_9adb5b695ac5c10d24a1153c526d3fd3.res-header-image .layout-1 .header-img-bg-opacity {\n                     opacity: 1;\n                }\n           \n\t  <\/style>\n\n        <div class=\"layout-1 jarallax header-img-height header-img-desktop\"\n             data-speed=\"0.6\"\n             style=\"background-color: #000;\">\n\n\t\t\t        <div class=\"res-header-image-vertical-center\">\n            <div class=\"container-fluid\">\n\n\t\t\t\t                    <div class=\"sloganBox\">\n                        <div class=\"row\">\n                            <div class=\"col col-md-8 text-left\">\n                                <div class=\"slogan-txt \" data-aos=\"res-leftIncoming\">\n\n\t\t\t\t\t\t\t\t\t\n\t\t\t\t\t\t\t\t\t\n\t\t\t\t\t\t\t\t\t\n\t\t\t\t\t\t\t\t\t\n\t\t\t\t\t\t\t\t\t\n                                <\/div>\n                            <\/div>\n                        <\/div>\n                    <\/div>\n\t\t\t\t\n            <\/div>\n        <\/div>\n\t\t<img loading=\"lazy\" decoding=\"async\" width=\"1920\" height=\"1080\" src=\"https:\/\/ebblo.com\/wp-content\/uploads\/2026\/01\/ebblo-header-bus-1920x1080.jpg\" class=\"jarallax-img img-fluid header-img-bg-opacity\" alt=\"\" \/>\n\t\t\t\n        <\/div>\n\n\t\t\n\n       \n\n\t\t<\/div>\n\t<\/div>\n<\/section>\n\n\n\n \n\n\n\n\n<section id=\"res-link-anker-block_864a9b4f8e68e1c5506b43e3103c1425\" class=\"linkanker-section\">\n<div  class=\"res-block res-link-anker alignfull style-standard py-2  Brand-Color \" style=\"\">\n\n  <div class=\"inner-container container-wide\" data-aos=\"res-fadeIn\">\n\t  \n\t  \t\t<div class=\"breadcrumbs\"><nav class=\"breadcrumb\" data-aos=\"res-fadeIn\"><span class=\"breadcrumb-item\">Home<\/span> <i class=\"fa-solid fa-angle-right mx-1 font-weight-normal\"><\/i> <\/nav><\/div>\n\t\t  \n\t\n\n      \n\n\n\n\n\n\n\t\t\n  \n\n\t<\/div>\n  <\/div>\n<\/section>\n\n\n\n\n<section id=\"res-txt-block_941b746201955c2143747fb86dad2e9f\" class=\"res-block res-txt alignwide style-03 layout01 py-4  Transparent\" style=\"background: transparent;\">\n  <div class=\"inner-container container-off \" data-aos=\"res-fadeIn\">\n \n\t\t  \n\t\t \t  \n      \n      <div class=\"layout-1 txt-section\">\n\t\t<div class=\"row\">\t\n\t\t\t\n\t\t\n\t\t\t<div class=\"col-md-8 var-1spalten text-left\">\n\t\t\t\t\n\t\t\t\t<div class=\"txt-title-field\">\n\t\n\t\t\t\t\t\t\t\t   <h1 class=\"title-h1 \">Unsere ISO-Zertifizierungen<\/h1>\n\t\t\t\t\t\n\t\t\n\t\t\t\t  \n\t\t\t\t   <h2 class=\"title-h2 \">Zertifizierung<\/h2>\n\t\t\t\t\n\t\t\t\t\t\n\t\t\t\t\t \n\t\t\t\t\t<\/div>\n\n\t\t\t\t\t\t\t\t\t<div class=\"txt-textfield postContent pt-md-2 \">\n                        <p>ebblo ist zertifiziert nach ISO 27001, ISO 9001 und ISO 14001. Die Zertifizierungen gelten jeweils f\u00fcr alle in den einzelnen Zertifikaten genannten Standorte.<\/p>\n\t\t\t\t\t<\/div>\n                \n                \n\t\t\t\t\t            <\/div>\n\t\t\t\t <\/div> \t\n\t\t<\/div>\n\t \n\t  \n \n \n\t<\/div>\n<\/section>\n\n\n\n\n\n<section id=\"res-text-bild-block_81dfb45162d0b8bca3265beafec03fe7\" class=\"res-block res-text-bild alignfull style-standard layout01 py-4  Grau\" style=\"background-color: #f4f4f4;\">\n  <div class=\"inner-container container-wide \" data-aos=\"res-downIncomingMore\">\n\n\t\t\t  <style>\n\t\t\t @media only screen and (min-width: 970px) {\n\t\t\t  #res-text-bild-block_81dfb45162d0b8bca3265beafec03fe7.res-text-bild .layout-1 .txt-imagebox.offset-md-1 {margin-left: 5%;}\n\t\t\t  #res-text-bild-block_81dfb45162d0b8bca3265beafec03fe7.res-text-bild .layout-1 .txt-teaser-2spalten01.spalten-abstand {padding-right: %;}\n\t\t\t  #res-text-bild-block_81dfb45162d0b8bca3265beafec03fe7.res-text-bild .layout-1 .txt-box.offset-md-1 {margin-left: 5%;}\n\t\t\t\t\t\t\t}\n\t\t\t \n\t\t  <\/style>\n\n\n        <div class=\"layout-1 row  \">\n\t\t\t<div class=\"col-md-6 txt-box  \">\n\t\t\t\t<div class=\"txt-title-field\">\n\t\t\t\t\t\n\t\t\t\t\t\t\t\t\t\t   <h2 class=\"title-h2 \">Wir sind zertifiziert nach ISO 27001:2022<\/h2>\n\t\t\t\t\t\n\t\t\t\t\t\t\t\t\t<\/div>\n\t\t\t <div class=\"txt-text postContent pt-2 pt-md-2 \">\n\n\t\t\t\t\t\t\t\t\t\t \t\t\t\t\t\t  <p>Diese Norm legt die Anforderungen an ein Informationssicherheits-Managementsystem (ISMS) fest, um die Vertraulichkeit, Integrit\u00e4t und Verf\u00fcgbarkeit von Informationen sicherzustellen. Unternehmen m\u00fcssen nachweisen, dass sie Risiken systematisch identifizieren, bewerten und geeignete Ma\u00dfnahmen zum Schutz der Informationen umsetzen.<\/p>\n<p>Die Konformit\u00e4t mit ISO 27001:2022 belegt unser Engagement f\u00fcr h\u00f6chste Sicherheitsstandards, st\u00e4rkt das Vertrauen unserer Kunden und Partner und stellt sicher, dass unsere Informationssicherheitspraktiken stets auf dem neuesten Stand sind. Besonders im Bereich Mobilit\u00e4tsleistungen, in dem KRITIS-Vorschriften gelten, ist die ISO 27001-Zertifizierung ein wichtiger Nachweis unserer Kompetenz.<\/p>\n\t\t\t\t\t\t\t\t\t\t\t\n\t\t\t\t\n\t\t\t\t\t \n\t\t\t\t\t\n\t\t\t\t<\/div>\n\n\n\t\t\t<\/div>\n\n\t\t\t<div class=\"col-md mb-2 mt-md-1 txt-imagebox  offset-md-1 \">\n\n\t\t\t\t\t\t\t\t\t\t<img loading=\"lazy\" decoding=\"async\" width=\"1000\" height=\"750\" src=\"https:\/\/ebblo.com\/wp-content\/uploads\/2025\/12\/trapeze_zertifikat_ISO27001_2025_-_28de80_-_1523056284490984232181961d6e7ddb0eb7a176-1000x750.webp\" class=\"img-fluid w-100 txt-img\" alt=\"\" \/>\t\t\t\t\t\t\t<\/div>\n\n\t\n\t<\/div>\n<\/section>\n\n\n\n\n\n<section id=\"res-text-bild-block_9bf0f0b0c8f056ab139cf51e284f4cd8\" class=\"res-block res-text-bild alignfull style-standard layout01 py-4  Transparent\" style=\"background: transparent;\">\n  <div class=\"inner-container container-wide \" data-aos=\"res-downIncomingMore\">\n\n\t\t\t  <style>\n\t\t\t @media only screen and (min-width: 970px) {\n\t\t\t  #res-text-bild-block_9bf0f0b0c8f056ab139cf51e284f4cd8.res-text-bild .layout-1 .txt-imagebox.offset-md-1 {margin-left: 5%;}\n\t\t\t  #res-text-bild-block_9bf0f0b0c8f056ab139cf51e284f4cd8.res-text-bild .layout-1 .txt-teaser-2spalten01.spalten-abstand {padding-right: %;}\n\t\t\t  #res-text-bild-block_9bf0f0b0c8f056ab139cf51e284f4cd8.res-text-bild .layout-1 .txt-box.offset-md-1 {margin-left: 5%;}\n\t\t\t\t\t\t\t}\n\t\t\t \n\t\t  <\/style>\n\n\n        <div class=\"layout-1 row flex-row-reverse \">\n\t\t\t<div class=\"col-md-6 txt-box  offset-md-1\">\n\t\t\t\t<div class=\"txt-title-field\">\n\t\t\t\t\t\n\t\t\t\t\t\t\t\t\t\t   <h2 class=\"title-h2 \">Wir sind zertifiziert nach ISO 9001:2015<\/h2>\n\t\t\t\t\t\n\t\t\t\t\t\t\t\t\t<\/div>\n\t\t\t <div class=\"txt-text postContent pt-2 pt-md-2 \">\n\n\t\t\t\t\t\t\t\t\t\t \t\t\t\t\t\t  <p>Diese Norm spezifiziert Anforderungen an das unternehmensinterne Qualit\u00e4tsmanagementsystem und den kontinuierlichen Verbesserungsprozess. Ein Unternehmen muss seine F\u00e4higkeit nachweisen, Produkte zu liefern, die den Kundenanforderungen sowie den geltenden gesetzlichen und beh\u00f6rdlichen Anforderungen entsprechen. Die Konformit\u00e4t mit ISO 9001:2015 ist der Nachweis des Bestrebens, die Kundenzufriedenheit zu erh\u00f6hen, die Prozesse kontinuierlich zu verbessern, die Transparenz zu erh\u00f6hen und die Fehlerquoten zu senken.<\/p>\n\t\t\t\t\t\t\t\t\t\t\t\n\t\t\t\t\n\t\t\t\t\t \t\t\t\t\t\t\t\t\t\t\t\t\t<a class=\"btn  btn-primary  \" href=\"\/wp-content\/uploads\/2026\/03\/ebblo-SQS-zertifikat-ISO-9001_2024_14001_2024-DE.pdf\" target=\"_blank\">Zertifikate herunterladen<\/a>\n\t\t\t\t\t\t\t\t\t\t\t\n\t\t\t\t\t\n\t\t\t\t<\/div>\n\n\n\t\t\t<\/div>\n\n\t\t\t<div class=\"col-md mb-2 mt-md-1 txt-imagebox   \">\n\n\t\t\t\t\t\t\t\t\t\t<img loading=\"lazy\" decoding=\"async\" width=\"1000\" height=\"750\" src=\"https:\/\/ebblo.com\/wp-content\/uploads\/2026\/03\/ebblo_zertifikat_2024-1000x750.png\" class=\"img-fluid w-100 txt-img\" alt=\"ISO Zertifikate ISO9001 und ISO14001\" \/>\t\t\t\t\t\t\t<\/div>\n\n\t\n\t<\/div>\n<\/section>\n\n\n\n\n\n<section id=\"res-text-bild-block_2d412c2f0a99ab9c9c0142a3a6838631\" class=\"res-block res-text-bild alignfull style-standard layout01 py-4  Grau\" style=\"background-color: #f4f4f4;\">\n  <div class=\"inner-container container-wide \" data-aos=\"res-downIncomingMore\">\n\n\t\t\t  <style>\n\t\t\t @media only screen and (min-width: 970px) {\n\t\t\t  #res-text-bild-block_2d412c2f0a99ab9c9c0142a3a6838631.res-text-bild .layout-1 .txt-imagebox.offset-md-1 {margin-left: 8%;}\n\t\t\t  #res-text-bild-block_2d412c2f0a99ab9c9c0142a3a6838631.res-text-bild .layout-1 .txt-teaser-2spalten01.spalten-abstand {padding-right: %;}\n\t\t\t  #res-text-bild-block_2d412c2f0a99ab9c9c0142a3a6838631.res-text-bild .layout-1 .txt-box.offset-md-1 {margin-left: 8%;}\n\t\t\t\t\t\t\t}\n\t\t\t \n\t\t  <\/style>\n\n\n        <div class=\"layout-1 row  \">\n\t\t\t<div class=\"col-md-6 txt-box teaser-img-center-height \">\n\t\t\t\t<div class=\"txt-title-field\">\n\t\t\t\t\t\n\t\t\t\t\t\t\t\t\t\t   <h2 class=\"title-h2 \">Wir sind zertifiziert nach ISO 14001:2015<\/h2>\n\t\t\t\t\t\n\t\t\t\t\t\t\t\t\t<\/div>\n\t\t\t <div class=\"txt-text postContent pt-2 pt-md-2 \">\n\n\t\t\t\t\t\t\t\t\t\t \t\t\t\t\t\t  <p>Diese Norm ist auf jede Organisation anwendbar, die ein Umweltmanagementsystem einf\u00fchren, aufrechterhalten und verbessern m\u00f6chte. Die Konformit\u00e4t mit ISO 14001:2015 zeigt die \u00dcbereinstimmung mit der erkl\u00e4rten Umweltpolitik, unter anderem wird das Ziel des nachhaltigen Wirtschaftens durch einen geringeren Ressourcenverbrauch nachgewiesen.<\/p>\n<p>&nbsp;<\/p>\n\t\t\t\t\t\t\t\t\t\t\t\n\t\t\t\t\n\t\t\t\t\t \t\t\t\t\t\t\t\t\t\t\t\t\t<a class=\"btn  btn-primary  \" href=\"\/wp-content\/uploads\/2026\/03\/ebblo-SQS-zertifikat-ISO-9001_2024_14001_2024-DE.pdf\" target=\"_blank\">Zertifikate herunterladen<\/a>\n\t\t\t\t\t\t\t\t\t\t\t\n\t\t\t\t\t\n\t\t\t\t<\/div>\n\n\n\t\t\t<\/div>\n\n\t\t\t<div class=\"col-md mb-2 mt-md-1 txt-imagebox teaser-img-center-height offset-md-1 \">\n\n\t\t\t\t\t\t\t\t\t\t<img loading=\"lazy\" decoding=\"async\" width=\"1000\" height=\"750\" src=\"https:\/\/ebblo.com\/wp-content\/uploads\/2026\/03\/ebblo_zertifikat_2024-1000x750.png\" class=\"img-fluid w-100 txt-img\" alt=\"ISO Zertifikate ISO9001 und ISO14001\" \/>\t\t\t\t\t\t\t<\/div>\n\n\t\n\t<\/div>\n<\/section>\n\n\n\n\n\n\n<section id=\"res-txt-block_94db09b068aa765ba76860a2374889b0\" class=\"res-block res-txt style-standard layout01 pt-4  Transparent\" style=\"background: transparent;\">\n  <div class=\"inner-container container-off \" data-aos=\"res-fadeIn\">\n \n\t\t  \n\t\t \t  \n      \n      <div class=\"layout-1 txt-section\">\n\t\t<div class=\"row\">\t\n\t\t\t\n\t\t\n\t\t\t<div class=\"col-md-10 var-1spalten text-left\">\n\t\t\t\t\n\t\t\t\t<div class=\"txt-title-field\">\n\t\n\t\t\t\t\t\n\t\t\n\t\t\t\t  \n\t\t\t\t   <h2 class=\"title-h2 \">Unsere Ziele in den zertifizierten Bereichen<\/h2>\n\t\t\t\t\n\t\t\t\t\t\n\t\t\t\t\t \n\t\t\t\t\t<\/div>\n\n\t\t\t\t\n                \n\t\t\t\t\t            <\/div>\n\t\t\t\t <\/div> \t\n\t\t<\/div>\n\t \n\t  \n \n \n\t<\/div>\n<\/section>\n\n\n\n\n \n\n\n\n\n<section id=\"res-link-anker-block_fdcd00bd1753cd9149eeecace1eb3f90\" class=\"linkanker-section\">\n<div  class=\"res-block res-link-anker style-standard pt-2  Transparent \" style=\"background: transparent;\">\n\n  <div class=\"inner-container container-off\" data-aos=\"res-fadeIn\">\n\t  \n\t  \t  \n\t\n\n      \n\n\n\n\n\n\n\t\t<hr  >\n\t\t\n  \n\n\t<\/div>\n  <\/div>\n<\/section>\n\n\n\n\n<section id=\"res-txt-block_ccf3b8112cf7ecf459e0e1c5643dc2f6\" class=\"res-block res-txt style-standard layout01 py-2  Transparent\" style=\"background: transparent;\">\n  <div class=\"inner-container container-off \" data-aos=\"res-fadeIn\">\n \n\t\t  \n\t\t \t  \n      \n      <div class=\"layout-1 txt-section\">\n\t\t<div class=\"row\">\t\n\t\t\t\n\t\t            \n                           <style>      \n                 @media only screen and (min-width: 970px) {\n                     #res-txt-block_ccf3b8112cf7ecf459e0e1c5643dc2f6.res-txt .spalten-abstand {\n                         margin-right: 8%;\n                     }\n                 }\n              <\/style>\n                 \n            \n\t\t\t\t<div class=\"col-md-4 txt-title-field var-2spalten\">\n                    <div class=\"spalten-abstand \">\n\t\t\t\t\n\t\t\t\t\t\t\n\n\t\t\t\t\t\n\t\t\t\t\t \n\t\t\t\t\t   <h3 class=\"title-h3\">Informationssicherheits-<br \/>\r\nmanagement<\/h3>\n\t\t\t\t\t\t\n                        \n                   <\/div>\n\t\t\t\t<\/div> \n\t\t\t\t\n\t\t\t\t\n\t\t\t\t<div class=\"col-md txt-textfield var-2spalten postContent \">\n\n\t\t\t\t\t\t\t\t\t\t  <p>Wir halten als Unternehmen im Hinblick auf unsere Informationssicherheit hohe Standards ein. Informationssicherheit ist heute von zentraler Wichtigkeit f\u00fcr Organisationen und Unternehmen. Die Aspekte Vertraulichkeit, Integrit\u00e4t und Verf\u00fcgbarkeit von Informationen sind strategische Erfolgsfaktoren, wenn es um das Vertrauen von Kunden, Gesch\u00e4ftspartnern und der \u00d6ffentlichkeit geht.<\/p>\n<p>Als Anbieter von Mobilit\u00e4tsleistungen unterliegen unsere Kundinnen und Kunden meist den Vorschriften f\u00fcr Kritische Infrastrukturen (KRITIS) \u2013 diese beinhalten, dass auch die von ihnen gew\u00e4hlten Lieferanten \u00fcber die Zertifizierung nach ISO 27001 verf\u00fcgen m\u00fcssen.<\/p>\n<p>Die Zertifizierung ist f\u00fcr uns kein Schlusspunkt \u2013 das Thema IT Security wird uns weiterhin besch\u00e4ftigen.<\/p>\n\t\t\t\t\t\n\t\t\t\t \n\t\t\t\t\t\t\n\t\n\t\t\t\t  <\/div>\n\t\n\t\t\t\t\t <\/div> \t\n\t\t<\/div>\n\t \n\t  \n \n \n\t<\/div>\n<\/section>\n\n\n\n\n  \n\t<style>\n\t\t#res-link-anker-block_ad9b848c80300e3a3309447dafc15773 .link-anker-with-no-padding {padding: 0 !important;}\n  <\/style> \n\n\n\n\n\n<section id=\"res-link-anker-block_ad9b848c80300e3a3309447dafc15773\" class=\"linkanker-section\">\n<div  class=\"res-block res-link-anker style-standard pt-2  Transparent link-anker-with-no-padding\" style=\"background: transparent;\">\n\n  <div class=\"inner-container container-off\" data-aos=\"res-fadeIn\">\n\t  \n\t  \t  \n\t\n\n      \n\n\n\n\n\n\n\t\t<hr  >\n\t\t\n  \n\n\t<\/div>\n  <\/div>\n<\/section>\n\n\n\n\n<section id=\"res-txt-block_d786139627d4df4e44e53f41aa5bc5ec\" class=\"res-block res-txt style-standard layout01 py-2  Transparent\" style=\"background: transparent;\">\n  <div class=\"inner-container container-off \" data-aos=\"res-fadeIn\">\n \n\t\t  \n\t\t \t  \n      \n      <div class=\"layout-1 txt-section\">\n\t\t<div class=\"row\">\t\n\t\t\t\n\t\t            \n                           <style>      \n                 @media only screen and (min-width: 970px) {\n                     #res-txt-block_d786139627d4df4e44e53f41aa5bc5ec.res-txt .spalten-abstand {\n                         margin-right: 8%;\n                     }\n                 }\n              <\/style>\n                 \n            \n\t\t\t\t<div class=\"col-md-4 txt-title-field var-2spalten\">\n                    <div class=\"spalten-abstand \">\n\t\t\t\t\n\t\t\t\t\t\t\n\n\t\t\t\t\t\n\t\t\t\t\t \n\t\t\t\t\t   <h3 class=\"title-h3\">Qualit\u00e4tsmanagement<\/h3>\n\t\t\t\t\t\t\n                        \n                   <\/div>\n\t\t\t\t<\/div> \n\t\t\t\t\n\t\t\t\t\n\t\t\t\t<div class=\"col-md txt-textfield var-2spalten postContent \">\n\n\t\t\t\t\t\t\t\t\t\t  <p>Wir widmen unser volles Engagement dem Erreichen unserer Qualit\u00e4tsziele und streben stets danach, unseren Kunden die besten L\u00f6sungen anzubieten. Das Thema Qualit\u00e4t hat f\u00fcr uns einen hohen Stellenwert, daher ist unser Director Quality Management in der ebblo-Gesch\u00e4ftsleitung vertreten.<\/p>\n<p>Als qualit\u00e4tsbewusstes Unternehmen verbessern wir fortlaufend unsere Prozesse und Standards. Die Erf\u00fcllung von Kundenanforderungen und die Steigerung der Kundenzufriedenheit haben f\u00fcr uns h\u00f6chste Priorit\u00e4t. Fairness und Transparenz gegen\u00fcber unseren Kunden und Partnern sind uns wichtig.<\/p>\n<p>Unser Erfolg basiert auf den Fachkenntnissen, der Motivation und der Loyalit\u00e4t unserer Mitarbeitenden. Wir sorgen daf\u00fcr, dass alle notwendigen Ressourcen zur Verf\u00fcgung stehen, um unsere hohen Anspr\u00fcche an die Leistungserbringung zu erf\u00fcllen.<\/p>\n\t\t\t\t\t\n\t\t\t\t \n\t\t\t\t\t\t\n\t\n\t\t\t\t  <\/div>\n\t\n\t\t\t\t\t <\/div> \t\n\t\t<\/div>\n\t \n\t  \n \n \n\t<\/div>\n<\/section>\n\n\n\n\n  \n\t<style>\n\t\t#res-link-anker-block_ad9b848c80300e3a3309447dafc15773 .link-anker-with-no-padding {padding: 0 !important;}\n  <\/style> \n\n\n\n\n\n<section id=\"res-link-anker-block_ad9b848c80300e3a3309447dafc15773\" class=\"linkanker-section\">\n<div  class=\"res-block res-link-anker style-standard pt-2  Transparent link-anker-with-no-padding\" style=\"background: transparent;\">\n\n  <div class=\"inner-container container-off\" data-aos=\"res-fadeIn\">\n\t  \n\t  \t  \n\t\n\n      \n\n\n\n\n\n\n\t\t<hr  >\n\t\t\n  \n\n\t<\/div>\n  <\/div>\n<\/section>\n\n\n\n\n<section id=\"res-txt-block_52e1697d26ced552c3e81a77152fe1b6\" class=\"res-block res-txt style-standard layout01 py-2  Transparent\" style=\"background: transparent;\">\n  <div class=\"inner-container container-off \" data-aos=\"res-fadeIn\">\n \n\t\t  \n\t\t \t  \n      \n      <div class=\"layout-1 txt-section\">\n\t\t<div class=\"row\">\t\n\t\t\t\n\t\t            \n                           <style>      \n                 @media only screen and (min-width: 970px) {\n                     #res-txt-block_52e1697d26ced552c3e81a77152fe1b6.res-txt .spalten-abstand {\n                         margin-right: 8%;\n                     }\n                 }\n              <\/style>\n                 \n            \n\t\t\t\t<div class=\"col-md-4 txt-title-field var-2spalten\">\n                    <div class=\"spalten-abstand \">\n\t\t\t\t\n\t\t\t\t\t\t\n\n\t\t\t\t\t\n\t\t\t\t\t \n\t\t\t\t\t   <h3 class=\"title-h3\">Umweltmanagement<\/h3>\n\t\t\t\t\t\t\n                        \n                   <\/div>\n\t\t\t\t<\/div> \n\t\t\t\t\n\t\t\t\t\n\t\t\t\t<div class=\"col-md txt-textfield var-2spalten postContent \">\n\n\t\t\t\t\t\t\t\t\t\t  <p>Als modernes und zukunftsorientiertes Unternehmen \u00fcbernehmen wir Verantwortung f\u00fcr unsere Umwelt. Wir \u00fcberpr\u00fcfen unsere Produkte und Prozesse fortlaufend auf die Einhaltung gesetzlicher Vorgaben. Umweltbewusstes Denken und Handeln sind f\u00fcr uns selbstverst\u00e4ndlich. Wir setzen auf einen schonenden Umgang mit Ressourcen und die Umweltvertr\u00e4glichkeit unserer Dienstleistungen und Produkte.<\/p>\n\t\t\t\t\t\n\t\t\t\t \n\t\t\t\t\t\t\n\t\n\t\t\t\t  <\/div>\n\t\n\t\t\t\t\t <\/div> \t\n\t\t<\/div>\n\t \n\t  \n \n \n\t<\/div>\n<\/section>\n\n","protected":false},"excerpt":{"rendered":"","protected":false},"author":1,"featured_media":11288,"parent":3430,"menu_order":0,"comment_status":"closed","ping_status":"closed","template":"","meta":{"_acf_changed":false,"footnotes":""},"class_list":["post-3618","page","type-page","status-publish","has-post-thumbnail","hentry"],"acf":[],"_links":{"self":[{"href":"https:\/\/ebblo.com\/de\/wp-json\/wp\/v2\/pages\/3618","targetHints":{"allow":["GET"]}}],"collection":[{"href":"https:\/\/ebblo.com\/de\/wp-json\/wp\/v2\/pages"}],"about":[{"href":"https:\/\/ebblo.com\/de\/wp-json\/wp\/v2\/types\/page"}],"author":[{"embeddable":true,"href":"https:\/\/ebblo.com\/de\/wp-json\/wp\/v2\/users\/1"}],"replies":[{"embeddable":true,"href":"https:\/\/ebblo.com\/de\/wp-json\/wp\/v2\/comments?post=3618"}],"version-history":[{"count":16,"href":"https:\/\/ebblo.com\/de\/wp-json\/wp\/v2\/pages\/3618\/revisions"}],"predecessor-version":[{"id":11296,"href":"https:\/\/ebblo.com\/de\/wp-json\/wp\/v2\/pages\/3618\/revisions\/11296"}],"up":[{"embeddable":true,"href":"https:\/\/ebblo.com\/de\/wp-json\/wp\/v2\/pages\/3430"}],"wp:featuredmedia":[{"embeddable":true,"href":"https:\/\/ebblo.com\/de\/wp-json\/wp\/v2\/media\/11288"}],"wp:attachment":[{"href":"https:\/\/ebblo.com\/de\/wp-json\/wp\/v2\/media?parent=3618"}],"curies":[{"name":"wp","href":"https:\/\/api.w.org\/{rel}","templated":true}]}}