{"id":3576,"date":"2025-12-04T13:39:10","date_gmt":"2025-12-04T12:39:10","guid":{"rendered":"https:\/\/ebblo.musterpage.ch\/design\/?page_id=3576"},"modified":"2026-02-09T14:33:55","modified_gmt":"2026-02-09T13:33:55","slug":"management","status":"publish","type":"page","link":"https:\/\/ebblo.com\/de\/ueber-uns\/management\/","title":{"rendered":"Management"},"content":{"rendered":"\n<section id=\"res-header-image-block_b690af20e30beb491bb73ee360dd00f4\" class=\"res-block res-header-image alignfull style-standard background: transparent m-no\">\n  <div class=\"res-header-img-outside fadeIn duration1 \"  data-aos=\"res-fadeIn\">\n\t<div class=\"res-header-height \">\n\t\t\n\t\n\t  <style> \n\t\t  @media only screen and (min-width: 970px) {\n\t\t\t #res-header-image-block_b690af20e30beb491bb73ee360dd00f4.res-header-image .layout-1.header-img-height { height: 40vh;}  \n\t\t\t #res-header-image-block_b690af20e30beb491bb73ee360dd00f4.res-header-image .layout-1 .res-header-image-vertical-center { top: 66%;} \n\t\t\t  \t\t\t  \n\t\t\t\t\t\t  #res-header-image-block_b690af20e30beb491bb73ee360dd00f4.res-header-image .layout-1 .jarallax-img { object-position: 50% 65% !important;}\n\t\t\t \n          \t\t  }\n\n\n\t\t  @media only screen and (max-width: 970px) {\n\n                      #res-header-image-block_b690af20e30beb491bb73ee360dd00f4.res-header-image .layout-1.header-img-height { height: 45vh;}\n          \n                      #res-header-image-block_b690af20e30beb491bb73ee360dd00f4.res-header-image .layout-1.header-img-mobile { height: 45vh;}\n          \n\t\t\t\n            \n\t\t\t  #res-header-image-block_b690af20e30beb491bb73ee360dd00f4.res-header-image .layout-1 .res-header-image-vertical-center { top: 55%;}  \n\t\t\t  \t\t  }\n\t\t            \n                 #res-header-image-block_b690af20e30beb491bb73ee360dd00f4.res-header-image .layout-1 .header-img-bg-opacity {\n                     opacity: 1;\n                }\n           \n\t  <\/style>\n\n        <div class=\"layout-1 jarallax header-img-height header-img-desktop\"\n             data-speed=\"0.6\"\n             style=\"background-color: #000;\">\n\n\t\t\t        <div class=\"res-header-image-vertical-center\">\n            <div class=\"container-fluid\">\n\n\t\t\t\t                    <div class=\"sloganBox\">\n                        <div class=\"row\">\n                            <div class=\"col col-md-8 text-left\">\n                                <div class=\"slogan-txt \" data-aos=\"res-leftIncoming\">\n\n\t\t\t\t\t\t\t\t\t\n\t\t\t\t\t\t\t\t\t\n\t\t\t\t\t\t\t\t\t\n\t\t\t\t\t\t\t\t\t\n\t\t\t\t\t\t\t\t\t\n                                <\/div>\n                            <\/div>\n                        <\/div>\n                    <\/div>\n\t\t\t\t\n            <\/div>\n        <\/div>\n\t\t<img loading=\"lazy\" decoding=\"async\" width=\"1920\" height=\"1080\" src=\"https:\/\/ebblo.com\/wp-content\/uploads\/2026\/01\/ebblo-header-busy-street-1920x1080.jpg\" class=\"jarallax-img img-fluid header-img-bg-opacity\" alt=\"\" \/>\n\t\t\t\n        <\/div>\n\n\t\t\n\n       \n\n\t\t<\/div>\n\t<\/div>\n<\/section>\n\n\n\n \n\n\n\n\n<section id=\"res-link-anker-block_094de4b03111727f1ad86dad0354f19f\" class=\"linkanker-section\">\n<div  class=\"res-block res-link-anker alignfull style-standard py-2  Brand-Color \" style=\"\">\n\n  <div class=\"inner-container container-wide\" data-aos=\"res-fadeIn\">\n\t  \n\t  \t\t<div class=\"breadcrumbs\"><nav class=\"breadcrumb\" data-aos=\"res-fadeIn\"><span class=\"breadcrumb-item\">Home<\/span> <i class=\"fa-solid fa-angle-right mx-1 font-weight-normal\"><\/i> <\/nav><\/div>\n\t\t  \n\t\n\n      \n\n\n\n\n\n\n\t\t\n  \n\n\t<\/div>\n  <\/div>\n<\/section>\n\n\n\n\n<section id=\"res-txt-block_6ae0320810dc02e3e7763f33508f71eb\" class=\"res-block res-txt alignwide style-03 layout01 py-4  Transparent\" style=\"background: transparent;\">\n  <div class=\"inner-container container-off \" data-aos=\"res-fadeIn\">\n \n\t\t  \n\t\t \t  \n      \n      <div class=\"layout-1 txt-section\">\n\t\t<div class=\"row\">\t\n\t\t\t\n\t\t\n\t\t\t<div class=\"col-md-8 var-1spalten text-left\">\n\t\t\t\t\n\t\t\t\t<div class=\"txt-title-field\">\n\t\n\t\t\t\t\t\t\t\t   <h1 class=\"title-h1 \">Management-Team ebblo Western Europe<\/h1>\n\t\t\t\t\t\n\t\t\n\t\t\t\t  \n\t\t\t\t   <h2 class=\"title-h2 \">Management<\/h2>\n\t\t\t\t\n\t\t\t\t\t\n\t\t\t\t\t \n\t\t\t\t\t<\/div>\n\n\t\t\t\t\t\t\t\t\t<div class=\"txt-textfield postContent pt-md-2 \">\n                        <p class=\"ewa-rteLine\">Wir engagieren uns mit gro\u00dfer Leidenschaft f\u00fcr den \u00f6ffentlichen Verkehr. Die Zufriedenheit unserer Kundinnen und Kunden steht f\u00fcr uns an erster Stelle \u2013 ebenso wie eine vertrauensvolle, partnerschaftliche Zusammenarbeit.<\/p>\n<div class=\"ewa-rteLine\"><\/div>\n<p class=\"ewa-rteLine\">\u00d6ffentliche Verkehrsunternehmen weltweit stehen vor vielf\u00e4ltigen, komplexen Herausforderungen und verfolgen dennoch ein gemeinsames Ziel: den \u00f6ffentlichen Verkehr attraktiver zu machen, Mobilit\u00e4t nachhaltig zu ver\u00e4ndern und den \u00d6PNV zur ersten Wahl der Menschen zu entwickeln.<\/p>\n<div class=\"ewa-rteLine\"><\/div>\n<p class=\"ewa-rteLine\">Unser Anspruch ist es, sie genau dabei zu unterst\u00fctzen \u2013 mit zukunftsorientierten L\u00f6sungen, moderner Technologie und einem klaren Fokus auf die Bed\u00fcrfnisse der Fahrg\u00e4ste. Wir sind davon \u00fcberzeugt, dass wir der bestm\u00f6gliche Partner f\u00fcr diesen Wandel sind.<\/p>\n\t\t\t\t\t<\/div>\n                \n                \n\t\t\t\t\t            <\/div>\n\t\t\t\t <\/div> \t\n\t\t<\/div>\n\t \n\t  \n \n \n\t<\/div>\n<\/section>\n\n\n\n \n\t<section id=\"filter-everything-container\" class=\"res-block res-boxes style-03 pb-3  Transparent\" style=\"background: transparent;\">\n        \n        \t\t\n        <div class=\"inner-container container-off \" data-aos=\"res-fadeIn\">\n\n\t\t\t<style>\n\t\t\t\t                \n                \n\t\t\t\t@media only screen and (min-width: 970px) {\n#res-boxes-block_b124172ce4020b74d6df1f328bb243c4 .box-col, #res-boxes-block_b124172ce4020b74d6df1f328bb243c4 .box-item {\n    padding-right: 30px;\n    padding-left: 30px;\n}\n\n#res-boxes-block_b124172ce4020b74d6df1f328bb243c4 .row {\n    margin-right: -30px;\n    margin-left: -30px;\n}\n\n\n\t\t\t\t\t\n\t\t\t\t\t\t\t\t}\n\t\t\t<\/style>\n\n\t\t\t\n\t\t\t\n\t\t\t<div id=\"res-boxes-block_b124172ce4020b74d6df1f328bb243c4\" class=\"row row-cols-1 row-cols-md-3 no-gutters boxes-frame equal-boxheight \" >\n\n\t\t\t\t\n\t\t\t\t\n\t\t\t\t\t\t\t\t<div class=\"col-md team-col mb-3 mb-md-3 box-item team-item boxlayout03 planung-disposition leitsysteme-itcs   \" >\n\n\t\t\t\t\t<div class=\"box-inner team-url-link  flatbox scale-team h-100\">\n\n\t\t\t\t\t\t\t\t\t\t\t\t<a href=\"https:\/\/ebblo.com\/de\/management\/marcel-velten\/\" data-targeturl=\"https:\/\/ebblo.com\/de\/management\/marcel-velten\/\" class=\"modal-trigger\">\n\t\t\t\t\t\t\t\t\t\t\t\t\t\t<div class=\"teamBox postBox text-center \">\n\n\t\t\t\t\t\t\t\t\t\t\t\t\t\t\t\t\t<div class=\"teamImg postImg mb-1 overflow-hidden \">\n                                    <img loading=\"lazy\" decoding=\"async\" width=\"800\" height=\"800\" src=\"https:\/\/ebblo.com\/wp-content\/uploads\/2025\/12\/Marcel-Velten-2026b-800x800.jpg\" class=\"img-fluid w-100 post-img\" alt=\"Marcel Velten\" srcset=\"https:\/\/ebblo.com\/wp-content\/uploads\/2025\/12\/Marcel-Velten-2026b-800x800.jpg 800w, https:\/\/ebblo.com\/wp-content\/uploads\/2025\/12\/Marcel-Velten-2026b-480x480.jpg 480w\" sizes=\"auto, (max-width: 800px) 100vw, 800px\" \/>                                <\/div>\n\t\t\t\t\t\t\t\t\n\t\t\t\t\t\t\t\t<div class=\"teamContent postContent box-no-paddding h-100\">\n\t\t\t\t\t\t\t\t<div class=\"texte-team\">\n\t\t\t\t\t\t\t\t\t<h3>Marcel Velten<\/h3>\n\n\t\t\t\t\t\t\t\t\t\t\t\t\t\t\t\t\t<div class=\"vorschau-text pb-1\">\n\t\t\t\t\t\t\t\t\t\tCEO\t\t\t\t\t\t\t\t\t<\/div>\n\t\t\t\t\t\t\t\t\t\t\t\t\t\t\t\t<\/div>\n\n\t\t\t\t\t\t\t\t\t\t\t\t\t\t\t\t\t\t\t\t\t\t\t\t\t\t\t\t\t\t\t\t\t\t                                    \n\t<div class=\"team-infos pb-1\">\n\n\t\t\n\t\t\n\t\t\t\t\t<div class=\"team-social pt-1\">\n\t\t\t\t\t\t\t\t<object>\n\t\t\t\t\t<a href=\"https:\/\/www.linkedin.com\/in\/marcel-velten-3a058b155\/\"\n\t\t\t\t\t   class=\"team-social-icon-link\"\n\t\t\t\t\t   target=\"_blank\"\n\t\t\t\t\t   title=\"\">\n\t\t\t\t\t\t<i class=\"fa-brands fa-linkedin-in\"><\/i>\t\t\t\t\t<\/a><\/object>\n\t\t\t\t\t\t\t<\/div>\n\t\t\n\t<\/div>\n\n                                    \n\n\n\n\n\n\t\t\t\t\t\t\t<\/div>\n\t\t\t\t\t<\/div>\n\t\t\t\t\t\t\t\t\t\t\t<\/a>\n\t\t\t\t\t\n\t\t\t\t\t\t\t\t\t<\/div>\n\n\t\t\t\t<\/div>\n\n\t\t\t\t\n\t\t\t\t\t\t\t\t<div class=\"col-md team-col mb-3 mb-md-3 box-item team-item boxlayout03 leitsysteme-itcs planung-disposition   \" >\n\n\t\t\t\t\t<div class=\"box-inner team-url-link  flatbox scale-team h-100\">\n\n\t\t\t\t\t\t\t\t\t\t\t\t<a href=\"https:\/\/ebblo.com\/de\/management\/melanie-emrich\/\" data-targeturl=\"https:\/\/ebblo.com\/de\/management\/melanie-emrich\/\" class=\"modal-trigger\">\n\t\t\t\t\t\t\t\t\t\t\t\t\t\t<div class=\"teamBox postBox text-center \">\n\n\t\t\t\t\t\t\t\t\t\t\t\t\t\t\t\t\t<div class=\"teamImg postImg mb-1 overflow-hidden \">\n                                    <img loading=\"lazy\" decoding=\"async\" width=\"800\" height=\"800\" src=\"https:\/\/ebblo.com\/wp-content\/uploads\/2025\/12\/Melanie-Emrich-2026-800x800.jpg\" class=\"img-fluid w-100 post-img\" alt=\"Melanie Emrich\" srcset=\"https:\/\/ebblo.com\/wp-content\/uploads\/2025\/12\/Melanie-Emrich-2026-800x800.jpg 800w, https:\/\/ebblo.com\/wp-content\/uploads\/2025\/12\/Melanie-Emrich-2026-480x480.jpg 480w\" sizes=\"auto, (max-width: 800px) 100vw, 800px\" \/>                                <\/div>\n\t\t\t\t\t\t\t\t\n\t\t\t\t\t\t\t\t<div class=\"teamContent postContent box-no-paddding h-100\">\n\t\t\t\t\t\t\t\t<div class=\"texte-team\">\n\t\t\t\t\t\t\t\t\t<h3>Melanie Emrich<\/h3>\n\n\t\t\t\t\t\t\t\t\t\t\t\t\t\t\t\t\t<div class=\"vorschau-text pb-1\">\n\t\t\t\t\t\t\t\t\t\tCFO\t\t\t\t\t\t\t\t\t<\/div>\n\t\t\t\t\t\t\t\t\t\t\t\t\t\t\t\t<\/div>\n\n\t\t\t\t\t\t\t\t\t\t\t\t\t\t\t\t\t\t\t\t\t\t\t\t\t\t\t\t\t\t\t\t\t\t                                    \n\t<div class=\"team-infos pb-1\">\n\n\t\t\n\t\t\n\t\t\t\t\t<div class=\"team-social pt-1\">\n\t\t\t\t\t\t\t\t<object>\n\t\t\t\t\t<a href=\"https:\/\/www.linkedin.com\/in\/melanie-emrich-45936121b\/\"\n\t\t\t\t\t   class=\"team-social-icon-link\"\n\t\t\t\t\t   target=\"_blank\"\n\t\t\t\t\t   title=\"\">\n\t\t\t\t\t\t<i class=\"fa-brands fa-linkedin-in\"><\/i>\t\t\t\t\t<\/a><\/object>\n\t\t\t\t\t\t\t<\/div>\n\t\t\n\t<\/div>\n\n                                    \n\n\n\n\n\n\t\t\t\t\t\t\t<\/div>\n\t\t\t\t\t<\/div>\n\t\t\t\t\t\t\t\t\t\t\t<\/a>\n\t\t\t\t\t\n\t\t\t\t\t\t\t\t\t<\/div>\n\n\t\t\t\t<\/div>\n\n\t\t\t\t\n\t\t\t\t\t\t\t\t<div class=\"col-md team-col mb-3 mb-md-3 box-item team-item boxlayout03 leitsysteme-itcs planung-disposition   \" >\n\n\t\t\t\t\t<div class=\"box-inner team-url-link  flatbox scale-team h-100\">\n\n\t\t\t\t\t\t\t\t\t\t\t\t<a href=\"https:\/\/ebblo.com\/de\/management\/andreas-kroll\/\" data-targeturl=\"https:\/\/ebblo.com\/de\/management\/andreas-kroll\/\" class=\"modal-trigger\">\n\t\t\t\t\t\t\t\t\t\t\t\t\t\t<div class=\"teamBox postBox text-center \">\n\n\t\t\t\t\t\t\t\t\t\t\t\t\t\t\t\t\t<div class=\"teamImg postImg mb-1 overflow-hidden \">\n                                    <img loading=\"lazy\" decoding=\"async\" width=\"800\" height=\"800\" src=\"https:\/\/ebblo.com\/wp-content\/uploads\/2025\/12\/Andreas-Kroll-2026-800x800.jpg\" class=\"img-fluid w-100 post-img\" alt=\"Andreas Kroll\" srcset=\"https:\/\/ebblo.com\/wp-content\/uploads\/2025\/12\/Andreas-Kroll-2026-800x800.jpg 800w, https:\/\/ebblo.com\/wp-content\/uploads\/2025\/12\/Andreas-Kroll-2026-480x480.jpg 480w\" sizes=\"auto, (max-width: 800px) 100vw, 800px\" \/>                                <\/div>\n\t\t\t\t\t\t\t\t\n\t\t\t\t\t\t\t\t<div class=\"teamContent postContent box-no-paddding h-100\">\n\t\t\t\t\t\t\t\t<div class=\"texte-team\">\n\t\t\t\t\t\t\t\t\t<h3>Andreas Kroll<\/h3>\n\n\t\t\t\t\t\t\t\t\t\t\t\t\t\t\t\t\t<div class=\"vorschau-text pb-1\">\n\t\t\t\t\t\t\t\t\t\tCOO\t\t\t\t\t\t\t\t\t<\/div>\n\t\t\t\t\t\t\t\t\t\t\t\t\t\t\t\t<\/div>\n\n\t\t\t\t\t\t\t\t\t\t\t\t\t\t\t\t\t\t\t\t\t\t\t\t\t\t\t\t\t\t\t\t\t\t                                    \n\t<div class=\"team-infos pb-1\">\n\n\t\t\n\t\t\n\t\t\t\t\t<div class=\"team-social pt-1\">\n\t\t\t\t\t\t\t\t<object>\n\t\t\t\t\t<a href=\"https:\/\/www.linkedin.com\/in\/andreas-kroll-79781b1b4\/\"\n\t\t\t\t\t   class=\"team-social-icon-link\"\n\t\t\t\t\t   target=\"_blank\"\n\t\t\t\t\t   title=\"\">\n\t\t\t\t\t\t<i class=\"fa-brands fa-linkedin-in\"><\/i>\t\t\t\t\t<\/a><\/object>\n\t\t\t\t\t\t\t<\/div>\n\t\t\n\t<\/div>\n\n                                    \n\n\n\n\n\n\t\t\t\t\t\t\t<\/div>\n\t\t\t\t\t<\/div>\n\t\t\t\t\t\t\t\t\t\t\t<\/a>\n\t\t\t\t\t\n\t\t\t\t\t\t\t\t\t<\/div>\n\n\t\t\t\t<\/div>\n\n\t\t\t\t\n\t\t\t\t\t\t\t\t<div class=\"col-md team-col mb-3 mb-md-3 box-item team-item boxlayout03 leitsysteme-itcs planung-disposition   \" >\n\n\t\t\t\t\t<div class=\"box-inner team-url-link  flatbox scale-team h-100\">\n\n\t\t\t\t\t\t\t\t\t\t\t\t<a href=\"https:\/\/ebblo.com\/de\/management\/banejamin-schueler\/\" data-targeturl=\"https:\/\/ebblo.com\/de\/management\/banejamin-schueler\/\" class=\"modal-trigger\">\n\t\t\t\t\t\t\t\t\t\t\t\t\t\t<div class=\"teamBox postBox text-center \">\n\n\t\t\t\t\t\t\t\t\t\t\t\t\t\t\t\t\t<div class=\"teamImg postImg mb-1 overflow-hidden \">\n                                    <img loading=\"lazy\" decoding=\"async\" width=\"800\" height=\"800\" src=\"https:\/\/ebblo.com\/wp-content\/uploads\/2026\/01\/Benjamin-Schueler-800x800.jpg\" class=\"img-fluid w-100 post-img\" alt=\"Benjamin Sch\u00fcler\" srcset=\"https:\/\/ebblo.com\/wp-content\/uploads\/2026\/01\/Benjamin-Schueler-800x800.jpg 800w, https:\/\/ebblo.com\/wp-content\/uploads\/2026\/01\/Benjamin-Schueler-480x480.jpg 480w\" sizes=\"auto, (max-width: 800px) 100vw, 800px\" \/>                                <\/div>\n\t\t\t\t\t\t\t\t\n\t\t\t\t\t\t\t\t<div class=\"teamContent postContent box-no-paddding h-100\">\n\t\t\t\t\t\t\t\t<div class=\"texte-team\">\n\t\t\t\t\t\t\t\t\t<h3>Benjamin Sch\u00fcler<\/h3>\n\n\t\t\t\t\t\t\t\t\t\t\t\t\t\t\t\t\t<div class=\"vorschau-text pb-1\">\n\t\t\t\t\t\t\t\t\t\tCTO\t\t\t\t\t\t\t\t\t<\/div>\n\t\t\t\t\t\t\t\t\t\t\t\t\t\t\t\t<\/div>\n\n\t\t\t\t\t\t\t\t\t\t\t\t\t\t\t\t\t\t\t\t\t\t\t\t\t\t\t\t\t\t\t\t\t\t                                    \n\t<div class=\"team-infos pb-1\">\n\n\t\t\n\t\t\n\t\t\t\t\t<div class=\"team-social pt-1\">\n\t\t\t\t\t\t\t\t<object>\n\t\t\t\t\t<a href=\"https:\/\/www.linkedin.com\/in\/benjaminschueler\/\"\n\t\t\t\t\t   class=\"team-social-icon-link\"\n\t\t\t\t\t   target=\"_blank\"\n\t\t\t\t\t   title=\"\">\n\t\t\t\t\t\t<i class=\"fa-brands fa-linkedin-in\"><\/i>\t\t\t\t\t<\/a><\/object>\n\t\t\t\t\t\t\t<\/div>\n\t\t\n\t<\/div>\n\n                                    \n\n\n\n\n\n\t\t\t\t\t\t\t<\/div>\n\t\t\t\t\t<\/div>\n\t\t\t\t\t\t\t\t\t\t\t<\/a>\n\t\t\t\t\t\n\t\t\t\t\t\t\t\t\t<\/div>\n\n\t\t\t\t<\/div>\n\n\t\t\t\t\n\t\t\t\t\t\t\t\t<div class=\"col-md team-col mb-3 mb-md-3 box-item team-item boxlayout03 leitsysteme-itcs planung-disposition   \" >\n\n\t\t\t\t\t<div class=\"box-inner team-url-link  flatbox scale-team h-100\">\n\n\t\t\t\t\t\t\t\t\t\t\t\t<a href=\"https:\/\/ebblo.com\/de\/management\/anil-kumar-chaturvedi\/\" data-targeturl=\"https:\/\/ebblo.com\/de\/management\/anil-kumar-chaturvedi\/\" class=\"modal-trigger\">\n\t\t\t\t\t\t\t\t\t\t\t\t\t\t<div class=\"teamBox postBox text-center \">\n\n\t\t\t\t\t\t\t\t\t\t\t\t\t\t\t\t\t<div class=\"teamImg postImg mb-1 overflow-hidden \">\n                                    <img loading=\"lazy\" decoding=\"async\" width=\"800\" height=\"800\" src=\"https:\/\/ebblo.com\/wp-content\/uploads\/2026\/01\/Anil-Kumar-Chaturvedi-2026-800x800.jpg\" class=\"img-fluid w-100 post-img\" alt=\"Anil Kumar Chaturvedi\" srcset=\"https:\/\/ebblo.com\/wp-content\/uploads\/2026\/01\/Anil-Kumar-Chaturvedi-2026-800x800.jpg 800w, https:\/\/ebblo.com\/wp-content\/uploads\/2026\/01\/Anil-Kumar-Chaturvedi-2026-480x480.jpg 480w\" sizes=\"auto, (max-width: 800px) 100vw, 800px\" \/>                                <\/div>\n\t\t\t\t\t\t\t\t\n\t\t\t\t\t\t\t\t<div class=\"teamContent postContent box-no-paddding h-100\">\n\t\t\t\t\t\t\t\t<div class=\"texte-team\">\n\t\t\t\t\t\t\t\t\t<h3>Anil Kumar Chaturvedi<\/h3>\n\n\t\t\t\t\t\t\t\t\t\t\t\t\t\t\t\t\t<div class=\"vorschau-text pb-1\">\n\t\t\t\t\t\t\t\t\t\tDirector SCM &#038; Quality\t\t\t\t\t\t\t\t\t<\/div>\n\t\t\t\t\t\t\t\t\t\t\t\t\t\t\t\t<\/div>\n\n\t\t\t\t\t\t\t\t\t\t\t\t\t\t\t\t\t\t\t\t\t\t\t\t\t\t\t\t\t\t\t\t\t\t                                    \n\t<div class=\"team-infos pb-1\">\n\n\t\t\n\t\t\n\t\t\t\t\t<div class=\"team-social pt-1\">\n\t\t\t\t\t\t\t\t<object>\n\t\t\t\t\t<a href=\"https:\/\/www.linkedin.com\/in\/anilchaturvedi\/\"\n\t\t\t\t\t   class=\"team-social-icon-link\"\n\t\t\t\t\t   target=\"_blank\"\n\t\t\t\t\t   title=\"\">\n\t\t\t\t\t\t<i class=\"fa-brands fa-linkedin-in\"><\/i>\t\t\t\t\t<\/a><\/object>\n\t\t\t\t\t\t\t<\/div>\n\t\t\n\t<\/div>\n\n                                    \n\n\n\n\n\n\t\t\t\t\t\t\t<\/div>\n\t\t\t\t\t<\/div>\n\t\t\t\t\t\t\t\t\t\t\t<\/a>\n\t\t\t\t\t\n\t\t\t\t\t\t\t\t\t<\/div>\n\n\t\t\t\t<\/div>\n\n\t\t\t\t\n\t\t\t\t\t\t\t\t<div class=\"col-md team-col mb-3 mb-md-3 box-item team-item boxlayout03 leitsysteme-itcs planung-disposition   \" >\n\n\t\t\t\t\t<div class=\"box-inner team-url-link  flatbox scale-team h-100\">\n\n\t\t\t\t\t\t\t\t\t\t\t\t<a href=\"https:\/\/ebblo.com\/de\/management\/michael-zander\/\" data-targeturl=\"https:\/\/ebblo.com\/de\/management\/michael-zander\/\" class=\"modal-trigger\">\n\t\t\t\t\t\t\t\t\t\t\t\t\t\t<div class=\"teamBox postBox text-center \">\n\n\t\t\t\t\t\t\t\t\t\t\t\t\t\t\t\t\t<div class=\"teamImg postImg mb-1 overflow-hidden \">\n                                    <img loading=\"lazy\" decoding=\"async\" width=\"800\" height=\"800\" src=\"https:\/\/ebblo.com\/wp-content\/uploads\/2026\/01\/Michael-Zander-800x800.jpg\" class=\"img-fluid w-100 post-img\" alt=\"Michael Zander\" srcset=\"https:\/\/ebblo.com\/wp-content\/uploads\/2026\/01\/Michael-Zander-800x800.jpg 800w, https:\/\/ebblo.com\/wp-content\/uploads\/2026\/01\/Michael-Zander-480x480.jpg 480w\" sizes=\"auto, (max-width: 800px) 100vw, 800px\" \/>                                <\/div>\n\t\t\t\t\t\t\t\t\n\t\t\t\t\t\t\t\t<div class=\"teamContent postContent box-no-paddding h-100\">\n\t\t\t\t\t\t\t\t<div class=\"texte-team\">\n\t\t\t\t\t\t\t\t\t<h3>Michael Zander<\/h3>\n\n\t\t\t\t\t\t\t\t\t\t\t\t\t\t\t\t\t<div class=\"vorschau-text pb-1\">\n\t\t\t\t\t\t\t\t\t\tDirector Sales &#038; Marketing\t\t\t\t\t\t\t\t\t<\/div>\n\t\t\t\t\t\t\t\t\t\t\t\t\t\t\t\t<\/div>\n\n\t\t\t\t\t\t\t\t\t\t\t\t\t\t\t\t\t\t\t\t\t\t\t\t\t\t\t\t\t\t\t\t\t\t                                    \n\t<div class=\"team-infos pb-1\">\n\n\t\t\n\t\t\n\t\t\t\t\t<div class=\"team-social pt-1\">\n\t\t\t\t\t\t\t\t<object>\n\t\t\t\t\t<a href=\"https:\/\/www.linkedin.com\/in\/michael-zander-32aa1b3a\/\"\n\t\t\t\t\t   class=\"team-social-icon-link\"\n\t\t\t\t\t   target=\"_blank\"\n\t\t\t\t\t   title=\"\">\n\t\t\t\t\t\t<i class=\"fa-brands fa-linkedin-in\"><\/i>\t\t\t\t\t<\/a><\/object>\n\t\t\t\t\t\t\t<\/div>\n\t\t\n\t<\/div>\n\n                                    \n\n\n\n\n\n\t\t\t\t\t\t\t<\/div>\n\t\t\t\t\t<\/div>\n\t\t\t\t\t\t\t\t\t\t\t<\/a>\n\t\t\t\t\t\n\t\t\t\t\t\t\t\t\t<\/div>\n\n\t\t\t\t<\/div>\n\n\t\t\t\t\t\t\t\t\t\t<\/div>\n\t\t\t\t<\/div>\n\n\t\t\t\t\t<div class=\"modal fade\" tabindex=\"-1\" role=\"dialog\" aria-hidden=\"true\" id=\"res-boxes-block_b124172ce4020b74d6df1f328bb243c4_modal\">\n\t\t\t\t<div class=\"modal-dialog boxes-modal\">\n\t\t\t\t\t<div class=\"modal-content\">\n\t\t\t\t\t\t<div class=\"modal-header\">\n\t\t\t\t\t\t\t<button type=\"button\" class=\"close\" data-dismiss=\"modal\" aria-label=\"Close\">\n\t\t\t\t\t\t\t\t<span class=\"x-close\" aria-hidden=\"true\"><\/span>\n\t\t\t\t\t\t\t<\/button>\n\t\t\t\t\t\t<\/div>\n\t\t\t\t\t\t<div class=\"modal-body\">\n\t\t\t\t\t\t<\/div>\n\t\t\t\t\t<\/div>\n\t\t\t\t<\/div>\n\t\t\t<\/div>\n\t\t\t<\/section>\n\n","protected":false},"excerpt":{"rendered":"","protected":false},"author":1,"featured_media":4826,"parent":3430,"menu_order":0,"comment_status":"closed","ping_status":"closed","template":"","meta":{"_acf_changed":false,"footnotes":""},"class_list":["post-3576","page","type-page","status-publish","has-post-thumbnail","hentry"],"acf":[],"_links":{"self":[{"href":"https:\/\/ebblo.com\/de\/wp-json\/wp\/v2\/pages\/3576","targetHints":{"allow":["GET"]}}],"collection":[{"href":"https:\/\/ebblo.com\/de\/wp-json\/wp\/v2\/pages"}],"about":[{"href":"https:\/\/ebblo.com\/de\/wp-json\/wp\/v2\/types\/page"}],"author":[{"embeddable":true,"href":"https:\/\/ebblo.com\/de\/wp-json\/wp\/v2\/users\/1"}],"replies":[{"embeddable":true,"href":"https:\/\/ebblo.com\/de\/wp-json\/wp\/v2\/comments?post=3576"}],"version-history":[{"count":34,"href":"https:\/\/ebblo.com\/de\/wp-json\/wp\/v2\/pages\/3576\/revisions"}],"predecessor-version":[{"id":9049,"href":"https:\/\/ebblo.com\/de\/wp-json\/wp\/v2\/pages\/3576\/revisions\/9049"}],"up":[{"embeddable":true,"href":"https:\/\/ebblo.com\/de\/wp-json\/wp\/v2\/pages\/3430"}],"wp:featuredmedia":[{"embeddable":true,"href":"https:\/\/ebblo.com\/de\/wp-json\/wp\/v2\/media\/4826"}],"wp:attachment":[{"href":"https:\/\/ebblo.com\/de\/wp-json\/wp\/v2\/media?parent=3576"}],"curies":[{"name":"wp","href":"https:\/\/api.w.org\/{rel}","templated":true}]}}