{"id":3384,"date":"2025-12-02T09:25:25","date_gmt":"2025-12-02T08:25:25","guid":{"rendered":"https:\/\/ebblo.musterpage.ch\/design\/?page_id=3384"},"modified":"2026-02-12T15:28:22","modified_gmt":"2026-02-12T14:28:22","slug":"wearemodaxo","status":"publish","type":"page","link":"https:\/\/ebblo.com\/de\/ueber-uns\/wearemodaxo\/","title":{"rendered":"WeAreModaxo"},"content":{"rendered":"\n<section id=\"res-header-image-block_170c7e7794534771490674c82dcca3c1\" class=\"res-block res-header-image alignfull style-standard background: transparent m-no\">\n  <div class=\"res-header-img-outside fadeIn duration1 \"  data-aos=\"res-fadeIn\">\n\t<div class=\"res-header-height \">\n\t\t\n\t\n\t  <style> \n\t\t  @media only screen and (min-width: 970px) {\n\t\t\t #res-header-image-block_170c7e7794534771490674c82dcca3c1.res-header-image .layout-1.header-img-height { height: 40vh;}  \n\t\t\t #res-header-image-block_170c7e7794534771490674c82dcca3c1.res-header-image .layout-1 .res-header-image-vertical-center { top: 66%;} \n\t\t\t  \t\t\t  \n\t\t\t\n          \t\t  }\n\n\n\t\t  @media only screen and (max-width: 970px) {\n\n                      #res-header-image-block_170c7e7794534771490674c82dcca3c1.res-header-image .layout-1.header-img-height { height: 45vh;}\n          \n                      #res-header-image-block_170c7e7794534771490674c82dcca3c1.res-header-image .layout-1.header-img-mobile { height: 45vh;}\n          \n\t\t\t\n            \n\t\t\t  #res-header-image-block_170c7e7794534771490674c82dcca3c1.res-header-image .layout-1 .res-header-image-vertical-center { top: 55%;}  \n\t\t\t  \t\t  }\n\t\t            \n                 #res-header-image-block_170c7e7794534771490674c82dcca3c1.res-header-image .layout-1 .header-img-bg-opacity {\n                     opacity: 1;\n                }\n           \n\t  <\/style>\n\n        <div class=\"layout-1 jarallax header-img-height header-img-desktop\"\n             data-speed=\"0.6\"\n             style=\"background-color: #000;\">\n\n\t\t\t        <div class=\"res-header-image-vertical-center\">\n            <div class=\"container-fluid\">\n\n\t\t\t\t                    <div class=\"sloganBox\">\n                        <div class=\"row\">\n                            <div class=\"col col-md-8 text-left\">\n                                <div class=\"slogan-txt \" data-aos=\"res-leftIncoming\">\n\n\t\t\t\t\t\t\t\t\t\n\t\t\t\t\t\t\t\t\t\n\t\t\t\t\t\t\t\t\t\n\t\t\t\t\t\t\t\t\t\n\t\t\t\t\t\t\t\t\t\n                                <\/div>\n                            <\/div>\n                        <\/div>\n                    <\/div>\n\t\t\t\t\n            <\/div>\n        <\/div>\n\t\t<img loading=\"lazy\" decoding=\"async\" width=\"1920\" height=\"1080\" src=\"https:\/\/ebblo.com\/wp-content\/uploads\/2026\/01\/ebblo-header-tram-1-1920x1080.jpg\" class=\"jarallax-img img-fluid header-img-bg-opacity\" alt=\"\" \/>\n\t\t\t\n        <\/div>\n\n\t\t\n\n       \n\n\t\t<\/div>\n\t<\/div>\n<\/section>\n\n\n\n \n\n\n\n\n<section id=\"res-link-anker-block_d14bf99220bcf88664ba8e9dd3679f02\" class=\"linkanker-section\">\n<div  class=\"res-block res-link-anker alignfull style-standard py-2  Brand-Color \" style=\"\">\n\n  <div class=\"inner-container container-wide\" data-aos=\"res-fadeIn\">\n\t  \n\t  \t\t<div class=\"breadcrumbs\"><nav class=\"breadcrumb\" data-aos=\"res-fadeIn\"><span class=\"breadcrumb-item\">Home<\/span> <i class=\"fa-solid fa-angle-right mx-1 font-weight-normal\"><\/i> <\/nav><\/div>\n\t\t  \n\t\n\n      \n\n\n\n\n\n\n\t\t\n  \n\n\t<\/div>\n  <\/div>\n<\/section>\n\n\n\n<section id=\"res-text-bild-block_cf838e03f5ee5c770f859ad458c71e50\" class=\"res-block res-text-bild alignwide style-03 layout01 py-4  Transparent\" style=\"background: transparent;\">\n  <div class=\"inner-container container-off \" data-aos=\"res-fadeIn\">\n\n\t\t\t  <style>\n\t\t\t @media only screen and (min-width: 970px) {\n\t\t\t  #res-text-bild-block_cf838e03f5ee5c770f859ad458c71e50.res-text-bild .layout-1 .txt-imagebox.offset-md-1 {margin-left: 5%;}\n\t\t\t  #res-text-bild-block_cf838e03f5ee5c770f859ad458c71e50.res-text-bild .layout-1 .txt-teaser-2spalten01.spalten-abstand {padding-right: %;}\n\t\t\t  #res-text-bild-block_cf838e03f5ee5c770f859ad458c71e50.res-text-bild .layout-1 .txt-box.offset-md-1 {margin-left: 5%;}\n\t\t\t\t\t\t\t}\n\t\t\t \n\t\t  <\/style>\n\n\n        <div class=\"layout-1 row  \">\n\t\t\t<div class=\"col-md-8 txt-box  \">\n\t\t\t\t<div class=\"txt-title-field\">\n\t\t\t\t\t\t\t\t\t\t   <h1 class=\"title-h1 \">ebblo ist Teil von Modaxo<\/h1>\n\t\t\t\t\t\n\t\t\t\t\t\t\t\t\t\t   <h2 class=\"title-h2 \">#WeAreModaxo<\/h2>\n\t\t\t\t\t\n\t\t\t\t\t\t\t\t\t<\/div>\n\t\t\t <div class=\"txt-text postContent pt-2 pt-md-2 \">\n\n\t\t\t\t\t\t\t\t\t\t \t\t\t\t\t\t  <p>Wir sind Modaxo \u2013 ein globaler Zusammenschluss von Technologieunternehmen, die sich leidenschaftlich daf\u00fcr einsetzen, die Menschen weltweit zu bewegen.<\/p>\n\t\t\t\t\t\t\t\t\t\t\t\n\t\t\t\t\n\t\t\t\t\t \n\t\t\t\t\t\n\t\t\t\t<\/div>\n\n\n\t\t\t<\/div>\n\n\t\t\t<div class=\"col-md mb-2 mt-md-1 txt-imagebox  offset-md-1 \">\n\n\t\t\t\t\t\t\t<\/div>\n\n\t\n\t<\/div>\n<\/section>\n\n\n\n\n\n<section id=\"res-text-bild-block_46de09a7f7b537dc296e9a2eaf6311c9\" class=\"res-block res-text-bild alignfull style-standard layout01 py-4  Grau\" style=\"background-color: #f4f4f4;\">\n  <div class=\"inner-container container-wide \" data-aos=\"res-downIncomingMore\">\n\n\t\t\t  <style>\n\t\t\t @media only screen and (min-width: 970px) {\n\t\t\t  #res-text-bild-block_46de09a7f7b537dc296e9a2eaf6311c9.res-text-bild .layout-1 .txt-imagebox.offset-md-1 {margin-left: 8%;}\n\t\t\t  #res-text-bild-block_46de09a7f7b537dc296e9a2eaf6311c9.res-text-bild .layout-1 .txt-teaser-2spalten01.spalten-abstand {padding-right: %;}\n\t\t\t  #res-text-bild-block_46de09a7f7b537dc296e9a2eaf6311c9.res-text-bild .layout-1 .txt-box.offset-md-1 {margin-left: 8%;}\n\t\t\t\t\t\t\t}\n\t\t\t \n\t\t  <\/style>\n\n\n        <div class=\"layout-1 row  \">\n\t\t\t<div class=\"col-md-6 txt-box  \">\n\t\t\t\t<div class=\"txt-title-field\">\n\t\t\t\t\t\n\t\t\t\t\t\t\t\t\t\t   <h2 class=\"title-h2 \">Die Modaxo-Familie: Unsere Unternehmen<\/h2>\n\t\t\t\t\t\n\t\t\t\t\t\t\t\t\t<\/div>\n\t\t\t <div class=\"txt-text postContent pt-2 pt-md-2 \">\n\n\t\t\t\t\t\t\t\t\t\t \t\t\t\t\t\t  <p>Modaxo \u00fcbernimmt, st\u00e4rkt und f\u00f6rdert das Wachstum von Technologieunternehmen, die die t\u00e4gliche Mobilit\u00e4t von Menschen erm\u00f6glichen \u2013 und wir verkaufen sie niemals weiter.<\/p>\n<p>Die Modaxo-Unternehmen bieten technologische L\u00f6sungen f\u00fcr alle Aspekte der Mobilit\u00e4t im Alltag. Obwohl jedes Unternehmen einzigartig ist, verfolgen sie alle ein gemeinsames Ziel: Menschen dabei zu helfen, sich effizient und sicher in ihrer Umgebung fortzubewegen.<\/p>\n<p>Gemeinsam liefern wir innovative, kundenorientierte L\u00f6sungen \u2013 angetrieben von engagierten Menschen, die die Bedeutung von Mobilit\u00e4t verstehen. Wir glauben an zielgerichtete Innovation, sinnvolle Arbeit und langfristige Entwicklungsm\u00f6glichkeiten.<\/p>\n\t\t\t\t\t\t\t\t\t\t\t\n\t\t\t\t\n\t\t\t\t\t \t\t\t\t\t\t\t\t\t\t\t\t\t<a class=\"btn  btn-primary  \" href=\"https:\/\/modaxo.com\/de\/unsere-marken\/\" target=\"_blank\">Alle Unternehmen ansehen<\/a>\n\t\t\t\t\t\t\t\t\t\t\t\n\t\t\t\t\t\n\t\t\t\t<\/div>\n\n\n\t\t\t<\/div>\n\n\t\t\t<div class=\"col-md mb-2 mt-md-1 txt-imagebox  offset-md-1 \">\n\n\t\t\t\t\t\t\t\t\t\t<img loading=\"lazy\" decoding=\"async\" width=\"540\" height=\"185\" src=\"https:\/\/ebblo.com\/wp-content\/uploads\/2026\/01\/Modaxo-Logo.webp\" class=\"img-fluid w-100 txt-img\" alt=\"\" \/>\t\t\t\t\t\t\t<\/div>\n\n\t\n\t<\/div>\n<\/section>\n\n\n\n\n\n\n<section id=\"res-txt-block_938d37b4b5ab66964c16bd870f58b7e3\" class=\"res-block res-txt style-standard layout01 pt-4  Transparent\" style=\"background: transparent;\">\n  <div class=\"inner-container container-off \" data-aos=\"res-fadeIn\">\n \n\t\t  \n\t\t \t  \n      \n      <div class=\"layout-1 txt-section\">\n\t\t<div class=\"row\">\t\n\t\t\t\n\t\t\n\t\t\t<div class=\"col-md-12 var-1spalten text-left\">\n\t\t\t\t\n\t\t\t\t<div class=\"txt-title-field\">\n\t\n\t\t\t\t\t\n\t\t\n\t\t\t\t  \n\t\t\t\t   <h2 class=\"title-h2 \">Modaxo in Zahlen<\/h2>\n\t\t\t\t\n\t\t\t\t\t\n\t\t\t\t\t \n\t\t\t\t\t<\/div>\n\n\t\t\t\t\n                \n\t\t\t\t\t            <\/div>\n\t\t\t\t <\/div> \t\n\t\t<\/div>\n\t \n\t  \n \n \n\t<\/div>\n<\/section>\n\n\n\n\n<style>\n    \t\n \n<\/style>\n\n<section id=\"res-zahlen-ticker-block_8b6ba2e16bb089095460e8031351065d\"\n         class=\"res-block res-zahlen-ticker zahlen-ticker-section style-standard pt-3  Transparent \"\n         style=\"background: transparent;\">\n    <div class=\"inner-container container-off\" data-aos=\"res-fadeIn\">\n\n\t\t\t\n            <div class=\"row row-cols-1 row-cols-md-4 text-center zahlen-ticker-spalten\">\n\t\t\t\t\t\t\t\t\n<style>\n\t.res-zahlen-ticker .count-number-1::after {\n\t\tcontent: \" +\";\n\t}\n<\/style>\n\t\t\t\t\n                        <div class=\"counter col-md \">\n<h2 class=\"timer count-title count-number count-number-1\"\n    data-from=\"0\"\n    data-to=\"33\"\n    data-speed=\"2500\"><\/h2>\n                            <p class=\"count-text\">\n\t\t\t\t\t\t\t\tMarken                            <\/p>\n                        <\/div>\n\t\t\t\t\t\t\t\t\t\n<style>\n\t.res-zahlen-ticker .count-number-2::after {\n\t\tcontent: \" +\";\n\t}\n<\/style>\n\t\t\t\t\n                        <div class=\"counter col-md \">\n<h2 class=\"timer count-title count-number count-number-2\"\n    data-from=\"0\"\n    data-to=\"35\"\n    data-speed=\"2500\"><\/h2>\n                            <p class=\"count-text\">\n\t\t\t\t\t\t\t\tL\u00e4nder                            <\/p>\n                        <\/div>\n\t\t\t\t\t\t\t\t\t\n<style>\n\t.res-zahlen-ticker .count-number-3::after {\n\t\tcontent: \" +\";\n\t}\n<\/style>\n\t\t\t\t\n                        <div class=\"counter col-md \">\n<h2 class=\"timer count-title count-number count-number-3\"\n    data-from=\"0\"\n    data-to=\"3300\"\n    data-speed=\"2500\"><\/h2>\n                            <p class=\"count-text\">\n\t\t\t\t\t\t\t\tMitarbeitende                            <\/p>\n                        <\/div>\n\t\t\t\t\t\t\t\t\t\n<style>\n\t.res-zahlen-ticker .count-number-4::after {\n\t\tcontent: \" +\";\n\t}\n<\/style>\n\t\t\t\t\n                        <div class=\"counter col-md \">\n<h2 class=\"timer count-title count-number count-number-4\"\n    data-from=\"0\"\n    data-to=\"3500\"\n    data-speed=\"2500\"><\/h2>\n                            <p class=\"count-text\">\n\t\t\t\t\t\t\t\tKunden                            <\/p>\n                        <\/div>\n\t\t\t\t\t            <\/div>\n\n    <\/div>\n<\/section>\n\n\n \n\n\n\n\n<section id=\"res-link-anker-block_17b48ee4f36981376975be5737603518\" class=\"linkanker-section\">\n<div  class=\"res-block res-link-anker style-standard pb-4  Transparent \" style=\"background: transparent;\">\n\n  <div class=\"inner-container container-off\" data-aos=\"res-fadeIn\">\n\t  \n\t  \t  \n\t\n\n      \n\n\n\n\n\n\n\t\t\n  \n\n\t<\/div>\n  <\/div>\n<\/section>\n\n\n\n<section id=\"res-text-bild-block_51e7e91b0ed7af77e92035143074bec6\" class=\"res-block res-text-bild alignfull style-standard layout01 py-4  Grau\" style=\"background-color: #f4f4f4;\">\n  <div class=\"inner-container container-wide \" data-aos=\"res-downIncomingMore\">\n\n\t\t\t  <style>\n\t\t\t @media only screen and (min-width: 970px) {\n\t\t\t  #res-text-bild-block_51e7e91b0ed7af77e92035143074bec6.res-text-bild .layout-1 .txt-imagebox.offset-md-1 {margin-left: 8%;}\n\t\t\t  #res-text-bild-block_51e7e91b0ed7af77e92035143074bec6.res-text-bild .layout-1 .txt-teaser-2spalten01.spalten-abstand {padding-right: %;}\n\t\t\t  #res-text-bild-block_51e7e91b0ed7af77e92035143074bec6.res-text-bild .layout-1 .txt-box.offset-md-1 {margin-left: 8%;}\n\t\t\t\t\t\t\t}\n\t\t\t \n\t\t  <\/style>\n\n\n        <div class=\"layout-1 row flex-row-reverse \">\n\t\t\t<div class=\"col-md-6 txt-box teaser-img-center-height offset-md-1\">\n\t\t\t\t<div class=\"txt-title-field\">\n\t\t\t\t\t\n\t\t\t\t\t\t\t\t\t\t   <h2 class=\"title-h2 \">Was uns besonders macht<\/h2>\n\t\t\t\t\t\n\t\t\t\t\t\t\t\t\t<\/div>\n\t\t\t <div class=\"txt-text postContent pt-2 pt-md-2 \">\n\n\t\t\t\t\t\t\t\t\t\t \t\t\t\t\t\t  <p>Wir verbinden weltweite Erfahrungen und bew\u00e4hrte Verfahren mit fundierten lokalen Kenntnissen und Fachwissen. Unsere Teams entwickeln L\u00f6sungen, die genau auf die regionalen Bed\u00fcrfnisse zugeschnitten sind, unterst\u00fctzt durch ein globales Netzwerk, das Wissen teilt und Innovationen vorantreibt. Global denken, lokal handeln \u2013 und das mit Leidenschaft.<\/p>\n<h3><strong>Modaxo ist mehr als nur ein Name \u2013 es ist eine Vision.<\/strong><\/h3>\n<p>Gemeinsam verbinden wir Menschen, st\u00e4rken Unternehmen und gestalten die Zukunft der Mobilit\u00e4t.<\/p>\n\t\t\t\t\t\t\t\t\t\t\t\n\t\t\t\t\n\t\t\t\t\t \n\t\t\t\t\t\n\t\t\t\t<\/div>\n\n\n\t\t\t<\/div>\n\n\t\t\t<div class=\"col-md mb-2 mt-md-1 txt-imagebox teaser-img-center-height  \">\n\n\t\t\t\t\t\t\t\t\t\t<img loading=\"lazy\" decoding=\"async\" width=\"800\" height=\"800\" src=\"https:\/\/ebblo.com\/wp-content\/uploads\/2026\/02\/ebblo-wearemodaxo-tram-blue-800x800.jpg\" class=\"img-fluid w-100 txt-img\" alt=\"Eine Strassenbahn\" srcset=\"https:\/\/ebblo.com\/wp-content\/uploads\/2026\/02\/ebblo-wearemodaxo-tram-blue-800x800.jpg 800w, https:\/\/ebblo.com\/wp-content\/uploads\/2026\/02\/ebblo-wearemodaxo-tram-blue-480x480.jpg 480w\" sizes=\"auto, (max-width: 800px) 100vw, 800px\" \/>\t\t\t\t\t\t\t<\/div>\n\n\t\n\t<\/div>\n<\/section>\n\n\n\n\n\n\n<section id=\"res-txt-block_4758254da257f6e2fd63f1b7a94056be\" class=\"res-block res-txt alignfull style-02 layout01 py-4  Gruen\" style=\"background-color: #099F81;\">\n  <div class=\"inner-container container-wide headline-title\" data-aos=\"res-downIncomingMore\">\n \n\t\t  \n\t\t \t  \n      \n      <div class=\"layout-1 txt-section\">\n\t\t<div class=\"row\">\t\n\t\t\t\n\t\t\n\t\t\t<div class=\"col-md-7 var-1spalten text-left\">\n\t\t\t\t\n\t\t\t\t<div class=\"txt-title-field\">\n\t\n\t\t\t\t\t\n\t\t\n\t\t\t\t  \n\t\t\t\t   <h2 class=\"title-h2 \">Weitere Informationen finden Sie unter<\/h2>\n\t\t\t\t\n\t\t\t\t\t\n\t\t\t\t\t \n\t\t\t\t\t<\/div>\n\n\t\t\t\t\n                \t\t\t\t\t <div class=\"txt-textfield-btns pt-2 text-left \">\n\t\t\t\t\t\t\t\t\t\t\t\t\t\t\t<a class=\"btn  btn-primary \" href=\"https:\/\/modaxo.com\/de\/\" target=\"_blank\">modaxo.com<\/a>\n                                \t\t\t\t\t\t\t\t\t\t\t\t<\/div>\n                \n\t\t\t\t\t            <\/div>\n\t\t\t\t <\/div> \t\n\t\t<\/div>\n\t \n\t  \n \n \n\t<\/div>\n<\/section>\n\n","protected":false},"excerpt":{"rendered":"","protected":false},"author":1,"featured_media":4824,"parent":3430,"menu_order":0,"comment_status":"closed","ping_status":"closed","template":"","meta":{"_acf_changed":false,"footnotes":""},"class_list":["post-3384","page","type-page","status-publish","has-post-thumbnail","hentry"],"acf":[],"_links":{"self":[{"href":"https:\/\/ebblo.com\/de\/wp-json\/wp\/v2\/pages\/3384","targetHints":{"allow":["GET"]}}],"collection":[{"href":"https:\/\/ebblo.com\/de\/wp-json\/wp\/v2\/pages"}],"about":[{"href":"https:\/\/ebblo.com\/de\/wp-json\/wp\/v2\/types\/page"}],"author":[{"embeddable":true,"href":"https:\/\/ebblo.com\/de\/wp-json\/wp\/v2\/users\/1"}],"replies":[{"embeddable":true,"href":"https:\/\/ebblo.com\/de\/wp-json\/wp\/v2\/comments?post=3384"}],"version-history":[{"count":50,"href":"https:\/\/ebblo.com\/de\/wp-json\/wp\/v2\/pages\/3384\/revisions"}],"predecessor-version":[{"id":10411,"href":"https:\/\/ebblo.com\/de\/wp-json\/wp\/v2\/pages\/3384\/revisions\/10411"}],"up":[{"embeddable":true,"href":"https:\/\/ebblo.com\/de\/wp-json\/wp\/v2\/pages\/3430"}],"wp:featuredmedia":[{"embeddable":true,"href":"https:\/\/ebblo.com\/de\/wp-json\/wp\/v2\/media\/4824"}],"wp:attachment":[{"href":"https:\/\/ebblo.com\/de\/wp-json\/wp\/v2\/media?parent=3384"}],"curies":[{"name":"wp","href":"https:\/\/api.w.org\/{rel}","templated":true}]}}